{"id":801,"date":"2021-09-03T22:08:52","date_gmt":"2021-09-03T22:08:52","guid":{"rendered":"https:\/\/karavansay.com\/?post_type=product&#038;p=801"},"modified":"2026-04-08T19:51:23","modified_gmt":"2026-04-08T19:51:23","slug":"hojuela-de-avena-x-454g","status":"publish","type":"product","link":"https:\/\/karavansay.com\/en\/producto\/hojuela-de-avena-x-454g\/","title":{"rendered":"Hojuelas de Avena x 454g"},"content":{"rendered":"<p>Avena en hojuelas de alta calidad, seleccionada y procesada para asegurar un producto limpio y funcional. Gracias a que conserva el grano entero y es precocida, permite una preparaci\u00f3n r\u00e1pida sin perder su textura caracter\u00edstica. Es el ingrediente perfecto para desayunos saciantes, reposter\u00eda casera y batidos, ofreciendo versatilidad y frescura en cada porci\u00f3n.<\/p>\n","protected":false},"excerpt":{"rendered":"<p>Las <b data-path-to-node=\"1\" data-index-in-node=\"4\">Hojuelas de avena Karavansay<\/b> son una opci\u00f3n vers\u00e1til y funcional para quienes buscan un ingrediente puro en su alimentaci\u00f3n diaria. Al ser procesadas bajo estrictos controles para evitar la contaminaci\u00f3n cruzada, estas hojuelas conservan la integridad del grano entero, ofreciendo una textura firme y un sabor neutro que se adapta a m\u00faltiples recetas. Son ideales para quienes requieren energ\u00eda constante y practicidad en la cocina, ya que vienen precocidas y listas para consumir, garantizando una cocci\u00f3n uniforme tanto en preparaciones dulces como saladas.<\/p>\n","protected":false},"featured_media":14872,"comment_status":"closed","ping_status":"closed","template":"","meta":{"_acf_changed":false,"content-type":"","inline_featured_image":false,"neve_meta_sidebar":"","neve_meta_container":"","neve_meta_enable_content_width":"off","neve_meta_content_width":100,"neve_meta_title_alignment":"","neve_meta_author_avatar":"","neve_post_elements_order":"","neve_meta_disable_header":"","neve_meta_disable_footer":"","neve_meta_disable_title":""},"product_brand":[],"product_cat":[19],"product_tag":[],"class_list":{"0":"post-801","1":"product","2":"type-product","3":"status-publish","4":"has-post-thumbnail","6":"product_cat-harinas-y-hojuelas","8":"first","9":"instock","10":"taxable","11":"shipping-taxable","12":"purchasable","13":"product-type-simple"},"acf":[],"yoast_head":"<!-- This site is optimized with the Yoast SEO plugin v27.6 - https:\/\/yoast.com\/product\/yoast-seo-wordpress\/ -->\n<title>Hojuelas de Avena x 454g - Karavansay \/ Natural and Healthy Foods<\/title>\n<meta name=\"description\" content=\"Hojuelas-de-avena-sin-gluten. Certificada, sin contaminaci\u00f3n cruzada, rica en fibra, hierro. Ideal para desayunos, batidos y recetas caseras.\" \/>\n<meta name=\"robots\" content=\"index, follow, max-snippet:-1, max-image-preview:large, max-video-preview:-1\" \/>\n<link rel=\"canonical\" href=\"https:\/\/karavansay.com\/en\/producto\/hojuela-de-avena-x-454g\/\" \/>\n<meta property=\"og:locale\" content=\"en_US\" \/>\n<meta property=\"og:type\" content=\"article\" \/>\n<meta property=\"og:title\" content=\"Hojuelas de Avena x 454g - Karavansay \/ Natural and Healthy Foods\" \/>\n<meta property=\"og:description\" content=\"Hojuelas-de-avena-sin-gluten. Certificada, sin contaminaci\u00f3n cruzada, rica en fibra, hierro. Ideal para desayunos, batidos y recetas caseras.\" \/>\n<meta property=\"og:url\" content=\"https:\/\/karavansay.com\/en\/producto\/hojuela-de-avena-x-454g\/\" \/>\n<meta property=\"og:site_name\" content=\"Karavansay \/ Natural and Healthy Foods\" \/>\n<meta property=\"article:modified_time\" content=\"2026-04-08T19:51:23+00:00\" \/>\n<meta property=\"og:image\" content=\"https:\/\/karavansay.com\/wp-content\/uploads\/2021\/09\/Hojuela-de-avena-7.jpg\" \/>\n\t<meta property=\"og:image:width\" content=\"1000\" \/>\n\t<meta property=\"og:image:height\" content=\"1000\" \/>\n\t<meta property=\"og:image:type\" content=\"image\/jpeg\" \/>\n<meta name=\"twitter:card\" content=\"summary_large_image\" \/>\n<meta name=\"twitter:label1\" content=\"Est. reading time\" \/>\n\t<meta name=\"twitter:data1\" content=\"1 minute\" \/>\n<script type=\"application\/ld+json\" class=\"yoast-schema-graph\">{\"@context\":\"https:\\\/\\\/schema.org\",\"@graph\":[{\"@type\":\"WebPage\",\"@id\":\"https:\\\/\\\/karavansay.com\\\/en\\\/producto\\\/hojuela-de-avena-x-454g\\\/\",\"url\":\"https:\\\/\\\/karavansay.com\\\/en\\\/producto\\\/hojuela-de-avena-x-454g\\\/\",\"name\":\"Hojuelas de Avena x 454g - Karavansay \\\/ Natural and Healthy Foods\",\"isPartOf\":{\"@id\":\"https:\\\/\\\/karavansay.com\\\/en\\\/#website\"},\"primaryImageOfPage\":{\"@id\":\"https:\\\/\\\/karavansay.com\\\/en\\\/producto\\\/hojuela-de-avena-x-454g\\\/#primaryimage\"},\"image\":{\"@id\":\"https:\\\/\\\/karavansay.com\\\/en\\\/producto\\\/hojuela-de-avena-x-454g\\\/#primaryimage\"},\"thumbnailUrl\":\"https:\\\/\\\/karavansay.com\\\/wp-content\\\/uploads\\\/2021\\\/09\\\/Hojuela-de-avena-7.jpg\",\"datePublished\":\"2021-09-03T22:08:52+00:00\",\"dateModified\":\"2026-04-08T19:51:23+00:00\",\"description\":\"Hojuelas-de-avena-sin-gluten. Certificada, sin contaminaci\u00f3n cruzada, rica en fibra, hierro. Ideal para desayunos, batidos y recetas caseras.\",\"breadcrumb\":{\"@id\":\"https:\\\/\\\/karavansay.com\\\/en\\\/producto\\\/hojuela-de-avena-x-454g\\\/#breadcrumb\"},\"inLanguage\":\"en-US\",\"potentialAction\":[{\"@type\":\"ReadAction\",\"target\":[\"https:\\\/\\\/karavansay.com\\\/en\\\/producto\\\/hojuela-de-avena-x-454g\\\/\"]}]},{\"@type\":\"ImageObject\",\"inLanguage\":\"en-US\",\"@id\":\"https:\\\/\\\/karavansay.com\\\/en\\\/producto\\\/hojuela-de-avena-x-454g\\\/#primaryimage\",\"url\":\"https:\\\/\\\/karavansay.com\\\/wp-content\\\/uploads\\\/2021\\\/09\\\/Hojuela-de-avena-7.jpg\",\"contentUrl\":\"https:\\\/\\\/karavansay.com\\\/wp-content\\\/uploads\\\/2021\\\/09\\\/Hojuela-de-avena-7.jpg\",\"width\":1000,\"height\":1000},{\"@type\":\"BreadcrumbList\",\"@id\":\"https:\\\/\\\/karavansay.com\\\/en\\\/producto\\\/hojuela-de-avena-x-454g\\\/#breadcrumb\",\"itemListElement\":[{\"@type\":\"ListItem\",\"position\":1,\"name\":\"Portada\",\"item\":\"https:\\\/\\\/karavansay.com\\\/en\\\/\"},{\"@type\":\"ListItem\",\"position\":2,\"name\":\"Tienda\",\"item\":\"https:\\\/\\\/karavansay.com\\\/tienda-karavansay\\\/\"},{\"@type\":\"ListItem\",\"position\":3,\"name\":\"Hojuelas de Avena x 454g\"}]},{\"@type\":\"WebSite\",\"@id\":\"https:\\\/\\\/karavansay.com\\\/en\\\/#website\",\"url\":\"https:\\\/\\\/karavansay.com\\\/en\\\/\",\"name\":\"Karavansay \\\/ Natural and Healthy Foods\",\"description\":\"Alimentos naturales y libres de gluten\",\"publisher\":{\"@id\":\"https:\\\/\\\/karavansay.com\\\/en\\\/#organization\"},\"potentialAction\":[{\"@type\":\"SearchAction\",\"target\":{\"@type\":\"EntryPoint\",\"urlTemplate\":\"https:\\\/\\\/karavansay.com\\\/en\\\/?s={search_term_string}\"},\"query-input\":{\"@type\":\"PropertyValueSpecification\",\"valueRequired\":true,\"valueName\":\"search_term_string\"}}],\"inLanguage\":\"en-US\"},{\"@type\":\"Organization\",\"@id\":\"https:\\\/\\\/karavansay.com\\\/en\\\/#organization\",\"name\":\"Karavansay\",\"url\":\"https:\\\/\\\/karavansay.com\\\/en\\\/\",\"logo\":{\"@type\":\"ImageObject\",\"inLanguage\":\"en-US\",\"@id\":\"https:\\\/\\\/karavansay.com\\\/en\\\/#\\\/schema\\\/logo\\\/image\\\/\",\"url\":\"https:\\\/\\\/karavansay.com\\\/wp-content\\\/uploads\\\/2022\\\/04\\\/logo.webp\",\"contentUrl\":\"https:\\\/\\\/karavansay.com\\\/wp-content\\\/uploads\\\/2022\\\/04\\\/logo.webp\",\"width\":342,\"height\":342,\"caption\":\"Karavansay\"},\"image\":{\"@id\":\"https:\\\/\\\/karavansay.com\\\/en\\\/#\\\/schema\\\/logo\\\/image\\\/\"}}]}<\/script>\n<!-- \/ Yoast SEO plugin. -->","yoast_head_json":{"title":"Hojuelas de Avena x 454g - Karavansay \/ Natural and Healthy Foods","description":"Hojuelas-de-avena-sin-gluten. Certificada, sin contaminaci\u00f3n cruzada, rica en fibra, hierro. Ideal para desayunos, batidos y recetas caseras.","robots":{"index":"index","follow":"follow","max-snippet":"max-snippet:-1","max-image-preview":"max-image-preview:large","max-video-preview":"max-video-preview:-1"},"canonical":"https:\/\/karavansay.com\/en\/producto\/hojuela-de-avena-x-454g\/","og_locale":"en_US","og_type":"article","og_title":"Hojuelas de Avena x 454g - Karavansay \/ Natural and Healthy Foods","og_description":"Hojuelas-de-avena-sin-gluten. Certificada, sin contaminaci\u00f3n cruzada, rica en fibra, hierro. Ideal para desayunos, batidos y recetas caseras.","og_url":"https:\/\/karavansay.com\/en\/producto\/hojuela-de-avena-x-454g\/","og_site_name":"Karavansay \/ Natural and Healthy Foods","article_modified_time":"2026-04-08T19:51:23+00:00","og_image":[{"width":1000,"height":1000,"url":"https:\/\/karavansay.com\/wp-content\/uploads\/2021\/09\/Hojuela-de-avena-7.jpg","type":"image\/jpeg"}],"twitter_card":"summary_large_image","twitter_misc":{"Est. reading time":"1 minute"},"schema":{"@context":"https:\/\/schema.org","@graph":[{"@type":"WebPage","@id":"https:\/\/karavansay.com\/en\/producto\/hojuela-de-avena-x-454g\/","url":"https:\/\/karavansay.com\/en\/producto\/hojuela-de-avena-x-454g\/","name":"Hojuelas de Avena x 454g - Karavansay \/ Natural and Healthy Foods","isPartOf":{"@id":"https:\/\/karavansay.com\/en\/#website"},"primaryImageOfPage":{"@id":"https:\/\/karavansay.com\/en\/producto\/hojuela-de-avena-x-454g\/#primaryimage"},"image":{"@id":"https:\/\/karavansay.com\/en\/producto\/hojuela-de-avena-x-454g\/#primaryimage"},"thumbnailUrl":"https:\/\/karavansay.com\/wp-content\/uploads\/2021\/09\/Hojuela-de-avena-7.jpg","datePublished":"2021-09-03T22:08:52+00:00","dateModified":"2026-04-08T19:51:23+00:00","description":"Hojuelas-de-avena-sin-gluten. Certificada, sin contaminaci\u00f3n cruzada, rica en fibra, hierro. Ideal para desayunos, batidos y recetas caseras.","breadcrumb":{"@id":"https:\/\/karavansay.com\/en\/producto\/hojuela-de-avena-x-454g\/#breadcrumb"},"inLanguage":"en-US","potentialAction":[{"@type":"ReadAction","target":["https:\/\/karavansay.com\/en\/producto\/hojuela-de-avena-x-454g\/"]}]},{"@type":"ImageObject","inLanguage":"en-US","@id":"https:\/\/karavansay.com\/en\/producto\/hojuela-de-avena-x-454g\/#primaryimage","url":"https:\/\/karavansay.com\/wp-content\/uploads\/2021\/09\/Hojuela-de-avena-7.jpg","contentUrl":"https:\/\/karavansay.com\/wp-content\/uploads\/2021\/09\/Hojuela-de-avena-7.jpg","width":1000,"height":1000},{"@type":"BreadcrumbList","@id":"https:\/\/karavansay.com\/en\/producto\/hojuela-de-avena-x-454g\/#breadcrumb","itemListElement":[{"@type":"ListItem","position":1,"name":"Portada","item":"https:\/\/karavansay.com\/en\/"},{"@type":"ListItem","position":2,"name":"Tienda","item":"https:\/\/karavansay.com\/tienda-karavansay\/"},{"@type":"ListItem","position":3,"name":"Hojuelas de Avena x 454g"}]},{"@type":"WebSite","@id":"https:\/\/karavansay.com\/en\/#website","url":"https:\/\/karavansay.com\/en\/","name":"Karavansay \/ Natural and Healthy Foods","description":"Alimentos naturales y libres de gluten","publisher":{"@id":"https:\/\/karavansay.com\/en\/#organization"},"potentialAction":[{"@type":"SearchAction","target":{"@type":"EntryPoint","urlTemplate":"https:\/\/karavansay.com\/en\/?s={search_term_string}"},"query-input":{"@type":"PropertyValueSpecification","valueRequired":true,"valueName":"search_term_string"}}],"inLanguage":"en-US"},{"@type":"Organization","@id":"https:\/\/karavansay.com\/en\/#organization","name":"Karavansay","url":"https:\/\/karavansay.com\/en\/","logo":{"@type":"ImageObject","inLanguage":"en-US","@id":"https:\/\/karavansay.com\/en\/#\/schema\/logo\/image\/","url":"https:\/\/karavansay.com\/wp-content\/uploads\/2022\/04\/logo.webp","contentUrl":"https:\/\/karavansay.com\/wp-content\/uploads\/2022\/04\/logo.webp","width":342,"height":342,"caption":"Karavansay"},"image":{"@id":"https:\/\/karavansay.com\/en\/#\/schema\/logo\/image\/"}}]}},"_links":{"self":[{"href":"https:\/\/karavansay.com\/en\/wp-json\/wp\/v2\/product\/801","targetHints":{"allow":["GET"]}}],"collection":[{"href":"https:\/\/karavansay.com\/en\/wp-json\/wp\/v2\/product"}],"about":[{"href":"https:\/\/karavansay.com\/en\/wp-json\/wp\/v2\/types\/product"}],"replies":[{"embeddable":true,"href":"https:\/\/karavansay.com\/en\/wp-json\/wp\/v2\/comments?post=801"}],"wp:featuredmedia":[{"embeddable":true,"href":"https:\/\/karavansay.com\/en\/wp-json\/wp\/v2\/media\/14872"}],"wp:attachment":[{"href":"https:\/\/karavansay.com\/en\/wp-json\/wp\/v2\/media?parent=801"}],"wp:term":[{"taxonomy":"product_brand","embeddable":true,"href":"https:\/\/karavansay.com\/en\/wp-json\/wp\/v2\/product_brand?post=801"},{"taxonomy":"product_cat","embeddable":true,"href":"https:\/\/karavansay.com\/en\/wp-json\/wp\/v2\/product_cat?post=801"},{"taxonomy":"product_tag","embeddable":true,"href":"https:\/\/karavansay.com\/en\/wp-json\/wp\/v2\/product_tag?post=801"}],"curies":[{"name":"wp","href":"https:\/\/api.w.org\/{rel}","templated":true}]}}