{"id":789,"date":"2021-09-03T22:08:46","date_gmt":"2021-09-03T22:08:46","guid":{"rendered":"https:\/\/karavansay.com\/?post_type=product&#038;p=789"},"modified":"2026-04-09T13:07:50","modified_gmt":"2026-04-09T13:07:50","slug":"linaza-molida-x500g","status":"publish","type":"product","link":"https:\/\/karavansay.com\/en\/producto\/linaza-molida-x500g\/","title":{"rendered":"Linaza Molida x 500G"},"content":{"rendered":"<p data-path-to-node=\"5\">Este producto consiste en semillas finamente molidas que permiten una mejor absorci\u00f3n de sus componentes naturales como la fibra y los \u00e1cidos grasos esenciales. Su textura lista para mezclar es perfecta para enriquecer desayunos y preparaciones horneadas de forma pr\u00e1ctica, asegurando frescura y calidad en un formato f\u00e1cil de digerir para toda la familia.<\/p>\n","protected":false},"excerpt":{"rendered":"<p>La <b data-path-to-node=\"2\" data-index-in-node=\"3\">linaza molida Karavansay<\/b> es un producto natural elaborado a partir de semillas finamente procesadas para facilitar la asimilaci\u00f3n de sus nutrientes por parte del organismo de manera efectiva. Gracias a su textura suave y granulometr\u00eda fina esta presentaci\u00f3n permite aprovechar al m\u00e1ximo su contenido de fibra, prote\u00ednas y minerales esenciales en cada consumo. Su sabor neutro y versatilidad la convierten en el ingrediente ideal para integrar f\u00e1cilmente en recetas del d\u00eda a d\u00eda como batidos, panes o mezclas caseras aportando un valor nutricional superior sin alterar el sabor de tus preparaciones preferidas.<\/p>\n","protected":false},"featured_media":14875,"comment_status":"open","ping_status":"closed","template":"","meta":{"_acf_changed":false,"content-type":"","inline_featured_image":false,"neve_meta_sidebar":"","neve_meta_container":"","neve_meta_enable_content_width":"off","neve_meta_content_width":100,"neve_meta_title_alignment":"","neve_meta_author_avatar":"","neve_post_elements_order":"","neve_meta_disable_header":"","neve_meta_disable_footer":"","neve_meta_disable_title":""},"product_brand":[],"product_cat":[19],"product_tag":[],"class_list":{"0":"post-789","1":"product","2":"type-product","3":"status-publish","4":"has-post-thumbnail","6":"product_cat-harinas-y-hojuelas","8":"first","9":"instock","10":"taxable","11":"shipping-taxable","12":"purchasable","13":"product-type-simple"},"acf":[],"yoast_head":"<!-- This site is optimized with the Yoast SEO plugin v27.6 - https:\/\/yoast.com\/product\/yoast-seo-wordpress\/ -->\n<title>Linaza Molida x 500G - Karavansay \/ Natural and Healthy Foods<\/title>\n<meta name=\"description\" content=\"Linaza-molida. 100% natural, sin gluten, rica en fibra, omega 3 y minerales. Ideal para batidos, recetas de reposter\u00eda, arepas.\" \/>\n<meta name=\"robots\" content=\"index, follow, max-snippet:-1, max-image-preview:large, max-video-preview:-1\" \/>\n<link rel=\"canonical\" href=\"https:\/\/karavansay.com\/en\/producto\/linaza-molida-x500g\/\" \/>\n<meta property=\"og:locale\" content=\"en_US\" \/>\n<meta property=\"og:type\" content=\"article\" \/>\n<meta property=\"og:title\" content=\"Linaza Molida x 500G - Karavansay \/ Natural and Healthy Foods\" \/>\n<meta property=\"og:description\" content=\"Linaza-molida. 100% natural, sin gluten, rica en fibra, omega 3 y minerales. Ideal para batidos, recetas de reposter\u00eda, arepas.\" \/>\n<meta property=\"og:url\" content=\"https:\/\/karavansay.com\/en\/producto\/linaza-molida-x500g\/\" \/>\n<meta property=\"og:site_name\" content=\"Karavansay \/ Natural and Healthy Foods\" \/>\n<meta property=\"article:modified_time\" content=\"2026-04-09T13:07:50+00:00\" \/>\n<meta property=\"og:image\" content=\"https:\/\/karavansay.com\/wp-content\/uploads\/2021\/09\/Linaza-molida-dp-6.jpg\" \/>\n\t<meta property=\"og:image:width\" content=\"1000\" \/>\n\t<meta property=\"og:image:height\" content=\"1000\" \/>\n\t<meta property=\"og:image:type\" content=\"image\/jpeg\" \/>\n<meta name=\"twitter:card\" content=\"summary_large_image\" \/>\n<meta name=\"twitter:label1\" content=\"Est. reading time\" \/>\n\t<meta name=\"twitter:data1\" content=\"1 minute\" \/>\n<script type=\"application\/ld+json\" class=\"yoast-schema-graph\">{\"@context\":\"https:\\\/\\\/schema.org\",\"@graph\":[{\"@type\":\"WebPage\",\"@id\":\"https:\\\/\\\/karavansay.com\\\/en\\\/producto\\\/linaza-molida-x500g\\\/\",\"url\":\"https:\\\/\\\/karavansay.com\\\/en\\\/producto\\\/linaza-molida-x500g\\\/\",\"name\":\"Linaza Molida x 500G - Karavansay \\\/ Natural and Healthy Foods\",\"isPartOf\":{\"@id\":\"https:\\\/\\\/karavansay.com\\\/en\\\/#website\"},\"primaryImageOfPage\":{\"@id\":\"https:\\\/\\\/karavansay.com\\\/en\\\/producto\\\/linaza-molida-x500g\\\/#primaryimage\"},\"image\":{\"@id\":\"https:\\\/\\\/karavansay.com\\\/en\\\/producto\\\/linaza-molida-x500g\\\/#primaryimage\"},\"thumbnailUrl\":\"https:\\\/\\\/karavansay.com\\\/wp-content\\\/uploads\\\/2021\\\/09\\\/Linaza-molida-dp-6.jpg\",\"datePublished\":\"2021-09-03T22:08:46+00:00\",\"dateModified\":\"2026-04-09T13:07:50+00:00\",\"description\":\"Linaza-molida. 100% natural, sin gluten, rica en fibra, omega 3 y minerales. Ideal para batidos, recetas de reposter\u00eda, arepas.\",\"breadcrumb\":{\"@id\":\"https:\\\/\\\/karavansay.com\\\/en\\\/producto\\\/linaza-molida-x500g\\\/#breadcrumb\"},\"inLanguage\":\"en-US\",\"potentialAction\":[{\"@type\":\"ReadAction\",\"target\":[\"https:\\\/\\\/karavansay.com\\\/en\\\/producto\\\/linaza-molida-x500g\\\/\"]}]},{\"@type\":\"ImageObject\",\"inLanguage\":\"en-US\",\"@id\":\"https:\\\/\\\/karavansay.com\\\/en\\\/producto\\\/linaza-molida-x500g\\\/#primaryimage\",\"url\":\"https:\\\/\\\/karavansay.com\\\/wp-content\\\/uploads\\\/2021\\\/09\\\/Linaza-molida-dp-6.jpg\",\"contentUrl\":\"https:\\\/\\\/karavansay.com\\\/wp-content\\\/uploads\\\/2021\\\/09\\\/Linaza-molida-dp-6.jpg\",\"width\":1000,\"height\":1000},{\"@type\":\"BreadcrumbList\",\"@id\":\"https:\\\/\\\/karavansay.com\\\/en\\\/producto\\\/linaza-molida-x500g\\\/#breadcrumb\",\"itemListElement\":[{\"@type\":\"ListItem\",\"position\":1,\"name\":\"Portada\",\"item\":\"https:\\\/\\\/karavansay.com\\\/en\\\/\"},{\"@type\":\"ListItem\",\"position\":2,\"name\":\"Tienda\",\"item\":\"https:\\\/\\\/karavansay.com\\\/tienda-karavansay\\\/\"},{\"@type\":\"ListItem\",\"position\":3,\"name\":\"Linaza Molida x 500G\"}]},{\"@type\":\"WebSite\",\"@id\":\"https:\\\/\\\/karavansay.com\\\/en\\\/#website\",\"url\":\"https:\\\/\\\/karavansay.com\\\/en\\\/\",\"name\":\"Karavansay \\\/ Natural and Healthy Foods\",\"description\":\"Alimentos naturales y libres de gluten\",\"publisher\":{\"@id\":\"https:\\\/\\\/karavansay.com\\\/en\\\/#organization\"},\"potentialAction\":[{\"@type\":\"SearchAction\",\"target\":{\"@type\":\"EntryPoint\",\"urlTemplate\":\"https:\\\/\\\/karavansay.com\\\/en\\\/?s={search_term_string}\"},\"query-input\":{\"@type\":\"PropertyValueSpecification\",\"valueRequired\":true,\"valueName\":\"search_term_string\"}}],\"inLanguage\":\"en-US\"},{\"@type\":\"Organization\",\"@id\":\"https:\\\/\\\/karavansay.com\\\/en\\\/#organization\",\"name\":\"Karavansay\",\"url\":\"https:\\\/\\\/karavansay.com\\\/en\\\/\",\"logo\":{\"@type\":\"ImageObject\",\"inLanguage\":\"en-US\",\"@id\":\"https:\\\/\\\/karavansay.com\\\/en\\\/#\\\/schema\\\/logo\\\/image\\\/\",\"url\":\"https:\\\/\\\/karavansay.com\\\/wp-content\\\/uploads\\\/2022\\\/04\\\/logo.webp\",\"contentUrl\":\"https:\\\/\\\/karavansay.com\\\/wp-content\\\/uploads\\\/2022\\\/04\\\/logo.webp\",\"width\":342,\"height\":342,\"caption\":\"Karavansay\"},\"image\":{\"@id\":\"https:\\\/\\\/karavansay.com\\\/en\\\/#\\\/schema\\\/logo\\\/image\\\/\"}}]}<\/script>\n<!-- \/ Yoast SEO plugin. -->","yoast_head_json":{"title":"Linaza Molida x 500G - Karavansay \/ Natural and Healthy Foods","description":"Linaza-molida. 100% natural, sin gluten, rica en fibra, omega 3 y minerales. Ideal para batidos, recetas de reposter\u00eda, arepas.","robots":{"index":"index","follow":"follow","max-snippet":"max-snippet:-1","max-image-preview":"max-image-preview:large","max-video-preview":"max-video-preview:-1"},"canonical":"https:\/\/karavansay.com\/en\/producto\/linaza-molida-x500g\/","og_locale":"en_US","og_type":"article","og_title":"Linaza Molida x 500G - Karavansay \/ Natural and Healthy Foods","og_description":"Linaza-molida. 100% natural, sin gluten, rica en fibra, omega 3 y minerales. Ideal para batidos, recetas de reposter\u00eda, arepas.","og_url":"https:\/\/karavansay.com\/en\/producto\/linaza-molida-x500g\/","og_site_name":"Karavansay \/ Natural and Healthy Foods","article_modified_time":"2026-04-09T13:07:50+00:00","og_image":[{"width":1000,"height":1000,"url":"https:\/\/karavansay.com\/wp-content\/uploads\/2021\/09\/Linaza-molida-dp-6.jpg","type":"image\/jpeg"}],"twitter_card":"summary_large_image","twitter_misc":{"Est. reading time":"1 minute"},"schema":{"@context":"https:\/\/schema.org","@graph":[{"@type":"WebPage","@id":"https:\/\/karavansay.com\/en\/producto\/linaza-molida-x500g\/","url":"https:\/\/karavansay.com\/en\/producto\/linaza-molida-x500g\/","name":"Linaza Molida x 500G - Karavansay \/ Natural and Healthy Foods","isPartOf":{"@id":"https:\/\/karavansay.com\/en\/#website"},"primaryImageOfPage":{"@id":"https:\/\/karavansay.com\/en\/producto\/linaza-molida-x500g\/#primaryimage"},"image":{"@id":"https:\/\/karavansay.com\/en\/producto\/linaza-molida-x500g\/#primaryimage"},"thumbnailUrl":"https:\/\/karavansay.com\/wp-content\/uploads\/2021\/09\/Linaza-molida-dp-6.jpg","datePublished":"2021-09-03T22:08:46+00:00","dateModified":"2026-04-09T13:07:50+00:00","description":"Linaza-molida. 100% natural, sin gluten, rica en fibra, omega 3 y minerales. Ideal para batidos, recetas de reposter\u00eda, arepas.","breadcrumb":{"@id":"https:\/\/karavansay.com\/en\/producto\/linaza-molida-x500g\/#breadcrumb"},"inLanguage":"en-US","potentialAction":[{"@type":"ReadAction","target":["https:\/\/karavansay.com\/en\/producto\/linaza-molida-x500g\/"]}]},{"@type":"ImageObject","inLanguage":"en-US","@id":"https:\/\/karavansay.com\/en\/producto\/linaza-molida-x500g\/#primaryimage","url":"https:\/\/karavansay.com\/wp-content\/uploads\/2021\/09\/Linaza-molida-dp-6.jpg","contentUrl":"https:\/\/karavansay.com\/wp-content\/uploads\/2021\/09\/Linaza-molida-dp-6.jpg","width":1000,"height":1000},{"@type":"BreadcrumbList","@id":"https:\/\/karavansay.com\/en\/producto\/linaza-molida-x500g\/#breadcrumb","itemListElement":[{"@type":"ListItem","position":1,"name":"Portada","item":"https:\/\/karavansay.com\/en\/"},{"@type":"ListItem","position":2,"name":"Tienda","item":"https:\/\/karavansay.com\/tienda-karavansay\/"},{"@type":"ListItem","position":3,"name":"Linaza Molida x 500G"}]},{"@type":"WebSite","@id":"https:\/\/karavansay.com\/en\/#website","url":"https:\/\/karavansay.com\/en\/","name":"Karavansay \/ Natural and Healthy Foods","description":"Alimentos naturales y libres de gluten","publisher":{"@id":"https:\/\/karavansay.com\/en\/#organization"},"potentialAction":[{"@type":"SearchAction","target":{"@type":"EntryPoint","urlTemplate":"https:\/\/karavansay.com\/en\/?s={search_term_string}"},"query-input":{"@type":"PropertyValueSpecification","valueRequired":true,"valueName":"search_term_string"}}],"inLanguage":"en-US"},{"@type":"Organization","@id":"https:\/\/karavansay.com\/en\/#organization","name":"Karavansay","url":"https:\/\/karavansay.com\/en\/","logo":{"@type":"ImageObject","inLanguage":"en-US","@id":"https:\/\/karavansay.com\/en\/#\/schema\/logo\/image\/","url":"https:\/\/karavansay.com\/wp-content\/uploads\/2022\/04\/logo.webp","contentUrl":"https:\/\/karavansay.com\/wp-content\/uploads\/2022\/04\/logo.webp","width":342,"height":342,"caption":"Karavansay"},"image":{"@id":"https:\/\/karavansay.com\/en\/#\/schema\/logo\/image\/"}}]}},"_links":{"self":[{"href":"https:\/\/karavansay.com\/en\/wp-json\/wp\/v2\/product\/789","targetHints":{"allow":["GET"]}}],"collection":[{"href":"https:\/\/karavansay.com\/en\/wp-json\/wp\/v2\/product"}],"about":[{"href":"https:\/\/karavansay.com\/en\/wp-json\/wp\/v2\/types\/product"}],"replies":[{"embeddable":true,"href":"https:\/\/karavansay.com\/en\/wp-json\/wp\/v2\/comments?post=789"}],"wp:featuredmedia":[{"embeddable":true,"href":"https:\/\/karavansay.com\/en\/wp-json\/wp\/v2\/media\/14875"}],"wp:attachment":[{"href":"https:\/\/karavansay.com\/en\/wp-json\/wp\/v2\/media?parent=789"}],"wp:term":[{"taxonomy":"product_brand","embeddable":true,"href":"https:\/\/karavansay.com\/en\/wp-json\/wp\/v2\/product_brand?post=789"},{"taxonomy":"product_cat","embeddable":true,"href":"https:\/\/karavansay.com\/en\/wp-json\/wp\/v2\/product_cat?post=789"},{"taxonomy":"product_tag","embeddable":true,"href":"https:\/\/karavansay.com\/en\/wp-json\/wp\/v2\/product_tag?post=789"}],"curies":[{"name":"wp","href":"https:\/\/api.w.org\/{rel}","templated":true}]}}