{"id":782,"date":"2021-09-03T22:08:45","date_gmt":"2021-09-03T22:08:45","guid":{"rendered":"https:\/\/karavansay.com\/?post_type=product&#038;p=782"},"modified":"2026-04-16T17:48:46","modified_gmt":"2026-04-16T17:48:46","slug":"arroz-integral-con-quinua","status":"publish","type":"product","link":"https:\/\/karavansay.com\/en\/producto\/arroz-integral-con-quinua\/","title":{"rendered":"Arroz integral con quinua x 500g"},"content":{"rendered":"<p>Esta mezcla une la fibra natural del arroz integral con la suavidad y los nutrientes de la quinua perlada, ofreciendo una combinaci\u00f3n funcional que es muy f\u00e1cil de cocinar y perfecta para quienes buscan platos balanceados. Su sabor suave y textura firme la hacen destacar como una alternativa superior para acompa\u00f1ar tus comidas, garantizando calidad y frescura en cada porci\u00f3n de manera pr\u00e1ctica.<\/p>\n","protected":false},"excerpt":{"rendered":"<p>La <b data-path-to-node=\"2\" data-index-in-node=\"3\">mezcla de arroz integral con quinua Karavansay<\/b> combina lo mejor de dos ingredientes funcionales en una proporci\u00f3n equilibrada de 80% arroz de grano entero y 20% quinua perlada, logrando una base nutritiva que ofrece una textura m\u00e1s suave y agradable que el arroz integral convencional. Al ser un producto de origen nacional rico en fibra y prote\u00edna vegetal, se convierte en la opci\u00f3n ideal para elevar el valor nutricional de tus platos diarios, aportando carbohidratos complejos que brindan energ\u00eda de forma constante mientras disfrutas de una preparaci\u00f3n vers\u00e1til que se adapta a cualquier receta de la cocina actual.<\/p>\n","protected":false},"featured_media":15324,"comment_status":"open","ping_status":"closed","template":"","meta":{"_acf_changed":false,"content-type":"","inline_featured_image":false,"neve_meta_sidebar":"","neve_meta_container":"","neve_meta_enable_content_width":"off","neve_meta_content_width":100,"neve_meta_title_alignment":"","neve_meta_author_avatar":"","neve_post_elements_order":"","neve_meta_disable_header":"","neve_meta_disable_footer":"","neve_meta_disable_title":""},"product_brand":[],"product_cat":[18],"product_tag":[],"class_list":{"0":"post-782","1":"product","2":"type-product","3":"status-publish","4":"has-post-thumbnail","6":"product_cat-granos-y-semillas","8":"first","9":"instock","10":"taxable","11":"shipping-taxable","12":"purchasable","13":"product-type-simple"},"acf":[],"yoast_head":"<!-- This site is optimized with the Yoast SEO plugin v27.6 - https:\/\/yoast.com\/product\/yoast-seo-wordpress\/ -->\n<title>Arroz integral con quinua x 500g - Karavansay \/ Natural and Healthy Foods<\/title>\n<meta name=\"description\" content=\"Arroz-integral-con-quinua Karavansay. Mezcla funcional de arroz integral y quinua blanca \ud83c\udf3e. Sin gluten, rica en fibra y prote\u00edna vegetal.\" \/>\n<meta name=\"robots\" content=\"index, follow, max-snippet:-1, max-image-preview:large, max-video-preview:-1\" \/>\n<link rel=\"canonical\" href=\"https:\/\/karavansay.com\/en\/producto\/arroz-integral-con-quinua\/\" \/>\n<meta property=\"og:locale\" content=\"en_US\" \/>\n<meta property=\"og:type\" content=\"article\" \/>\n<meta property=\"og:title\" content=\"Arroz integral con quinua x 500g - Karavansay \/ Natural and Healthy Foods\" \/>\n<meta property=\"og:description\" content=\"Arroz-integral-con-quinua Karavansay. Mezcla funcional de arroz integral y quinua blanca \ud83c\udf3e. Sin gluten, rica en fibra y prote\u00edna vegetal.\" \/>\n<meta property=\"og:url\" content=\"https:\/\/karavansay.com\/en\/producto\/arroz-integral-con-quinua\/\" \/>\n<meta property=\"og:site_name\" content=\"Karavansay \/ Natural and Healthy Foods\" \/>\n<meta property=\"article:modified_time\" content=\"2026-04-16T17:48:46+00:00\" \/>\n<meta property=\"og:image\" content=\"https:\/\/karavansay.com\/wp-content\/uploads\/2021\/09\/Arroz-Int.-con-Quinua-3.png\" \/>\n\t<meta property=\"og:image:width\" content=\"1000\" \/>\n\t<meta property=\"og:image:height\" content=\"1000\" \/>\n\t<meta property=\"og:image:type\" content=\"image\/png\" \/>\n<meta name=\"twitter:card\" content=\"summary_large_image\" \/>\n<meta name=\"twitter:label1\" content=\"Est. reading time\" \/>\n\t<meta name=\"twitter:data1\" content=\"1 minute\" \/>\n<script type=\"application\/ld+json\" class=\"yoast-schema-graph\">{\"@context\":\"https:\\\/\\\/schema.org\",\"@graph\":[{\"@type\":\"WebPage\",\"@id\":\"https:\\\/\\\/karavansay.com\\\/en\\\/producto\\\/arroz-integral-con-quinua\\\/\",\"url\":\"https:\\\/\\\/karavansay.com\\\/en\\\/producto\\\/arroz-integral-con-quinua\\\/\",\"name\":\"Arroz integral con quinua x 500g - Karavansay \\\/ Natural and Healthy Foods\",\"isPartOf\":{\"@id\":\"https:\\\/\\\/karavansay.com\\\/en\\\/#website\"},\"primaryImageOfPage\":{\"@id\":\"https:\\\/\\\/karavansay.com\\\/en\\\/producto\\\/arroz-integral-con-quinua\\\/#primaryimage\"},\"image\":{\"@id\":\"https:\\\/\\\/karavansay.com\\\/en\\\/producto\\\/arroz-integral-con-quinua\\\/#primaryimage\"},\"thumbnailUrl\":\"https:\\\/\\\/karavansay.com\\\/wp-content\\\/uploads\\\/2021\\\/09\\\/Arroz-Int.-con-Quinua-3.png\",\"datePublished\":\"2021-09-03T22:08:45+00:00\",\"dateModified\":\"2026-04-16T17:48:46+00:00\",\"description\":\"Arroz-integral-con-quinua Karavansay. Mezcla funcional de arroz integral y quinua blanca \ud83c\udf3e. Sin gluten, rica en fibra y prote\u00edna vegetal.\",\"breadcrumb\":{\"@id\":\"https:\\\/\\\/karavansay.com\\\/en\\\/producto\\\/arroz-integral-con-quinua\\\/#breadcrumb\"},\"inLanguage\":\"en-US\",\"potentialAction\":[{\"@type\":\"ReadAction\",\"target\":[\"https:\\\/\\\/karavansay.com\\\/en\\\/producto\\\/arroz-integral-con-quinua\\\/\"]}]},{\"@type\":\"ImageObject\",\"inLanguage\":\"en-US\",\"@id\":\"https:\\\/\\\/karavansay.com\\\/en\\\/producto\\\/arroz-integral-con-quinua\\\/#primaryimage\",\"url\":\"https:\\\/\\\/karavansay.com\\\/wp-content\\\/uploads\\\/2021\\\/09\\\/Arroz-Int.-con-Quinua-3.png\",\"contentUrl\":\"https:\\\/\\\/karavansay.com\\\/wp-content\\\/uploads\\\/2021\\\/09\\\/Arroz-Int.-con-Quinua-3.png\",\"width\":1000,\"height\":1000},{\"@type\":\"BreadcrumbList\",\"@id\":\"https:\\\/\\\/karavansay.com\\\/en\\\/producto\\\/arroz-integral-con-quinua\\\/#breadcrumb\",\"itemListElement\":[{\"@type\":\"ListItem\",\"position\":1,\"name\":\"Portada\",\"item\":\"https:\\\/\\\/karavansay.com\\\/en\\\/\"},{\"@type\":\"ListItem\",\"position\":2,\"name\":\"Tienda\",\"item\":\"https:\\\/\\\/karavansay.com\\\/tienda-karavansay\\\/\"},{\"@type\":\"ListItem\",\"position\":3,\"name\":\"Arroz integral con quinua x 500g\"}]},{\"@type\":\"WebSite\",\"@id\":\"https:\\\/\\\/karavansay.com\\\/en\\\/#website\",\"url\":\"https:\\\/\\\/karavansay.com\\\/en\\\/\",\"name\":\"Karavansay \\\/ Natural and Healthy Foods\",\"description\":\"Alimentos naturales y libres de gluten\",\"publisher\":{\"@id\":\"https:\\\/\\\/karavansay.com\\\/en\\\/#organization\"},\"potentialAction\":[{\"@type\":\"SearchAction\",\"target\":{\"@type\":\"EntryPoint\",\"urlTemplate\":\"https:\\\/\\\/karavansay.com\\\/en\\\/?s={search_term_string}\"},\"query-input\":{\"@type\":\"PropertyValueSpecification\",\"valueRequired\":true,\"valueName\":\"search_term_string\"}}],\"inLanguage\":\"en-US\"},{\"@type\":\"Organization\",\"@id\":\"https:\\\/\\\/karavansay.com\\\/en\\\/#organization\",\"name\":\"Karavansay\",\"url\":\"https:\\\/\\\/karavansay.com\\\/en\\\/\",\"logo\":{\"@type\":\"ImageObject\",\"inLanguage\":\"en-US\",\"@id\":\"https:\\\/\\\/karavansay.com\\\/en\\\/#\\\/schema\\\/logo\\\/image\\\/\",\"url\":\"https:\\\/\\\/karavansay.com\\\/wp-content\\\/uploads\\\/2022\\\/04\\\/logo.webp\",\"contentUrl\":\"https:\\\/\\\/karavansay.com\\\/wp-content\\\/uploads\\\/2022\\\/04\\\/logo.webp\",\"width\":342,\"height\":342,\"caption\":\"Karavansay\"},\"image\":{\"@id\":\"https:\\\/\\\/karavansay.com\\\/en\\\/#\\\/schema\\\/logo\\\/image\\\/\"}}]}<\/script>\n<!-- \/ Yoast SEO plugin. -->","yoast_head_json":{"title":"Arroz integral con quinua x 500g - Karavansay \/ Natural and Healthy Foods","description":"Arroz-integral-con-quinua Karavansay. Mezcla funcional de arroz integral y quinua blanca \ud83c\udf3e. Sin gluten, rica en fibra y prote\u00edna vegetal.","robots":{"index":"index","follow":"follow","max-snippet":"max-snippet:-1","max-image-preview":"max-image-preview:large","max-video-preview":"max-video-preview:-1"},"canonical":"https:\/\/karavansay.com\/en\/producto\/arroz-integral-con-quinua\/","og_locale":"en_US","og_type":"article","og_title":"Arroz integral con quinua x 500g - Karavansay \/ Natural and Healthy Foods","og_description":"Arroz-integral-con-quinua Karavansay. Mezcla funcional de arroz integral y quinua blanca \ud83c\udf3e. Sin gluten, rica en fibra y prote\u00edna vegetal.","og_url":"https:\/\/karavansay.com\/en\/producto\/arroz-integral-con-quinua\/","og_site_name":"Karavansay \/ Natural and Healthy Foods","article_modified_time":"2026-04-16T17:48:46+00:00","og_image":[{"width":1000,"height":1000,"url":"https:\/\/karavansay.com\/wp-content\/uploads\/2021\/09\/Arroz-Int.-con-Quinua-3.png","type":"image\/png"}],"twitter_card":"summary_large_image","twitter_misc":{"Est. reading time":"1 minute"},"schema":{"@context":"https:\/\/schema.org","@graph":[{"@type":"WebPage","@id":"https:\/\/karavansay.com\/en\/producto\/arroz-integral-con-quinua\/","url":"https:\/\/karavansay.com\/en\/producto\/arroz-integral-con-quinua\/","name":"Arroz integral con quinua x 500g - Karavansay \/ Natural and Healthy Foods","isPartOf":{"@id":"https:\/\/karavansay.com\/en\/#website"},"primaryImageOfPage":{"@id":"https:\/\/karavansay.com\/en\/producto\/arroz-integral-con-quinua\/#primaryimage"},"image":{"@id":"https:\/\/karavansay.com\/en\/producto\/arroz-integral-con-quinua\/#primaryimage"},"thumbnailUrl":"https:\/\/karavansay.com\/wp-content\/uploads\/2021\/09\/Arroz-Int.-con-Quinua-3.png","datePublished":"2021-09-03T22:08:45+00:00","dateModified":"2026-04-16T17:48:46+00:00","description":"Arroz-integral-con-quinua Karavansay. Mezcla funcional de arroz integral y quinua blanca \ud83c\udf3e. Sin gluten, rica en fibra y prote\u00edna vegetal.","breadcrumb":{"@id":"https:\/\/karavansay.com\/en\/producto\/arroz-integral-con-quinua\/#breadcrumb"},"inLanguage":"en-US","potentialAction":[{"@type":"ReadAction","target":["https:\/\/karavansay.com\/en\/producto\/arroz-integral-con-quinua\/"]}]},{"@type":"ImageObject","inLanguage":"en-US","@id":"https:\/\/karavansay.com\/en\/producto\/arroz-integral-con-quinua\/#primaryimage","url":"https:\/\/karavansay.com\/wp-content\/uploads\/2021\/09\/Arroz-Int.-con-Quinua-3.png","contentUrl":"https:\/\/karavansay.com\/wp-content\/uploads\/2021\/09\/Arroz-Int.-con-Quinua-3.png","width":1000,"height":1000},{"@type":"BreadcrumbList","@id":"https:\/\/karavansay.com\/en\/producto\/arroz-integral-con-quinua\/#breadcrumb","itemListElement":[{"@type":"ListItem","position":1,"name":"Portada","item":"https:\/\/karavansay.com\/en\/"},{"@type":"ListItem","position":2,"name":"Tienda","item":"https:\/\/karavansay.com\/tienda-karavansay\/"},{"@type":"ListItem","position":3,"name":"Arroz integral con quinua x 500g"}]},{"@type":"WebSite","@id":"https:\/\/karavansay.com\/en\/#website","url":"https:\/\/karavansay.com\/en\/","name":"Karavansay \/ Natural and Healthy Foods","description":"Alimentos naturales y libres de gluten","publisher":{"@id":"https:\/\/karavansay.com\/en\/#organization"},"potentialAction":[{"@type":"SearchAction","target":{"@type":"EntryPoint","urlTemplate":"https:\/\/karavansay.com\/en\/?s={search_term_string}"},"query-input":{"@type":"PropertyValueSpecification","valueRequired":true,"valueName":"search_term_string"}}],"inLanguage":"en-US"},{"@type":"Organization","@id":"https:\/\/karavansay.com\/en\/#organization","name":"Karavansay","url":"https:\/\/karavansay.com\/en\/","logo":{"@type":"ImageObject","inLanguage":"en-US","@id":"https:\/\/karavansay.com\/en\/#\/schema\/logo\/image\/","url":"https:\/\/karavansay.com\/wp-content\/uploads\/2022\/04\/logo.webp","contentUrl":"https:\/\/karavansay.com\/wp-content\/uploads\/2022\/04\/logo.webp","width":342,"height":342,"caption":"Karavansay"},"image":{"@id":"https:\/\/karavansay.com\/en\/#\/schema\/logo\/image\/"}}]}},"_links":{"self":[{"href":"https:\/\/karavansay.com\/en\/wp-json\/wp\/v2\/product\/782","targetHints":{"allow":["GET"]}}],"collection":[{"href":"https:\/\/karavansay.com\/en\/wp-json\/wp\/v2\/product"}],"about":[{"href":"https:\/\/karavansay.com\/en\/wp-json\/wp\/v2\/types\/product"}],"replies":[{"embeddable":true,"href":"https:\/\/karavansay.com\/en\/wp-json\/wp\/v2\/comments?post=782"}],"wp:featuredmedia":[{"embeddable":true,"href":"https:\/\/karavansay.com\/en\/wp-json\/wp\/v2\/media\/15324"}],"wp:attachment":[{"href":"https:\/\/karavansay.com\/en\/wp-json\/wp\/v2\/media?parent=782"}],"wp:term":[{"taxonomy":"product_brand","embeddable":true,"href":"https:\/\/karavansay.com\/en\/wp-json\/wp\/v2\/product_brand?post=782"},{"taxonomy":"product_cat","embeddable":true,"href":"https:\/\/karavansay.com\/en\/wp-json\/wp\/v2\/product_cat?post=782"},{"taxonomy":"product_tag","embeddable":true,"href":"https:\/\/karavansay.com\/en\/wp-json\/wp\/v2\/product_tag?post=782"}],"curies":[{"name":"wp","href":"https:\/\/api.w.org\/{rel}","templated":true}]}}