{"id":781,"date":"2021-09-03T22:08:45","date_gmt":"2021-09-03T22:08:45","guid":{"rendered":"https:\/\/karavansay.com\/?post_type=product&#038;p=781"},"modified":"2026-04-09T13:31:30","modified_gmt":"2026-04-09T13:31:30","slug":"galleta-arroz-integral-con-linaza-sin-gluten","status":"publish","type":"product","link":"https:\/\/karavansay.com\/en\/producto\/galleta-arroz-integral-con-linaza-sin-gluten\/","title":{"rendered":"Galletas de arroz inflado integral con linaza x 60g"},"content":{"rendered":"<p>Este producto destaca por su ligereza y su perfil limpio, elaborado con arroz integral y semillas de linaza sin necesidad de az\u00facares ni conservantes a\u00f1adidos. Su presentaci\u00f3n garantiza una frescura prolongada, convirti\u00e9ndose en la base perfecta para desayunos, meriendas o pasabocas creativos que requieren un ingrediente sencillo, nutritivo y f\u00e1cil de combinar con tus toppings favoritos.<\/p>\n","protected":false},"excerpt":{"rendered":"<p>Las <b data-path-to-node=\"2\" data-index-in-node=\"4\">galletas de arroz integral con linaza Karavansay<\/b> ofrecen una experiencia crujiente y ligera que combina la sencillez del arroz inflado con el aporte nutricional de las semillas de linaza, logrando un snack vers\u00e1til que se adapta perfectamente a cualquier momento del d\u00eda. Al ser una fuente natural de fibra y omega 3 vegetal, estas galletas son ideales para quienes buscan una alternativa pr\u00e1ctica para acompa\u00f1ar sus comidas, permitiendo crear combinaciones tanto dulces como saladas gracias a su sabor equilibrado y su textura crocante que se mantiene fresca por mucho m\u00e1s tiempo.<\/p>\n","protected":false},"featured_media":14879,"comment_status":"open","ping_status":"closed","template":"","meta":{"_acf_changed":false,"content-type":"","inline_featured_image":false,"neve_meta_sidebar":"","neve_meta_container":"","neve_meta_enable_content_width":"off","neve_meta_content_width":100,"neve_meta_title_alignment":"","neve_meta_author_avatar":"","neve_post_elements_order":"","neve_meta_disable_header":"","neve_meta_disable_footer":"","neve_meta_disable_title":""},"product_brand":[],"product_cat":[17],"product_tag":[],"class_list":{"0":"post-781","1":"product","2":"type-product","3":"status-publish","4":"has-post-thumbnail","6":"product_cat-snacks","8":"first","9":"instock","10":"taxable","11":"shipping-taxable","12":"purchasable","13":"product-type-simple"},"acf":[],"yoast_head":"<!-- This site is optimized with the Yoast SEO plugin v27.4 - https:\/\/yoast.com\/product\/yoast-seo-wordpress\/ -->\n<title>Galletas de arroz inflado integral con linaza x 60g - Karavansay \/ Natural and Healthy Foods<\/title>\n<meta name=\"description\" content=\"Galletas crocantes de arroz integral inflado con linaza. Fuente de fibra y omega 3. Sin gluten, y listas para combinar con lo que m\u00e1s te guste.\" \/>\n<meta name=\"robots\" content=\"index, follow, max-snippet:-1, max-image-preview:large, max-video-preview:-1\" \/>\n<link rel=\"canonical\" href=\"https:\/\/karavansay.com\/en\/producto\/galleta-arroz-integral-con-linaza-sin-gluten\/\" \/>\n<meta property=\"og:locale\" content=\"en_US\" \/>\n<meta property=\"og:type\" content=\"article\" \/>\n<meta property=\"og:title\" content=\"Galletas de arroz inflado integral con linaza x 60g - Karavansay \/ Natural and Healthy Foods\" \/>\n<meta property=\"og:description\" content=\"Galletas crocantes de arroz integral inflado con linaza. Fuente de fibra y omega 3. Sin gluten, y listas para combinar con lo que m\u00e1s te guste.\" \/>\n<meta property=\"og:url\" content=\"https:\/\/karavansay.com\/en\/producto\/galleta-arroz-integral-con-linaza-sin-gluten\/\" \/>\n<meta property=\"og:site_name\" content=\"Karavansay \/ Natural and Healthy Foods\" \/>\n<meta property=\"article:modified_time\" content=\"2026-04-09T13:31:30+00:00\" \/>\n<meta property=\"og:image\" content=\"https:\/\/karavansay.com\/wp-content\/uploads\/2021\/09\/Galletas-de-Linaza-x60-7.jpg\" \/>\n\t<meta property=\"og:image:width\" content=\"1000\" \/>\n\t<meta property=\"og:image:height\" content=\"1000\" \/>\n\t<meta property=\"og:image:type\" content=\"image\/jpeg\" \/>\n<meta name=\"twitter:card\" content=\"summary_large_image\" \/>\n<meta name=\"twitter:label1\" content=\"Est. reading time\" \/>\n\t<meta name=\"twitter:data1\" content=\"1 minute\" \/>\n<script type=\"application\/ld+json\" class=\"yoast-schema-graph\">{\"@context\":\"https:\\\/\\\/schema.org\",\"@graph\":[{\"@type\":\"WebPage\",\"@id\":\"https:\\\/\\\/karavansay.com\\\/en\\\/producto\\\/galleta-arroz-integral-con-linaza-sin-gluten\\\/\",\"url\":\"https:\\\/\\\/karavansay.com\\\/en\\\/producto\\\/galleta-arroz-integral-con-linaza-sin-gluten\\\/\",\"name\":\"Galletas de arroz inflado integral con linaza x 60g - Karavansay \\\/ Natural and Healthy Foods\",\"isPartOf\":{\"@id\":\"https:\\\/\\\/karavansay.com\\\/en\\\/#website\"},\"primaryImageOfPage\":{\"@id\":\"https:\\\/\\\/karavansay.com\\\/en\\\/producto\\\/galleta-arroz-integral-con-linaza-sin-gluten\\\/#primaryimage\"},\"image\":{\"@id\":\"https:\\\/\\\/karavansay.com\\\/en\\\/producto\\\/galleta-arroz-integral-con-linaza-sin-gluten\\\/#primaryimage\"},\"thumbnailUrl\":\"https:\\\/\\\/karavansay.com\\\/wp-content\\\/uploads\\\/2021\\\/09\\\/Galletas-de-Linaza-x60-7.jpg\",\"datePublished\":\"2021-09-03T22:08:45+00:00\",\"dateModified\":\"2026-04-09T13:31:30+00:00\",\"description\":\"Galletas crocantes de arroz integral inflado con linaza. Fuente de fibra y omega 3. Sin gluten, y listas para combinar con lo que m\u00e1s te guste.\",\"breadcrumb\":{\"@id\":\"https:\\\/\\\/karavansay.com\\\/en\\\/producto\\\/galleta-arroz-integral-con-linaza-sin-gluten\\\/#breadcrumb\"},\"inLanguage\":\"en-US\",\"potentialAction\":[{\"@type\":\"ReadAction\",\"target\":[\"https:\\\/\\\/karavansay.com\\\/en\\\/producto\\\/galleta-arroz-integral-con-linaza-sin-gluten\\\/\"]}]},{\"@type\":\"ImageObject\",\"inLanguage\":\"en-US\",\"@id\":\"https:\\\/\\\/karavansay.com\\\/en\\\/producto\\\/galleta-arroz-integral-con-linaza-sin-gluten\\\/#primaryimage\",\"url\":\"https:\\\/\\\/karavansay.com\\\/wp-content\\\/uploads\\\/2021\\\/09\\\/Galletas-de-Linaza-x60-7.jpg\",\"contentUrl\":\"https:\\\/\\\/karavansay.com\\\/wp-content\\\/uploads\\\/2021\\\/09\\\/Galletas-de-Linaza-x60-7.jpg\",\"width\":1000,\"height\":1000},{\"@type\":\"BreadcrumbList\",\"@id\":\"https:\\\/\\\/karavansay.com\\\/en\\\/producto\\\/galleta-arroz-integral-con-linaza-sin-gluten\\\/#breadcrumb\",\"itemListElement\":[{\"@type\":\"ListItem\",\"position\":1,\"name\":\"Portada\",\"item\":\"https:\\\/\\\/karavansay.com\\\/en\\\/\"},{\"@type\":\"ListItem\",\"position\":2,\"name\":\"Tienda\",\"item\":\"https:\\\/\\\/karavansay.com\\\/tienda-karavansay\\\/\"},{\"@type\":\"ListItem\",\"position\":3,\"name\":\"Galletas de arroz inflado integral con linaza x 60g\"}]},{\"@type\":\"WebSite\",\"@id\":\"https:\\\/\\\/karavansay.com\\\/en\\\/#website\",\"url\":\"https:\\\/\\\/karavansay.com\\\/en\\\/\",\"name\":\"Karavansay \\\/ Natural and Healthy Foods\",\"description\":\"Alimentos naturales y libres de gluten\",\"publisher\":{\"@id\":\"https:\\\/\\\/karavansay.com\\\/en\\\/#organization\"},\"potentialAction\":[{\"@type\":\"SearchAction\",\"target\":{\"@type\":\"EntryPoint\",\"urlTemplate\":\"https:\\\/\\\/karavansay.com\\\/en\\\/?s={search_term_string}\"},\"query-input\":{\"@type\":\"PropertyValueSpecification\",\"valueRequired\":true,\"valueName\":\"search_term_string\"}}],\"inLanguage\":\"en-US\"},{\"@type\":\"Organization\",\"@id\":\"https:\\\/\\\/karavansay.com\\\/en\\\/#organization\",\"name\":\"Karavansay\",\"url\":\"https:\\\/\\\/karavansay.com\\\/en\\\/\",\"logo\":{\"@type\":\"ImageObject\",\"inLanguage\":\"en-US\",\"@id\":\"https:\\\/\\\/karavansay.com\\\/en\\\/#\\\/schema\\\/logo\\\/image\\\/\",\"url\":\"https:\\\/\\\/karavansay.com\\\/wp-content\\\/uploads\\\/2022\\\/04\\\/logo.webp\",\"contentUrl\":\"https:\\\/\\\/karavansay.com\\\/wp-content\\\/uploads\\\/2022\\\/04\\\/logo.webp\",\"width\":342,\"height\":342,\"caption\":\"Karavansay\"},\"image\":{\"@id\":\"https:\\\/\\\/karavansay.com\\\/en\\\/#\\\/schema\\\/logo\\\/image\\\/\"}}]}<\/script>\n<!-- \/ Yoast SEO plugin. -->","yoast_head_json":{"title":"Galletas de arroz inflado integral con linaza x 60g - Karavansay \/ Natural and Healthy Foods","description":"Galletas crocantes de arroz integral inflado con linaza. Fuente de fibra y omega 3. Sin gluten, y listas para combinar con lo que m\u00e1s te guste.","robots":{"index":"index","follow":"follow","max-snippet":"max-snippet:-1","max-image-preview":"max-image-preview:large","max-video-preview":"max-video-preview:-1"},"canonical":"https:\/\/karavansay.com\/en\/producto\/galleta-arroz-integral-con-linaza-sin-gluten\/","og_locale":"en_US","og_type":"article","og_title":"Galletas de arroz inflado integral con linaza x 60g - Karavansay \/ Natural and Healthy Foods","og_description":"Galletas crocantes de arroz integral inflado con linaza. Fuente de fibra y omega 3. Sin gluten, y listas para combinar con lo que m\u00e1s te guste.","og_url":"https:\/\/karavansay.com\/en\/producto\/galleta-arroz-integral-con-linaza-sin-gluten\/","og_site_name":"Karavansay \/ Natural and Healthy Foods","article_modified_time":"2026-04-09T13:31:30+00:00","og_image":[{"width":1000,"height":1000,"url":"https:\/\/karavansay.com\/wp-content\/uploads\/2021\/09\/Galletas-de-Linaza-x60-7.jpg","type":"image\/jpeg"}],"twitter_card":"summary_large_image","twitter_misc":{"Est. reading time":"1 minute"},"schema":{"@context":"https:\/\/schema.org","@graph":[{"@type":"WebPage","@id":"https:\/\/karavansay.com\/en\/producto\/galleta-arroz-integral-con-linaza-sin-gluten\/","url":"https:\/\/karavansay.com\/en\/producto\/galleta-arroz-integral-con-linaza-sin-gluten\/","name":"Galletas de arroz inflado integral con linaza x 60g - Karavansay \/ Natural and Healthy Foods","isPartOf":{"@id":"https:\/\/karavansay.com\/en\/#website"},"primaryImageOfPage":{"@id":"https:\/\/karavansay.com\/en\/producto\/galleta-arroz-integral-con-linaza-sin-gluten\/#primaryimage"},"image":{"@id":"https:\/\/karavansay.com\/en\/producto\/galleta-arroz-integral-con-linaza-sin-gluten\/#primaryimage"},"thumbnailUrl":"https:\/\/karavansay.com\/wp-content\/uploads\/2021\/09\/Galletas-de-Linaza-x60-7.jpg","datePublished":"2021-09-03T22:08:45+00:00","dateModified":"2026-04-09T13:31:30+00:00","description":"Galletas crocantes de arroz integral inflado con linaza. Fuente de fibra y omega 3. Sin gluten, y listas para combinar con lo que m\u00e1s te guste.","breadcrumb":{"@id":"https:\/\/karavansay.com\/en\/producto\/galleta-arroz-integral-con-linaza-sin-gluten\/#breadcrumb"},"inLanguage":"en-US","potentialAction":[{"@type":"ReadAction","target":["https:\/\/karavansay.com\/en\/producto\/galleta-arroz-integral-con-linaza-sin-gluten\/"]}]},{"@type":"ImageObject","inLanguage":"en-US","@id":"https:\/\/karavansay.com\/en\/producto\/galleta-arroz-integral-con-linaza-sin-gluten\/#primaryimage","url":"https:\/\/karavansay.com\/wp-content\/uploads\/2021\/09\/Galletas-de-Linaza-x60-7.jpg","contentUrl":"https:\/\/karavansay.com\/wp-content\/uploads\/2021\/09\/Galletas-de-Linaza-x60-7.jpg","width":1000,"height":1000},{"@type":"BreadcrumbList","@id":"https:\/\/karavansay.com\/en\/producto\/galleta-arroz-integral-con-linaza-sin-gluten\/#breadcrumb","itemListElement":[{"@type":"ListItem","position":1,"name":"Portada","item":"https:\/\/karavansay.com\/en\/"},{"@type":"ListItem","position":2,"name":"Tienda","item":"https:\/\/karavansay.com\/tienda-karavansay\/"},{"@type":"ListItem","position":3,"name":"Galletas de arroz inflado integral con linaza x 60g"}]},{"@type":"WebSite","@id":"https:\/\/karavansay.com\/en\/#website","url":"https:\/\/karavansay.com\/en\/","name":"Karavansay \/ Natural and Healthy Foods","description":"Alimentos naturales y libres de gluten","publisher":{"@id":"https:\/\/karavansay.com\/en\/#organization"},"potentialAction":[{"@type":"SearchAction","target":{"@type":"EntryPoint","urlTemplate":"https:\/\/karavansay.com\/en\/?s={search_term_string}"},"query-input":{"@type":"PropertyValueSpecification","valueRequired":true,"valueName":"search_term_string"}}],"inLanguage":"en-US"},{"@type":"Organization","@id":"https:\/\/karavansay.com\/en\/#organization","name":"Karavansay","url":"https:\/\/karavansay.com\/en\/","logo":{"@type":"ImageObject","inLanguage":"en-US","@id":"https:\/\/karavansay.com\/en\/#\/schema\/logo\/image\/","url":"https:\/\/karavansay.com\/wp-content\/uploads\/2022\/04\/logo.webp","contentUrl":"https:\/\/karavansay.com\/wp-content\/uploads\/2022\/04\/logo.webp","width":342,"height":342,"caption":"Karavansay"},"image":{"@id":"https:\/\/karavansay.com\/en\/#\/schema\/logo\/image\/"}}]}},"_links":{"self":[{"href":"https:\/\/karavansay.com\/en\/wp-json\/wp\/v2\/product\/781","targetHints":{"allow":["GET"]}}],"collection":[{"href":"https:\/\/karavansay.com\/en\/wp-json\/wp\/v2\/product"}],"about":[{"href":"https:\/\/karavansay.com\/en\/wp-json\/wp\/v2\/types\/product"}],"replies":[{"embeddable":true,"href":"https:\/\/karavansay.com\/en\/wp-json\/wp\/v2\/comments?post=781"}],"wp:featuredmedia":[{"embeddable":true,"href":"https:\/\/karavansay.com\/en\/wp-json\/wp\/v2\/media\/14879"}],"wp:attachment":[{"href":"https:\/\/karavansay.com\/en\/wp-json\/wp\/v2\/media?parent=781"}],"wp:term":[{"taxonomy":"product_brand","embeddable":true,"href":"https:\/\/karavansay.com\/en\/wp-json\/wp\/v2\/product_brand?post=781"},{"taxonomy":"product_cat","embeddable":true,"href":"https:\/\/karavansay.com\/en\/wp-json\/wp\/v2\/product_cat?post=781"},{"taxonomy":"product_tag","embeddable":true,"href":"https:\/\/karavansay.com\/en\/wp-json\/wp\/v2\/product_tag?post=781"}],"curies":[{"name":"wp","href":"https:\/\/api.w.org\/{rel}","templated":true}]}}