{"id":766,"date":"2021-09-03T22:08:44","date_gmt":"2021-09-03T22:08:44","guid":{"rendered":"https:\/\/karavansay.com\/?post_type=product&#038;p=766"},"modified":"2026-04-09T14:37:49","modified_gmt":"2026-04-09T14:37:49","slug":"semilla-de-chia-x-250g","status":"publish","type":"product","link":"https:\/\/karavansay.com\/en\/producto\/semilla-de-chia-x-250g\/","title":{"rendered":"Semillas de Ch\u00eda x 250G"},"content":{"rendered":"<p data-path-to-node=\"5\">Este superalimento se distingue por su versatilidad en la cocina al poder utilizarse como sustituto del huevo en recetas veganas o como un complemento nutritivo en batidos y yogures, ofreciendo una textura \u00fanica que favorece la digesti\u00f3n de manera natural. Al ser un producto puro y sin aditivos, las Semillas de ch\u00eda Karavansay son la opci\u00f3n perfecta para personas activas que desean integrar minerales como calcio, magnesio y f\u00f3sforo en una presentaci\u00f3n pr\u00e1ctica y f\u00e1cil de usar en cualquier momento del d\u00eda.<\/p>\n","protected":false},"excerpt":{"rendered":"<p data-path-to-node=\"2\"><b class=\"\" data-path-to-node=\"2\" data-index-in-node=\"0\">Las Semillas de ch\u00eda Karavansay<\/b><span class=\"\"> son una fuente natural de nutrientes esenciales como \u00e1cidos grasos omega 3,<\/span><span class=\"\"> fibra soluble e insoluble y prote\u00edna vegetal,<\/span><span class=\"\"> destacando por su capacidad de formar un gel natural al hidratarse que ayuda a generar saciedad y funciona como un excelente espesante en diversas recetas.<\/span><span class=\"\"> Gracias a su sabor neutro y a que no requieren molienda previa,<\/span><span class=\"\"> se integran perfectamente en preparaciones dulces o saladas,<\/span><span class=\"\"> ya sean fr\u00edas o calientes,<\/span><span class=\"\"> convirti\u00e9ndose en el aliado ideal para quienes buscan grasas saludables y funcionalidad en su alimentaci\u00f3n diaria a trav\u00e9s de un ingrediente vers\u00e1til que mejora la textura de las comidas sin alterar su sabor original.<\/span><\/p>\n","protected":false},"featured_media":10581,"comment_status":"open","ping_status":"closed","template":"","meta":{"_acf_changed":false,"content-type":"","inline_featured_image":false,"neve_meta_sidebar":"","neve_meta_container":"","neve_meta_enable_content_width":"off","neve_meta_content_width":100,"neve_meta_title_alignment":"","neve_meta_author_avatar":"","neve_post_elements_order":"","neve_meta_disable_header":"","neve_meta_disable_footer":"","neve_meta_disable_title":""},"product_brand":[],"product_cat":[18],"product_tag":[],"class_list":{"0":"post-766","1":"product","2":"type-product","3":"status-publish","4":"has-post-thumbnail","6":"product_cat-granos-y-semillas","8":"first","9":"instock","10":"taxable","11":"shipping-taxable","12":"purchasable","13":"product-type-simple"},"acf":[],"yoast_head":"<!-- This site is optimized with the Yoast SEO plugin v27.6 - https:\/\/yoast.com\/product\/yoast-seo-wordpress\/ -->\n<title>Semillas de Ch\u00eda x 250G - Karavansay \/ Natural and Healthy Foods<\/title>\n<meta name=\"description\" content=\"Semilla-de-ch\u00eda Karavansay, rica en omega 3, fibra y prote\u00edna vegetal. Sin gluten, 100% natural. Ideal para batidos, yogures y recetas funcionales\" \/>\n<meta name=\"robots\" content=\"index, follow, max-snippet:-1, max-image-preview:large, max-video-preview:-1\" \/>\n<link rel=\"canonical\" href=\"https:\/\/karavansay.com\/en\/producto\/semilla-de-chia-x-250g\/\" \/>\n<meta property=\"og:locale\" content=\"en_US\" \/>\n<meta property=\"og:type\" content=\"article\" \/>\n<meta property=\"og:title\" content=\"Semillas de Ch\u00eda x 250G - Karavansay \/ Natural and Healthy Foods\" \/>\n<meta property=\"og:description\" content=\"Semilla-de-ch\u00eda Karavansay, rica en omega 3, fibra y prote\u00edna vegetal. Sin gluten, 100% natural. Ideal para batidos, yogures y recetas funcionales\" \/>\n<meta property=\"og:url\" content=\"https:\/\/karavansay.com\/en\/producto\/semilla-de-chia-x-250g\/\" \/>\n<meta property=\"og:site_name\" content=\"Karavansay \/ Natural and Healthy Foods\" \/>\n<meta property=\"article:modified_time\" content=\"2026-04-09T14:37:49+00:00\" \/>\n<meta property=\"og:image\" content=\"https:\/\/karavansay.com\/wp-content\/uploads\/2021\/09\/Chia-DP.jpg\" \/>\n\t<meta property=\"og:image:width\" content=\"1000\" \/>\n\t<meta property=\"og:image:height\" content=\"1000\" \/>\n\t<meta property=\"og:image:type\" content=\"image\/jpeg\" \/>\n<meta name=\"twitter:card\" content=\"summary_large_image\" \/>\n<meta name=\"twitter:label1\" content=\"Est. reading time\" \/>\n\t<meta name=\"twitter:data1\" content=\"1 minute\" \/>\n<script type=\"application\/ld+json\" class=\"yoast-schema-graph\">{\"@context\":\"https:\\\/\\\/schema.org\",\"@graph\":[{\"@type\":\"WebPage\",\"@id\":\"https:\\\/\\\/karavansay.com\\\/en\\\/producto\\\/semilla-de-chia-x-250g\\\/\",\"url\":\"https:\\\/\\\/karavansay.com\\\/en\\\/producto\\\/semilla-de-chia-x-250g\\\/\",\"name\":\"Semillas de Ch\u00eda x 250G - Karavansay \\\/ Natural and Healthy Foods\",\"isPartOf\":{\"@id\":\"https:\\\/\\\/karavansay.com\\\/en\\\/#website\"},\"primaryImageOfPage\":{\"@id\":\"https:\\\/\\\/karavansay.com\\\/en\\\/producto\\\/semilla-de-chia-x-250g\\\/#primaryimage\"},\"image\":{\"@id\":\"https:\\\/\\\/karavansay.com\\\/en\\\/producto\\\/semilla-de-chia-x-250g\\\/#primaryimage\"},\"thumbnailUrl\":\"https:\\\/\\\/karavansay.com\\\/wp-content\\\/uploads\\\/2021\\\/09\\\/Chia-DP.jpg\",\"datePublished\":\"2021-09-03T22:08:44+00:00\",\"dateModified\":\"2026-04-09T14:37:49+00:00\",\"description\":\"Semilla-de-ch\u00eda Karavansay, rica en omega 3, fibra y prote\u00edna vegetal. Sin gluten, 100% natural. Ideal para batidos, yogures y recetas funcionales\",\"breadcrumb\":{\"@id\":\"https:\\\/\\\/karavansay.com\\\/en\\\/producto\\\/semilla-de-chia-x-250g\\\/#breadcrumb\"},\"inLanguage\":\"en-US\",\"potentialAction\":[{\"@type\":\"ReadAction\",\"target\":[\"https:\\\/\\\/karavansay.com\\\/en\\\/producto\\\/semilla-de-chia-x-250g\\\/\"]}]},{\"@type\":\"ImageObject\",\"inLanguage\":\"en-US\",\"@id\":\"https:\\\/\\\/karavansay.com\\\/en\\\/producto\\\/semilla-de-chia-x-250g\\\/#primaryimage\",\"url\":\"https:\\\/\\\/karavansay.com\\\/wp-content\\\/uploads\\\/2021\\\/09\\\/Chia-DP.jpg\",\"contentUrl\":\"https:\\\/\\\/karavansay.com\\\/wp-content\\\/uploads\\\/2021\\\/09\\\/Chia-DP.jpg\",\"width\":1000,\"height\":1000},{\"@type\":\"BreadcrumbList\",\"@id\":\"https:\\\/\\\/karavansay.com\\\/en\\\/producto\\\/semilla-de-chia-x-250g\\\/#breadcrumb\",\"itemListElement\":[{\"@type\":\"ListItem\",\"position\":1,\"name\":\"Portada\",\"item\":\"https:\\\/\\\/karavansay.com\\\/en\\\/\"},{\"@type\":\"ListItem\",\"position\":2,\"name\":\"Tienda\",\"item\":\"https:\\\/\\\/karavansay.com\\\/tienda-karavansay\\\/\"},{\"@type\":\"ListItem\",\"position\":3,\"name\":\"Semillas de Ch\u00eda x 250G\"}]},{\"@type\":\"WebSite\",\"@id\":\"https:\\\/\\\/karavansay.com\\\/en\\\/#website\",\"url\":\"https:\\\/\\\/karavansay.com\\\/en\\\/\",\"name\":\"Karavansay \\\/ Natural and Healthy Foods\",\"description\":\"Alimentos naturales y libres de gluten\",\"publisher\":{\"@id\":\"https:\\\/\\\/karavansay.com\\\/en\\\/#organization\"},\"potentialAction\":[{\"@type\":\"SearchAction\",\"target\":{\"@type\":\"EntryPoint\",\"urlTemplate\":\"https:\\\/\\\/karavansay.com\\\/en\\\/?s={search_term_string}\"},\"query-input\":{\"@type\":\"PropertyValueSpecification\",\"valueRequired\":true,\"valueName\":\"search_term_string\"}}],\"inLanguage\":\"en-US\"},{\"@type\":\"Organization\",\"@id\":\"https:\\\/\\\/karavansay.com\\\/en\\\/#organization\",\"name\":\"Karavansay\",\"url\":\"https:\\\/\\\/karavansay.com\\\/en\\\/\",\"logo\":{\"@type\":\"ImageObject\",\"inLanguage\":\"en-US\",\"@id\":\"https:\\\/\\\/karavansay.com\\\/en\\\/#\\\/schema\\\/logo\\\/image\\\/\",\"url\":\"https:\\\/\\\/karavansay.com\\\/wp-content\\\/uploads\\\/2022\\\/04\\\/logo.webp\",\"contentUrl\":\"https:\\\/\\\/karavansay.com\\\/wp-content\\\/uploads\\\/2022\\\/04\\\/logo.webp\",\"width\":342,\"height\":342,\"caption\":\"Karavansay\"},\"image\":{\"@id\":\"https:\\\/\\\/karavansay.com\\\/en\\\/#\\\/schema\\\/logo\\\/image\\\/\"}}]}<\/script>\n<!-- \/ Yoast SEO plugin. -->","yoast_head_json":{"title":"Semillas de Ch\u00eda x 250G - Karavansay \/ Natural and Healthy Foods","description":"Semilla-de-ch\u00eda Karavansay, rica en omega 3, fibra y prote\u00edna vegetal. Sin gluten, 100% natural. Ideal para batidos, yogures y recetas funcionales","robots":{"index":"index","follow":"follow","max-snippet":"max-snippet:-1","max-image-preview":"max-image-preview:large","max-video-preview":"max-video-preview:-1"},"canonical":"https:\/\/karavansay.com\/en\/producto\/semilla-de-chia-x-250g\/","og_locale":"en_US","og_type":"article","og_title":"Semillas de Ch\u00eda x 250G - Karavansay \/ Natural and Healthy Foods","og_description":"Semilla-de-ch\u00eda Karavansay, rica en omega 3, fibra y prote\u00edna vegetal. Sin gluten, 100% natural. Ideal para batidos, yogures y recetas funcionales","og_url":"https:\/\/karavansay.com\/en\/producto\/semilla-de-chia-x-250g\/","og_site_name":"Karavansay \/ Natural and Healthy Foods","article_modified_time":"2026-04-09T14:37:49+00:00","og_image":[{"width":1000,"height":1000,"url":"https:\/\/karavansay.com\/wp-content\/uploads\/2021\/09\/Chia-DP.jpg","type":"image\/jpeg"}],"twitter_card":"summary_large_image","twitter_misc":{"Est. reading time":"1 minute"},"schema":{"@context":"https:\/\/schema.org","@graph":[{"@type":"WebPage","@id":"https:\/\/karavansay.com\/en\/producto\/semilla-de-chia-x-250g\/","url":"https:\/\/karavansay.com\/en\/producto\/semilla-de-chia-x-250g\/","name":"Semillas de Ch\u00eda x 250G - Karavansay \/ Natural and Healthy Foods","isPartOf":{"@id":"https:\/\/karavansay.com\/en\/#website"},"primaryImageOfPage":{"@id":"https:\/\/karavansay.com\/en\/producto\/semilla-de-chia-x-250g\/#primaryimage"},"image":{"@id":"https:\/\/karavansay.com\/en\/producto\/semilla-de-chia-x-250g\/#primaryimage"},"thumbnailUrl":"https:\/\/karavansay.com\/wp-content\/uploads\/2021\/09\/Chia-DP.jpg","datePublished":"2021-09-03T22:08:44+00:00","dateModified":"2026-04-09T14:37:49+00:00","description":"Semilla-de-ch\u00eda Karavansay, rica en omega 3, fibra y prote\u00edna vegetal. Sin gluten, 100% natural. Ideal para batidos, yogures y recetas funcionales","breadcrumb":{"@id":"https:\/\/karavansay.com\/en\/producto\/semilla-de-chia-x-250g\/#breadcrumb"},"inLanguage":"en-US","potentialAction":[{"@type":"ReadAction","target":["https:\/\/karavansay.com\/en\/producto\/semilla-de-chia-x-250g\/"]}]},{"@type":"ImageObject","inLanguage":"en-US","@id":"https:\/\/karavansay.com\/en\/producto\/semilla-de-chia-x-250g\/#primaryimage","url":"https:\/\/karavansay.com\/wp-content\/uploads\/2021\/09\/Chia-DP.jpg","contentUrl":"https:\/\/karavansay.com\/wp-content\/uploads\/2021\/09\/Chia-DP.jpg","width":1000,"height":1000},{"@type":"BreadcrumbList","@id":"https:\/\/karavansay.com\/en\/producto\/semilla-de-chia-x-250g\/#breadcrumb","itemListElement":[{"@type":"ListItem","position":1,"name":"Portada","item":"https:\/\/karavansay.com\/en\/"},{"@type":"ListItem","position":2,"name":"Tienda","item":"https:\/\/karavansay.com\/tienda-karavansay\/"},{"@type":"ListItem","position":3,"name":"Semillas de Ch\u00eda x 250G"}]},{"@type":"WebSite","@id":"https:\/\/karavansay.com\/en\/#website","url":"https:\/\/karavansay.com\/en\/","name":"Karavansay \/ Natural and Healthy Foods","description":"Alimentos naturales y libres de gluten","publisher":{"@id":"https:\/\/karavansay.com\/en\/#organization"},"potentialAction":[{"@type":"SearchAction","target":{"@type":"EntryPoint","urlTemplate":"https:\/\/karavansay.com\/en\/?s={search_term_string}"},"query-input":{"@type":"PropertyValueSpecification","valueRequired":true,"valueName":"search_term_string"}}],"inLanguage":"en-US"},{"@type":"Organization","@id":"https:\/\/karavansay.com\/en\/#organization","name":"Karavansay","url":"https:\/\/karavansay.com\/en\/","logo":{"@type":"ImageObject","inLanguage":"en-US","@id":"https:\/\/karavansay.com\/en\/#\/schema\/logo\/image\/","url":"https:\/\/karavansay.com\/wp-content\/uploads\/2022\/04\/logo.webp","contentUrl":"https:\/\/karavansay.com\/wp-content\/uploads\/2022\/04\/logo.webp","width":342,"height":342,"caption":"Karavansay"},"image":{"@id":"https:\/\/karavansay.com\/en\/#\/schema\/logo\/image\/"}}]}},"_links":{"self":[{"href":"https:\/\/karavansay.com\/en\/wp-json\/wp\/v2\/product\/766","targetHints":{"allow":["GET"]}}],"collection":[{"href":"https:\/\/karavansay.com\/en\/wp-json\/wp\/v2\/product"}],"about":[{"href":"https:\/\/karavansay.com\/en\/wp-json\/wp\/v2\/types\/product"}],"replies":[{"embeddable":true,"href":"https:\/\/karavansay.com\/en\/wp-json\/wp\/v2\/comments?post=766"}],"wp:featuredmedia":[{"embeddable":true,"href":"https:\/\/karavansay.com\/en\/wp-json\/wp\/v2\/media\/10581"}],"wp:attachment":[{"href":"https:\/\/karavansay.com\/en\/wp-json\/wp\/v2\/media?parent=766"}],"wp:term":[{"taxonomy":"product_brand","embeddable":true,"href":"https:\/\/karavansay.com\/en\/wp-json\/wp\/v2\/product_brand?post=766"},{"taxonomy":"product_cat","embeddable":true,"href":"https:\/\/karavansay.com\/en\/wp-json\/wp\/v2\/product_cat?post=766"},{"taxonomy":"product_tag","embeddable":true,"href":"https:\/\/karavansay.com\/en\/wp-json\/wp\/v2\/product_tag?post=766"}],"curies":[{"name":"wp","href":"https:\/\/api.w.org\/{rel}","templated":true}]}}