{"id":6035,"date":"2023-09-04T13:18:31","date_gmt":"2023-09-04T13:18:31","guid":{"rendered":"https:\/\/karavansay.com\/?post_type=product&#038;p=6035"},"modified":"2026-04-13T19:10:53","modified_gmt":"2026-04-13T19:10:53","slug":"quinua-tricolor-350g","status":"publish","type":"product","link":"https:\/\/karavansay.com\/en\/producto\/quinua-tricolor-350g\/","title":{"rendered":"Quinua tricolor 350g"},"content":{"rendered":"<p>Esta variedad de quinua re\u00fane la suavidad, la firmeza y los nutrientes de sus tres componentes en una mezcla lista para usar, logrando un equilibrio perfecto de texturas que se adapta a cualquier receta. Al ser una opci\u00f3n libre de saponina que aporta fibra y prote\u00edna completa, es ideal para quienes desean elevar el nivel de sus platos con un producto vers\u00e1til que garantiza una apariencia vibrante y una consistencia suelta en cada preparaci\u00f3n.<\/p>\n","protected":false},"excerpt":{"rendered":"<p data-path-to-node=\"3,0\"><b data-path-to-node=\"3\" data-index-in-node=\"0\">La Quinua tricolor Karavansay<\/b> es una mezcla equilibrada que re\u00fane tres variedades seleccionadas para ofrecer una experiencia gastron\u00f3mica completa, integrando la suavidad caracter\u00edstica de la quinua blanca con la firmeza de la roja y el sabor profundo de la quinua negra. Esta combinaci\u00f3n destaca por su apariencia visual atractiva y su textura resistente, proporcionando una fuente de prote\u00edna vegetal que contiene los amino\u00e1cidos esenciales en un producto libre de saponina, lo que la convierte en el ingrediente ideal para quienes buscan diferenciaci\u00f3n visual y firmeza en sus platos diarios sin complicaciones al cocinar, ya que su grano prelavado facilita una preparaci\u00f3n r\u00e1pida y eficiente en cualquier receta.<\/p>\n","protected":false},"featured_media":15134,"comment_status":"open","ping_status":"closed","template":"","meta":{"_acf_changed":false,"content-type":"","inline_featured_image":false,"neve_meta_sidebar":"","neve_meta_container":"","neve_meta_enable_content_width":"off","neve_meta_content_width":100,"neve_meta_title_alignment":"","neve_meta_author_avatar":"","neve_post_elements_order":"","neve_meta_disable_header":"","neve_meta_disable_footer":"","neve_meta_disable_title":""},"product_brand":[],"product_cat":[18],"product_tag":[],"class_list":{"0":"post-6035","1":"product","2":"type-product","3":"status-publish","4":"has-post-thumbnail","6":"product_cat-granos-y-semillas","8":"first","9":"instock","10":"taxable","11":"shipping-taxable","12":"purchasable","13":"product-type-simple"},"acf":[],"yoast_head":"<!-- This site is optimized with the Yoast SEO plugin v27.6 - https:\/\/yoast.com\/product\/yoast-seo-wordpress\/ -->\n<title>Quinua tricolor 350g - Karavansay \/ Natural and Healthy Foods<\/title>\n<meta name=\"description\" content=\"Quinua-tricolor Karavansay, mezcla de blanca, roja y negra. Sin gluten, sin saponina, rica en prote\u00edna y fibra. Ideal para ensaladas o bowls.\" \/>\n<meta name=\"robots\" content=\"index, follow, max-snippet:-1, max-image-preview:large, max-video-preview:-1\" \/>\n<link rel=\"canonical\" href=\"https:\/\/karavansay.com\/en\/producto\/quinua-tricolor-350g\/\" \/>\n<meta property=\"og:locale\" content=\"en_US\" \/>\n<meta property=\"og:type\" content=\"article\" \/>\n<meta property=\"og:title\" content=\"Quinua tricolor 350g - Karavansay \/ Natural and Healthy Foods\" \/>\n<meta property=\"og:description\" content=\"Quinua-tricolor Karavansay, mezcla de blanca, roja y negra. Sin gluten, sin saponina, rica en prote\u00edna y fibra. Ideal para ensaladas o bowls.\" \/>\n<meta property=\"og:url\" content=\"https:\/\/karavansay.com\/en\/producto\/quinua-tricolor-350g\/\" \/>\n<meta property=\"og:site_name\" content=\"Karavansay \/ Natural and Healthy Foods\" \/>\n<meta property=\"article:modified_time\" content=\"2026-04-13T19:10:53+00:00\" \/>\n<meta property=\"og:image\" content=\"https:\/\/karavansay.com\/wp-content\/uploads\/2023\/09\/Quinua-tricolor.png\" \/>\n\t<meta property=\"og:image:width\" content=\"1000\" \/>\n\t<meta property=\"og:image:height\" content=\"1000\" \/>\n\t<meta property=\"og:image:type\" content=\"image\/png\" \/>\n<meta name=\"twitter:card\" content=\"summary_large_image\" \/>\n<meta name=\"twitter:label1\" content=\"Est. reading time\" \/>\n\t<meta name=\"twitter:data1\" content=\"1 minute\" \/>\n<script type=\"application\/ld+json\" class=\"yoast-schema-graph\">{\"@context\":\"https:\\\/\\\/schema.org\",\"@graph\":[{\"@type\":\"WebPage\",\"@id\":\"https:\\\/\\\/karavansay.com\\\/en\\\/producto\\\/quinua-tricolor-350g\\\/\",\"url\":\"https:\\\/\\\/karavansay.com\\\/en\\\/producto\\\/quinua-tricolor-350g\\\/\",\"name\":\"Quinua tricolor 350g - Karavansay \\\/ Natural and Healthy Foods\",\"isPartOf\":{\"@id\":\"https:\\\/\\\/karavansay.com\\\/en\\\/#website\"},\"primaryImageOfPage\":{\"@id\":\"https:\\\/\\\/karavansay.com\\\/en\\\/producto\\\/quinua-tricolor-350g\\\/#primaryimage\"},\"image\":{\"@id\":\"https:\\\/\\\/karavansay.com\\\/en\\\/producto\\\/quinua-tricolor-350g\\\/#primaryimage\"},\"thumbnailUrl\":\"https:\\\/\\\/karavansay.com\\\/wp-content\\\/uploads\\\/2023\\\/09\\\/Quinua-tricolor.png\",\"datePublished\":\"2023-09-04T13:18:31+00:00\",\"dateModified\":\"2026-04-13T19:10:53+00:00\",\"description\":\"Quinua-tricolor Karavansay, mezcla de blanca, roja y negra. Sin gluten, sin saponina, rica en prote\u00edna y fibra. Ideal para ensaladas o bowls.\",\"breadcrumb\":{\"@id\":\"https:\\\/\\\/karavansay.com\\\/en\\\/producto\\\/quinua-tricolor-350g\\\/#breadcrumb\"},\"inLanguage\":\"en-US\",\"potentialAction\":[{\"@type\":\"ReadAction\",\"target\":[\"https:\\\/\\\/karavansay.com\\\/en\\\/producto\\\/quinua-tricolor-350g\\\/\"]}]},{\"@type\":\"ImageObject\",\"inLanguage\":\"en-US\",\"@id\":\"https:\\\/\\\/karavansay.com\\\/en\\\/producto\\\/quinua-tricolor-350g\\\/#primaryimage\",\"url\":\"https:\\\/\\\/karavansay.com\\\/wp-content\\\/uploads\\\/2023\\\/09\\\/Quinua-tricolor.png\",\"contentUrl\":\"https:\\\/\\\/karavansay.com\\\/wp-content\\\/uploads\\\/2023\\\/09\\\/Quinua-tricolor.png\",\"width\":1000,\"height\":1000},{\"@type\":\"BreadcrumbList\",\"@id\":\"https:\\\/\\\/karavansay.com\\\/en\\\/producto\\\/quinua-tricolor-350g\\\/#breadcrumb\",\"itemListElement\":[{\"@type\":\"ListItem\",\"position\":1,\"name\":\"Portada\",\"item\":\"https:\\\/\\\/karavansay.com\\\/en\\\/\"},{\"@type\":\"ListItem\",\"position\":2,\"name\":\"Tienda\",\"item\":\"https:\\\/\\\/karavansay.com\\\/tienda-karavansay\\\/\"},{\"@type\":\"ListItem\",\"position\":3,\"name\":\"Quinua tricolor 350g\"}]},{\"@type\":\"WebSite\",\"@id\":\"https:\\\/\\\/karavansay.com\\\/en\\\/#website\",\"url\":\"https:\\\/\\\/karavansay.com\\\/en\\\/\",\"name\":\"Karavansay \\\/ Natural and Healthy Foods\",\"description\":\"Alimentos naturales y libres de gluten\",\"publisher\":{\"@id\":\"https:\\\/\\\/karavansay.com\\\/en\\\/#organization\"},\"potentialAction\":[{\"@type\":\"SearchAction\",\"target\":{\"@type\":\"EntryPoint\",\"urlTemplate\":\"https:\\\/\\\/karavansay.com\\\/en\\\/?s={search_term_string}\"},\"query-input\":{\"@type\":\"PropertyValueSpecification\",\"valueRequired\":true,\"valueName\":\"search_term_string\"}}],\"inLanguage\":\"en-US\"},{\"@type\":\"Organization\",\"@id\":\"https:\\\/\\\/karavansay.com\\\/en\\\/#organization\",\"name\":\"Karavansay\",\"url\":\"https:\\\/\\\/karavansay.com\\\/en\\\/\",\"logo\":{\"@type\":\"ImageObject\",\"inLanguage\":\"en-US\",\"@id\":\"https:\\\/\\\/karavansay.com\\\/en\\\/#\\\/schema\\\/logo\\\/image\\\/\",\"url\":\"https:\\\/\\\/karavansay.com\\\/wp-content\\\/uploads\\\/2022\\\/04\\\/logo.webp\",\"contentUrl\":\"https:\\\/\\\/karavansay.com\\\/wp-content\\\/uploads\\\/2022\\\/04\\\/logo.webp\",\"width\":342,\"height\":342,\"caption\":\"Karavansay\"},\"image\":{\"@id\":\"https:\\\/\\\/karavansay.com\\\/en\\\/#\\\/schema\\\/logo\\\/image\\\/\"}}]}<\/script>\n<!-- \/ Yoast SEO plugin. -->","yoast_head_json":{"title":"Quinua tricolor 350g - Karavansay \/ Natural and Healthy Foods","description":"Quinua-tricolor Karavansay, mezcla de blanca, roja y negra. Sin gluten, sin saponina, rica en prote\u00edna y fibra. Ideal para ensaladas o bowls.","robots":{"index":"index","follow":"follow","max-snippet":"max-snippet:-1","max-image-preview":"max-image-preview:large","max-video-preview":"max-video-preview:-1"},"canonical":"https:\/\/karavansay.com\/en\/producto\/quinua-tricolor-350g\/","og_locale":"en_US","og_type":"article","og_title":"Quinua tricolor 350g - Karavansay \/ Natural and Healthy Foods","og_description":"Quinua-tricolor Karavansay, mezcla de blanca, roja y negra. Sin gluten, sin saponina, rica en prote\u00edna y fibra. Ideal para ensaladas o bowls.","og_url":"https:\/\/karavansay.com\/en\/producto\/quinua-tricolor-350g\/","og_site_name":"Karavansay \/ Natural and Healthy Foods","article_modified_time":"2026-04-13T19:10:53+00:00","og_image":[{"width":1000,"height":1000,"url":"https:\/\/karavansay.com\/wp-content\/uploads\/2023\/09\/Quinua-tricolor.png","type":"image\/png"}],"twitter_card":"summary_large_image","twitter_misc":{"Est. reading time":"1 minute"},"schema":{"@context":"https:\/\/schema.org","@graph":[{"@type":"WebPage","@id":"https:\/\/karavansay.com\/en\/producto\/quinua-tricolor-350g\/","url":"https:\/\/karavansay.com\/en\/producto\/quinua-tricolor-350g\/","name":"Quinua tricolor 350g - Karavansay \/ Natural and Healthy Foods","isPartOf":{"@id":"https:\/\/karavansay.com\/en\/#website"},"primaryImageOfPage":{"@id":"https:\/\/karavansay.com\/en\/producto\/quinua-tricolor-350g\/#primaryimage"},"image":{"@id":"https:\/\/karavansay.com\/en\/producto\/quinua-tricolor-350g\/#primaryimage"},"thumbnailUrl":"https:\/\/karavansay.com\/wp-content\/uploads\/2023\/09\/Quinua-tricolor.png","datePublished":"2023-09-04T13:18:31+00:00","dateModified":"2026-04-13T19:10:53+00:00","description":"Quinua-tricolor Karavansay, mezcla de blanca, roja y negra. Sin gluten, sin saponina, rica en prote\u00edna y fibra. Ideal para ensaladas o bowls.","breadcrumb":{"@id":"https:\/\/karavansay.com\/en\/producto\/quinua-tricolor-350g\/#breadcrumb"},"inLanguage":"en-US","potentialAction":[{"@type":"ReadAction","target":["https:\/\/karavansay.com\/en\/producto\/quinua-tricolor-350g\/"]}]},{"@type":"ImageObject","inLanguage":"en-US","@id":"https:\/\/karavansay.com\/en\/producto\/quinua-tricolor-350g\/#primaryimage","url":"https:\/\/karavansay.com\/wp-content\/uploads\/2023\/09\/Quinua-tricolor.png","contentUrl":"https:\/\/karavansay.com\/wp-content\/uploads\/2023\/09\/Quinua-tricolor.png","width":1000,"height":1000},{"@type":"BreadcrumbList","@id":"https:\/\/karavansay.com\/en\/producto\/quinua-tricolor-350g\/#breadcrumb","itemListElement":[{"@type":"ListItem","position":1,"name":"Portada","item":"https:\/\/karavansay.com\/en\/"},{"@type":"ListItem","position":2,"name":"Tienda","item":"https:\/\/karavansay.com\/tienda-karavansay\/"},{"@type":"ListItem","position":3,"name":"Quinua tricolor 350g"}]},{"@type":"WebSite","@id":"https:\/\/karavansay.com\/en\/#website","url":"https:\/\/karavansay.com\/en\/","name":"Karavansay \/ Natural and Healthy Foods","description":"Alimentos naturales y libres de gluten","publisher":{"@id":"https:\/\/karavansay.com\/en\/#organization"},"potentialAction":[{"@type":"SearchAction","target":{"@type":"EntryPoint","urlTemplate":"https:\/\/karavansay.com\/en\/?s={search_term_string}"},"query-input":{"@type":"PropertyValueSpecification","valueRequired":true,"valueName":"search_term_string"}}],"inLanguage":"en-US"},{"@type":"Organization","@id":"https:\/\/karavansay.com\/en\/#organization","name":"Karavansay","url":"https:\/\/karavansay.com\/en\/","logo":{"@type":"ImageObject","inLanguage":"en-US","@id":"https:\/\/karavansay.com\/en\/#\/schema\/logo\/image\/","url":"https:\/\/karavansay.com\/wp-content\/uploads\/2022\/04\/logo.webp","contentUrl":"https:\/\/karavansay.com\/wp-content\/uploads\/2022\/04\/logo.webp","width":342,"height":342,"caption":"Karavansay"},"image":{"@id":"https:\/\/karavansay.com\/en\/#\/schema\/logo\/image\/"}}]}},"_links":{"self":[{"href":"https:\/\/karavansay.com\/en\/wp-json\/wp\/v2\/product\/6035","targetHints":{"allow":["GET"]}}],"collection":[{"href":"https:\/\/karavansay.com\/en\/wp-json\/wp\/v2\/product"}],"about":[{"href":"https:\/\/karavansay.com\/en\/wp-json\/wp\/v2\/types\/product"}],"replies":[{"embeddable":true,"href":"https:\/\/karavansay.com\/en\/wp-json\/wp\/v2\/comments?post=6035"}],"wp:featuredmedia":[{"embeddable":true,"href":"https:\/\/karavansay.com\/en\/wp-json\/wp\/v2\/media\/15134"}],"wp:attachment":[{"href":"https:\/\/karavansay.com\/en\/wp-json\/wp\/v2\/media?parent=6035"}],"wp:term":[{"taxonomy":"product_brand","embeddable":true,"href":"https:\/\/karavansay.com\/en\/wp-json\/wp\/v2\/product_brand?post=6035"},{"taxonomy":"product_cat","embeddable":true,"href":"https:\/\/karavansay.com\/en\/wp-json\/wp\/v2\/product_cat?post=6035"},{"taxonomy":"product_tag","embeddable":true,"href":"https:\/\/karavansay.com\/en\/wp-json\/wp\/v2\/product_tag?post=6035"}],"curies":[{"name":"wp","href":"https:\/\/api.w.org\/{rel}","templated":true}]}}