{"id":5208,"date":"2023-01-03T15:44:25","date_gmt":"2023-01-03T15:44:25","guid":{"rendered":"https:\/\/karavansay.com\/?post_type=product&#038;p=5208"},"modified":"2026-04-09T14:19:44","modified_gmt":"2026-04-09T14:19:44","slug":"galletas-de-arroz-inflado-con-quinua-sixpack","status":"publish","type":"product","link":"https:\/\/karavansay.com\/en\/producto\/galletas-de-arroz-inflado-con-quinua-sixpack\/","title":{"rendered":"Galletas de arroz inflado con quinua (SIXPACK)"},"content":{"rendered":"<p data-path-to-node=\"4\">Snack ligero de arroz integral y quinua real con textura crocante y sabor neutro. Gracias a su empaque con tecnolog\u00eda de conservaci\u00f3n de frescura, mantienen su calidad por m\u00e1s tiempo, siendo la alternativa perfecta para reemplazar el pan en desayunos o meriendas. Es un producto vers\u00e1til, f\u00e1cil de transportar y dise\u00f1ado para quienes buscan ingredientes simples que se integren f\u00e1cilmente en su rutina diaria o en loncheras escolares.<\/p>\n","protected":false},"excerpt":{"rendered":"<p>Las <b data-path-to-node=\"1\" data-index-in-node=\"4\">Galletas de arroz integral inflado con quinua Karavansay<\/b> son un snack crujiente desarrollado para ofrecer saciedad y versatilidad en cualquier momento del d\u00eda. Su f\u00f3rmula combina arroz integral y semillas de quinua, logrando un perfil nutricional que aporta prote\u00edna vegetal y fibra sin recurrir a harinas refinadas. Al ser un producto de sabor neutro y libre de az\u00facares o conservantes, funciona como una base ideal para preparaciones tanto dulces como saladas, adapt\u00e1ndose a dietas veganas o reg\u00edmenes de alimentaci\u00f3n funcional.<\/p>\n","protected":false},"featured_media":10231,"comment_status":"open","ping_status":"closed","template":"","meta":{"_acf_changed":false,"content-type":"","inline_featured_image":false,"neve_meta_sidebar":"","neve_meta_container":"","neve_meta_enable_content_width":"off","neve_meta_content_width":100,"neve_meta_title_alignment":"","neve_meta_author_avatar":"","neve_post_elements_order":"","neve_meta_disable_header":"","neve_meta_disable_footer":"","neve_meta_disable_title":""},"product_brand":[],"product_cat":[17],"product_tag":[],"class_list":{"0":"post-5208","1":"product","2":"type-product","3":"status-publish","4":"has-post-thumbnail","6":"product_cat-snacks","8":"first","9":"instock","10":"taxable","11":"shipping-taxable","12":"purchasable","13":"product-type-simple"},"acf":[],"yoast_head":"<!-- This site is optimized with the Yoast SEO plugin v27.4 - https:\/\/yoast.com\/product\/yoast-seo-wordpress\/ -->\n<title>Galletas de arroz inflado con quinua (SIXPACK) - Karavansay \/ Natural and Healthy Foods<\/title>\n<meta name=\"description\" content=\"Galletas de arroz integral con semillas de quinua. Snack ligero sin gluten. Ideal para meriendas y combinaciones dulces o saladas.\" \/>\n<meta name=\"robots\" content=\"index, follow, max-snippet:-1, max-image-preview:large, max-video-preview:-1\" \/>\n<link rel=\"canonical\" href=\"https:\/\/karavansay.com\/en\/producto\/galletas-de-arroz-inflado-con-quinua-sixpack\/\" \/>\n<meta property=\"og:locale\" content=\"en_US\" \/>\n<meta property=\"og:type\" content=\"article\" \/>\n<meta property=\"og:title\" content=\"Galletas de arroz inflado con quinua (SIXPACK) - Karavansay \/ Natural and Healthy Foods\" \/>\n<meta property=\"og:description\" content=\"Galletas de arroz integral con semillas de quinua. Snack ligero sin gluten. Ideal para meriendas y combinaciones dulces o saladas.\" \/>\n<meta property=\"og:url\" content=\"https:\/\/karavansay.com\/en\/producto\/galletas-de-arroz-inflado-con-quinua-sixpack\/\" \/>\n<meta property=\"og:site_name\" content=\"Karavansay \/ Natural and Healthy Foods\" \/>\n<meta property=\"article:modified_time\" content=\"2026-04-09T14:19:44+00:00\" \/>\n<meta property=\"og:image\" content=\"https:\/\/karavansay.com\/wp-content\/uploads\/2023\/01\/Sixpack-de-Quinua-5.jpg\" \/>\n\t<meta property=\"og:image:width\" content=\"1000\" \/>\n\t<meta property=\"og:image:height\" content=\"1000\" \/>\n\t<meta property=\"og:image:type\" content=\"image\/jpeg\" \/>\n<meta name=\"twitter:card\" content=\"summary_large_image\" \/>\n<meta name=\"twitter:label1\" content=\"Est. reading time\" \/>\n\t<meta name=\"twitter:data1\" content=\"1 minute\" \/>\n<script type=\"application\/ld+json\" class=\"yoast-schema-graph\">{\"@context\":\"https:\\\/\\\/schema.org\",\"@graph\":[{\"@type\":\"WebPage\",\"@id\":\"https:\\\/\\\/karavansay.com\\\/en\\\/producto\\\/galletas-de-arroz-inflado-con-quinua-sixpack\\\/\",\"url\":\"https:\\\/\\\/karavansay.com\\\/en\\\/producto\\\/galletas-de-arroz-inflado-con-quinua-sixpack\\\/\",\"name\":\"Galletas de arroz inflado con quinua (SIXPACK) - Karavansay \\\/ Natural and Healthy Foods\",\"isPartOf\":{\"@id\":\"https:\\\/\\\/karavansay.com\\\/en\\\/#website\"},\"primaryImageOfPage\":{\"@id\":\"https:\\\/\\\/karavansay.com\\\/en\\\/producto\\\/galletas-de-arroz-inflado-con-quinua-sixpack\\\/#primaryimage\"},\"image\":{\"@id\":\"https:\\\/\\\/karavansay.com\\\/en\\\/producto\\\/galletas-de-arroz-inflado-con-quinua-sixpack\\\/#primaryimage\"},\"thumbnailUrl\":\"https:\\\/\\\/karavansay.com\\\/wp-content\\\/uploads\\\/2023\\\/01\\\/Sixpack-de-Quinua-5.jpg\",\"datePublished\":\"2023-01-03T15:44:25+00:00\",\"dateModified\":\"2026-04-09T14:19:44+00:00\",\"description\":\"Galletas de arroz integral con semillas de quinua. Snack ligero sin gluten. Ideal para meriendas y combinaciones dulces o saladas.\",\"breadcrumb\":{\"@id\":\"https:\\\/\\\/karavansay.com\\\/en\\\/producto\\\/galletas-de-arroz-inflado-con-quinua-sixpack\\\/#breadcrumb\"},\"inLanguage\":\"en-US\",\"potentialAction\":[{\"@type\":\"ReadAction\",\"target\":[\"https:\\\/\\\/karavansay.com\\\/en\\\/producto\\\/galletas-de-arroz-inflado-con-quinua-sixpack\\\/\"]}]},{\"@type\":\"ImageObject\",\"inLanguage\":\"en-US\",\"@id\":\"https:\\\/\\\/karavansay.com\\\/en\\\/producto\\\/galletas-de-arroz-inflado-con-quinua-sixpack\\\/#primaryimage\",\"url\":\"https:\\\/\\\/karavansay.com\\\/wp-content\\\/uploads\\\/2023\\\/01\\\/Sixpack-de-Quinua-5.jpg\",\"contentUrl\":\"https:\\\/\\\/karavansay.com\\\/wp-content\\\/uploads\\\/2023\\\/01\\\/Sixpack-de-Quinua-5.jpg\",\"width\":1000,\"height\":1000},{\"@type\":\"BreadcrumbList\",\"@id\":\"https:\\\/\\\/karavansay.com\\\/en\\\/producto\\\/galletas-de-arroz-inflado-con-quinua-sixpack\\\/#breadcrumb\",\"itemListElement\":[{\"@type\":\"ListItem\",\"position\":1,\"name\":\"Portada\",\"item\":\"https:\\\/\\\/karavansay.com\\\/en\\\/\"},{\"@type\":\"ListItem\",\"position\":2,\"name\":\"Tienda\",\"item\":\"https:\\\/\\\/karavansay.com\\\/tienda-karavansay\\\/\"},{\"@type\":\"ListItem\",\"position\":3,\"name\":\"Galletas de arroz inflado con quinua (SIXPACK)\"}]},{\"@type\":\"WebSite\",\"@id\":\"https:\\\/\\\/karavansay.com\\\/en\\\/#website\",\"url\":\"https:\\\/\\\/karavansay.com\\\/en\\\/\",\"name\":\"Karavansay \\\/ Natural and Healthy Foods\",\"description\":\"Alimentos naturales y libres de gluten\",\"publisher\":{\"@id\":\"https:\\\/\\\/karavansay.com\\\/en\\\/#organization\"},\"potentialAction\":[{\"@type\":\"SearchAction\",\"target\":{\"@type\":\"EntryPoint\",\"urlTemplate\":\"https:\\\/\\\/karavansay.com\\\/en\\\/?s={search_term_string}\"},\"query-input\":{\"@type\":\"PropertyValueSpecification\",\"valueRequired\":true,\"valueName\":\"search_term_string\"}}],\"inLanguage\":\"en-US\"},{\"@type\":\"Organization\",\"@id\":\"https:\\\/\\\/karavansay.com\\\/en\\\/#organization\",\"name\":\"Karavansay\",\"url\":\"https:\\\/\\\/karavansay.com\\\/en\\\/\",\"logo\":{\"@type\":\"ImageObject\",\"inLanguage\":\"en-US\",\"@id\":\"https:\\\/\\\/karavansay.com\\\/en\\\/#\\\/schema\\\/logo\\\/image\\\/\",\"url\":\"https:\\\/\\\/karavansay.com\\\/wp-content\\\/uploads\\\/2022\\\/04\\\/logo.webp\",\"contentUrl\":\"https:\\\/\\\/karavansay.com\\\/wp-content\\\/uploads\\\/2022\\\/04\\\/logo.webp\",\"width\":342,\"height\":342,\"caption\":\"Karavansay\"},\"image\":{\"@id\":\"https:\\\/\\\/karavansay.com\\\/en\\\/#\\\/schema\\\/logo\\\/image\\\/\"}}]}<\/script>\n<!-- \/ Yoast SEO plugin. -->","yoast_head_json":{"title":"Galletas de arroz inflado con quinua (SIXPACK) - Karavansay \/ Natural and Healthy Foods","description":"Galletas de arroz integral con semillas de quinua. Snack ligero sin gluten. Ideal para meriendas y combinaciones dulces o saladas.","robots":{"index":"index","follow":"follow","max-snippet":"max-snippet:-1","max-image-preview":"max-image-preview:large","max-video-preview":"max-video-preview:-1"},"canonical":"https:\/\/karavansay.com\/en\/producto\/galletas-de-arroz-inflado-con-quinua-sixpack\/","og_locale":"en_US","og_type":"article","og_title":"Galletas de arroz inflado con quinua (SIXPACK) - Karavansay \/ Natural and Healthy Foods","og_description":"Galletas de arroz integral con semillas de quinua. Snack ligero sin gluten. Ideal para meriendas y combinaciones dulces o saladas.","og_url":"https:\/\/karavansay.com\/en\/producto\/galletas-de-arroz-inflado-con-quinua-sixpack\/","og_site_name":"Karavansay \/ Natural and Healthy Foods","article_modified_time":"2026-04-09T14:19:44+00:00","og_image":[{"width":1000,"height":1000,"url":"https:\/\/karavansay.com\/wp-content\/uploads\/2023\/01\/Sixpack-de-Quinua-5.jpg","type":"image\/jpeg"}],"twitter_card":"summary_large_image","twitter_misc":{"Est. reading time":"1 minute"},"schema":{"@context":"https:\/\/schema.org","@graph":[{"@type":"WebPage","@id":"https:\/\/karavansay.com\/en\/producto\/galletas-de-arroz-inflado-con-quinua-sixpack\/","url":"https:\/\/karavansay.com\/en\/producto\/galletas-de-arroz-inflado-con-quinua-sixpack\/","name":"Galletas de arroz inflado con quinua (SIXPACK) - Karavansay \/ Natural and Healthy Foods","isPartOf":{"@id":"https:\/\/karavansay.com\/en\/#website"},"primaryImageOfPage":{"@id":"https:\/\/karavansay.com\/en\/producto\/galletas-de-arroz-inflado-con-quinua-sixpack\/#primaryimage"},"image":{"@id":"https:\/\/karavansay.com\/en\/producto\/galletas-de-arroz-inflado-con-quinua-sixpack\/#primaryimage"},"thumbnailUrl":"https:\/\/karavansay.com\/wp-content\/uploads\/2023\/01\/Sixpack-de-Quinua-5.jpg","datePublished":"2023-01-03T15:44:25+00:00","dateModified":"2026-04-09T14:19:44+00:00","description":"Galletas de arroz integral con semillas de quinua. Snack ligero sin gluten. Ideal para meriendas y combinaciones dulces o saladas.","breadcrumb":{"@id":"https:\/\/karavansay.com\/en\/producto\/galletas-de-arroz-inflado-con-quinua-sixpack\/#breadcrumb"},"inLanguage":"en-US","potentialAction":[{"@type":"ReadAction","target":["https:\/\/karavansay.com\/en\/producto\/galletas-de-arroz-inflado-con-quinua-sixpack\/"]}]},{"@type":"ImageObject","inLanguage":"en-US","@id":"https:\/\/karavansay.com\/en\/producto\/galletas-de-arroz-inflado-con-quinua-sixpack\/#primaryimage","url":"https:\/\/karavansay.com\/wp-content\/uploads\/2023\/01\/Sixpack-de-Quinua-5.jpg","contentUrl":"https:\/\/karavansay.com\/wp-content\/uploads\/2023\/01\/Sixpack-de-Quinua-5.jpg","width":1000,"height":1000},{"@type":"BreadcrumbList","@id":"https:\/\/karavansay.com\/en\/producto\/galletas-de-arroz-inflado-con-quinua-sixpack\/#breadcrumb","itemListElement":[{"@type":"ListItem","position":1,"name":"Portada","item":"https:\/\/karavansay.com\/en\/"},{"@type":"ListItem","position":2,"name":"Tienda","item":"https:\/\/karavansay.com\/tienda-karavansay\/"},{"@type":"ListItem","position":3,"name":"Galletas de arroz inflado con quinua (SIXPACK)"}]},{"@type":"WebSite","@id":"https:\/\/karavansay.com\/en\/#website","url":"https:\/\/karavansay.com\/en\/","name":"Karavansay \/ Natural and Healthy Foods","description":"Alimentos naturales y libres de gluten","publisher":{"@id":"https:\/\/karavansay.com\/en\/#organization"},"potentialAction":[{"@type":"SearchAction","target":{"@type":"EntryPoint","urlTemplate":"https:\/\/karavansay.com\/en\/?s={search_term_string}"},"query-input":{"@type":"PropertyValueSpecification","valueRequired":true,"valueName":"search_term_string"}}],"inLanguage":"en-US"},{"@type":"Organization","@id":"https:\/\/karavansay.com\/en\/#organization","name":"Karavansay","url":"https:\/\/karavansay.com\/en\/","logo":{"@type":"ImageObject","inLanguage":"en-US","@id":"https:\/\/karavansay.com\/en\/#\/schema\/logo\/image\/","url":"https:\/\/karavansay.com\/wp-content\/uploads\/2022\/04\/logo.webp","contentUrl":"https:\/\/karavansay.com\/wp-content\/uploads\/2022\/04\/logo.webp","width":342,"height":342,"caption":"Karavansay"},"image":{"@id":"https:\/\/karavansay.com\/en\/#\/schema\/logo\/image\/"}}]}},"_links":{"self":[{"href":"https:\/\/karavansay.com\/en\/wp-json\/wp\/v2\/product\/5208","targetHints":{"allow":["GET"]}}],"collection":[{"href":"https:\/\/karavansay.com\/en\/wp-json\/wp\/v2\/product"}],"about":[{"href":"https:\/\/karavansay.com\/en\/wp-json\/wp\/v2\/types\/product"}],"replies":[{"embeddable":true,"href":"https:\/\/karavansay.com\/en\/wp-json\/wp\/v2\/comments?post=5208"}],"wp:featuredmedia":[{"embeddable":true,"href":"https:\/\/karavansay.com\/en\/wp-json\/wp\/v2\/media\/10231"}],"wp:attachment":[{"href":"https:\/\/karavansay.com\/en\/wp-json\/wp\/v2\/media?parent=5208"}],"wp:term":[{"taxonomy":"product_brand","embeddable":true,"href":"https:\/\/karavansay.com\/en\/wp-json\/wp\/v2\/product_brand?post=5208"},{"taxonomy":"product_cat","embeddable":true,"href":"https:\/\/karavansay.com\/en\/wp-json\/wp\/v2\/product_cat?post=5208"},{"taxonomy":"product_tag","embeddable":true,"href":"https:\/\/karavansay.com\/en\/wp-json\/wp\/v2\/product_tag?post=5208"}],"curies":[{"name":"wp","href":"https:\/\/api.w.org\/{rel}","templated":true}]}}