{"id":4964,"date":"2022-10-14T20:48:56","date_gmt":"2022-10-14T20:48:56","guid":{"rendered":"https:\/\/karavansay.com\/?post_type=product&#038;p=4964"},"modified":"2026-04-08T14:43:14","modified_gmt":"2026-04-08T14:43:14","slug":"galletas-de-arroz-inflado-con-linaza-docena","status":"publish","type":"product","link":"https:\/\/karavansay.com\/en\/producto\/galletas-de-arroz-inflado-con-linaza-docena\/","title":{"rendered":"Galletas de arroz inflado con linaza (docena)"},"content":{"rendered":"<p>Snack ligero de arroz integral inflado y semillas de linaza con una textura crocante y sabor neutro. Gracias a su tecnolog\u00eda de empaque que conserva la frescura, son la alternativa ideal para reemplazar panes en desayunos o meriendas, ofreciendo versatilidad y facilidad para transportar en loncheras o para consumir como refrigerio directo.<\/p>\n","protected":false},"excerpt":{"rendered":"<p data-path-to-node=\"1\">Las <b data-path-to-node=\"1\" data-index-in-node=\"4\">Galletas de arroz integral inflado con linaza Karavansay<\/b> ofrecen una textura crujiente y una ligereza \u00fanica, dise\u00f1adas para ser la base perfecta de tus comidas diarias. Gracias a la incorporaci\u00f3n de semillas de linaza, estas galletas aportan un toque natural que complementa su sabor tostado, permitiendo combinaciones infinitas tanto dulces como saladas. Es un producto vers\u00e1til, elaborado con ingredientes simples y sin aditivos, ideal para quienes buscan opciones pr\u00e1cticas y de alta calidad para integrar en cualquier momento del d\u00eda.<\/p>\n","protected":false},"featured_media":14913,"comment_status":"open","ping_status":"closed","template":"","meta":{"_acf_changed":false,"content-type":"","inline_featured_image":false,"neve_meta_sidebar":"","neve_meta_container":"","neve_meta_enable_content_width":"off","neve_meta_content_width":100,"neve_meta_title_alignment":"","neve_meta_author_avatar":"","neve_post_elements_order":"","neve_meta_disable_header":"","neve_meta_disable_footer":"","neve_meta_disable_title":""},"product_brand":[],"product_cat":[17],"product_tag":[27],"class_list":{"0":"post-4964","1":"product","2":"type-product","3":"status-publish","4":"has-post-thumbnail","6":"product_cat-snacks","7":"product_tag-docena","9":"first","10":"instock","11":"taxable","12":"shipping-taxable","13":"purchasable","14":"product-type-simple"},"acf":[],"yoast_head":"<!-- This site is optimized with the Yoast SEO plugin v27.6 - https:\/\/yoast.com\/product\/yoast-seo-wordpress\/ -->\n<title>Galletas de arroz inflado con linaza (docena) - Karavansay \/ Natural and Healthy Foods<\/title>\n<meta name=\"description\" content=\"Mini galletas crocantes de arroz integral inflado con linaza. Fuente de fibra y omega 3. Sin gluten, y listas para combinar con lo que m\u00e1s te guste.\" \/>\n<meta name=\"robots\" content=\"index, follow, max-snippet:-1, max-image-preview:large, max-video-preview:-1\" \/>\n<link rel=\"canonical\" href=\"https:\/\/karavansay.com\/en\/producto\/galletas-de-arroz-inflado-con-linaza-docena\/\" \/>\n<meta property=\"og:locale\" content=\"en_US\" \/>\n<meta property=\"og:type\" content=\"article\" \/>\n<meta property=\"og:title\" content=\"Galletas de arroz inflado con linaza (docena) - Karavansay \/ Natural and Healthy Foods\" \/>\n<meta property=\"og:description\" content=\"Mini galletas crocantes de arroz integral inflado con linaza. Fuente de fibra y omega 3. Sin gluten, y listas para combinar con lo que m\u00e1s te guste.\" \/>\n<meta property=\"og:url\" content=\"https:\/\/karavansay.com\/en\/producto\/galletas-de-arroz-inflado-con-linaza-docena\/\" \/>\n<meta property=\"og:site_name\" content=\"Karavansay \/ Natural and Healthy Foods\" \/>\n<meta property=\"article:modified_time\" content=\"2026-04-08T14:43:14+00:00\" \/>\n<meta property=\"og:image\" content=\"https:\/\/karavansay.com\/wp-content\/uploads\/2022\/10\/Galletas-mini-de-Linaza.png\" \/>\n\t<meta property=\"og:image:width\" content=\"1000\" \/>\n\t<meta property=\"og:image:height\" content=\"1000\" \/>\n\t<meta property=\"og:image:type\" content=\"image\/png\" \/>\n<meta name=\"twitter:card\" content=\"summary_large_image\" \/>\n<meta name=\"twitter:label1\" content=\"Est. reading time\" \/>\n\t<meta name=\"twitter:data1\" content=\"1 minute\" \/>\n<script type=\"application\/ld+json\" class=\"yoast-schema-graph\">{\"@context\":\"https:\\\/\\\/schema.org\",\"@graph\":[{\"@type\":\"WebPage\",\"@id\":\"https:\\\/\\\/karavansay.com\\\/en\\\/producto\\\/galletas-de-arroz-inflado-con-linaza-docena\\\/\",\"url\":\"https:\\\/\\\/karavansay.com\\\/en\\\/producto\\\/galletas-de-arroz-inflado-con-linaza-docena\\\/\",\"name\":\"Galletas de arroz inflado con linaza (docena) - Karavansay \\\/ Natural and Healthy Foods\",\"isPartOf\":{\"@id\":\"https:\\\/\\\/karavansay.com\\\/en\\\/#website\"},\"primaryImageOfPage\":{\"@id\":\"https:\\\/\\\/karavansay.com\\\/en\\\/producto\\\/galletas-de-arroz-inflado-con-linaza-docena\\\/#primaryimage\"},\"image\":{\"@id\":\"https:\\\/\\\/karavansay.com\\\/en\\\/producto\\\/galletas-de-arroz-inflado-con-linaza-docena\\\/#primaryimage\"},\"thumbnailUrl\":\"https:\\\/\\\/karavansay.com\\\/wp-content\\\/uploads\\\/2022\\\/10\\\/Galletas-mini-de-Linaza.png\",\"datePublished\":\"2022-10-14T20:48:56+00:00\",\"dateModified\":\"2026-04-08T14:43:14+00:00\",\"description\":\"Mini galletas crocantes de arroz integral inflado con linaza. Fuente de fibra y omega 3. Sin gluten, y listas para combinar con lo que m\u00e1s te guste.\",\"breadcrumb\":{\"@id\":\"https:\\\/\\\/karavansay.com\\\/en\\\/producto\\\/galletas-de-arroz-inflado-con-linaza-docena\\\/#breadcrumb\"},\"inLanguage\":\"en-US\",\"potentialAction\":[{\"@type\":\"ReadAction\",\"target\":[\"https:\\\/\\\/karavansay.com\\\/en\\\/producto\\\/galletas-de-arroz-inflado-con-linaza-docena\\\/\"]}]},{\"@type\":\"ImageObject\",\"inLanguage\":\"en-US\",\"@id\":\"https:\\\/\\\/karavansay.com\\\/en\\\/producto\\\/galletas-de-arroz-inflado-con-linaza-docena\\\/#primaryimage\",\"url\":\"https:\\\/\\\/karavansay.com\\\/wp-content\\\/uploads\\\/2022\\\/10\\\/Galletas-mini-de-Linaza.png\",\"contentUrl\":\"https:\\\/\\\/karavansay.com\\\/wp-content\\\/uploads\\\/2022\\\/10\\\/Galletas-mini-de-Linaza.png\",\"width\":1000,\"height\":1000},{\"@type\":\"BreadcrumbList\",\"@id\":\"https:\\\/\\\/karavansay.com\\\/en\\\/producto\\\/galletas-de-arroz-inflado-con-linaza-docena\\\/#breadcrumb\",\"itemListElement\":[{\"@type\":\"ListItem\",\"position\":1,\"name\":\"Portada\",\"item\":\"https:\\\/\\\/karavansay.com\\\/en\\\/\"},{\"@type\":\"ListItem\",\"position\":2,\"name\":\"Tienda\",\"item\":\"https:\\\/\\\/karavansay.com\\\/tienda-karavansay\\\/\"},{\"@type\":\"ListItem\",\"position\":3,\"name\":\"Galletas de arroz inflado con linaza (docena)\"}]},{\"@type\":\"WebSite\",\"@id\":\"https:\\\/\\\/karavansay.com\\\/en\\\/#website\",\"url\":\"https:\\\/\\\/karavansay.com\\\/en\\\/\",\"name\":\"Karavansay \\\/ Natural and Healthy Foods\",\"description\":\"Alimentos naturales y libres de gluten\",\"publisher\":{\"@id\":\"https:\\\/\\\/karavansay.com\\\/en\\\/#organization\"},\"potentialAction\":[{\"@type\":\"SearchAction\",\"target\":{\"@type\":\"EntryPoint\",\"urlTemplate\":\"https:\\\/\\\/karavansay.com\\\/en\\\/?s={search_term_string}\"},\"query-input\":{\"@type\":\"PropertyValueSpecification\",\"valueRequired\":true,\"valueName\":\"search_term_string\"}}],\"inLanguage\":\"en-US\"},{\"@type\":\"Organization\",\"@id\":\"https:\\\/\\\/karavansay.com\\\/en\\\/#organization\",\"name\":\"Karavansay\",\"url\":\"https:\\\/\\\/karavansay.com\\\/en\\\/\",\"logo\":{\"@type\":\"ImageObject\",\"inLanguage\":\"en-US\",\"@id\":\"https:\\\/\\\/karavansay.com\\\/en\\\/#\\\/schema\\\/logo\\\/image\\\/\",\"url\":\"https:\\\/\\\/karavansay.com\\\/wp-content\\\/uploads\\\/2022\\\/04\\\/logo.webp\",\"contentUrl\":\"https:\\\/\\\/karavansay.com\\\/wp-content\\\/uploads\\\/2022\\\/04\\\/logo.webp\",\"width\":342,\"height\":342,\"caption\":\"Karavansay\"},\"image\":{\"@id\":\"https:\\\/\\\/karavansay.com\\\/en\\\/#\\\/schema\\\/logo\\\/image\\\/\"}}]}<\/script>\n<!-- \/ Yoast SEO plugin. -->","yoast_head_json":{"title":"Galletas de arroz inflado con linaza (docena) - Karavansay \/ Natural and Healthy Foods","description":"Mini galletas crocantes de arroz integral inflado con linaza. Fuente de fibra y omega 3. Sin gluten, y listas para combinar con lo que m\u00e1s te guste.","robots":{"index":"index","follow":"follow","max-snippet":"max-snippet:-1","max-image-preview":"max-image-preview:large","max-video-preview":"max-video-preview:-1"},"canonical":"https:\/\/karavansay.com\/en\/producto\/galletas-de-arroz-inflado-con-linaza-docena\/","og_locale":"en_US","og_type":"article","og_title":"Galletas de arroz inflado con linaza (docena) - Karavansay \/ Natural and Healthy Foods","og_description":"Mini galletas crocantes de arroz integral inflado con linaza. Fuente de fibra y omega 3. Sin gluten, y listas para combinar con lo que m\u00e1s te guste.","og_url":"https:\/\/karavansay.com\/en\/producto\/galletas-de-arroz-inflado-con-linaza-docena\/","og_site_name":"Karavansay \/ Natural and Healthy Foods","article_modified_time":"2026-04-08T14:43:14+00:00","og_image":[{"width":1000,"height":1000,"url":"https:\/\/karavansay.com\/wp-content\/uploads\/2022\/10\/Galletas-mini-de-Linaza.png","type":"image\/png"}],"twitter_card":"summary_large_image","twitter_misc":{"Est. reading time":"1 minute"},"schema":{"@context":"https:\/\/schema.org","@graph":[{"@type":"WebPage","@id":"https:\/\/karavansay.com\/en\/producto\/galletas-de-arroz-inflado-con-linaza-docena\/","url":"https:\/\/karavansay.com\/en\/producto\/galletas-de-arroz-inflado-con-linaza-docena\/","name":"Galletas de arroz inflado con linaza (docena) - Karavansay \/ Natural and Healthy Foods","isPartOf":{"@id":"https:\/\/karavansay.com\/en\/#website"},"primaryImageOfPage":{"@id":"https:\/\/karavansay.com\/en\/producto\/galletas-de-arroz-inflado-con-linaza-docena\/#primaryimage"},"image":{"@id":"https:\/\/karavansay.com\/en\/producto\/galletas-de-arroz-inflado-con-linaza-docena\/#primaryimage"},"thumbnailUrl":"https:\/\/karavansay.com\/wp-content\/uploads\/2022\/10\/Galletas-mini-de-Linaza.png","datePublished":"2022-10-14T20:48:56+00:00","dateModified":"2026-04-08T14:43:14+00:00","description":"Mini galletas crocantes de arroz integral inflado con linaza. Fuente de fibra y omega 3. Sin gluten, y listas para combinar con lo que m\u00e1s te guste.","breadcrumb":{"@id":"https:\/\/karavansay.com\/en\/producto\/galletas-de-arroz-inflado-con-linaza-docena\/#breadcrumb"},"inLanguage":"en-US","potentialAction":[{"@type":"ReadAction","target":["https:\/\/karavansay.com\/en\/producto\/galletas-de-arroz-inflado-con-linaza-docena\/"]}]},{"@type":"ImageObject","inLanguage":"en-US","@id":"https:\/\/karavansay.com\/en\/producto\/galletas-de-arroz-inflado-con-linaza-docena\/#primaryimage","url":"https:\/\/karavansay.com\/wp-content\/uploads\/2022\/10\/Galletas-mini-de-Linaza.png","contentUrl":"https:\/\/karavansay.com\/wp-content\/uploads\/2022\/10\/Galletas-mini-de-Linaza.png","width":1000,"height":1000},{"@type":"BreadcrumbList","@id":"https:\/\/karavansay.com\/en\/producto\/galletas-de-arroz-inflado-con-linaza-docena\/#breadcrumb","itemListElement":[{"@type":"ListItem","position":1,"name":"Portada","item":"https:\/\/karavansay.com\/en\/"},{"@type":"ListItem","position":2,"name":"Tienda","item":"https:\/\/karavansay.com\/tienda-karavansay\/"},{"@type":"ListItem","position":3,"name":"Galletas de arroz inflado con linaza (docena)"}]},{"@type":"WebSite","@id":"https:\/\/karavansay.com\/en\/#website","url":"https:\/\/karavansay.com\/en\/","name":"Karavansay \/ Natural and Healthy Foods","description":"Alimentos naturales y libres de gluten","publisher":{"@id":"https:\/\/karavansay.com\/en\/#organization"},"potentialAction":[{"@type":"SearchAction","target":{"@type":"EntryPoint","urlTemplate":"https:\/\/karavansay.com\/en\/?s={search_term_string}"},"query-input":{"@type":"PropertyValueSpecification","valueRequired":true,"valueName":"search_term_string"}}],"inLanguage":"en-US"},{"@type":"Organization","@id":"https:\/\/karavansay.com\/en\/#organization","name":"Karavansay","url":"https:\/\/karavansay.com\/en\/","logo":{"@type":"ImageObject","inLanguage":"en-US","@id":"https:\/\/karavansay.com\/en\/#\/schema\/logo\/image\/","url":"https:\/\/karavansay.com\/wp-content\/uploads\/2022\/04\/logo.webp","contentUrl":"https:\/\/karavansay.com\/wp-content\/uploads\/2022\/04\/logo.webp","width":342,"height":342,"caption":"Karavansay"},"image":{"@id":"https:\/\/karavansay.com\/en\/#\/schema\/logo\/image\/"}}]}},"_links":{"self":[{"href":"https:\/\/karavansay.com\/en\/wp-json\/wp\/v2\/product\/4964","targetHints":{"allow":["GET"]}}],"collection":[{"href":"https:\/\/karavansay.com\/en\/wp-json\/wp\/v2\/product"}],"about":[{"href":"https:\/\/karavansay.com\/en\/wp-json\/wp\/v2\/types\/product"}],"replies":[{"embeddable":true,"href":"https:\/\/karavansay.com\/en\/wp-json\/wp\/v2\/comments?post=4964"}],"wp:featuredmedia":[{"embeddable":true,"href":"https:\/\/karavansay.com\/en\/wp-json\/wp\/v2\/media\/14913"}],"wp:attachment":[{"href":"https:\/\/karavansay.com\/en\/wp-json\/wp\/v2\/media?parent=4964"}],"wp:term":[{"taxonomy":"product_brand","embeddable":true,"href":"https:\/\/karavansay.com\/en\/wp-json\/wp\/v2\/product_brand?post=4964"},{"taxonomy":"product_cat","embeddable":true,"href":"https:\/\/karavansay.com\/en\/wp-json\/wp\/v2\/product_cat?post=4964"},{"taxonomy":"product_tag","embeddable":true,"href":"https:\/\/karavansay.com\/en\/wp-json\/wp\/v2\/product_tag?post=4964"}],"curies":[{"name":"wp","href":"https:\/\/api.w.org\/{rel}","templated":true}]}}