{"id":2864,"date":"2022-03-10T19:23:18","date_gmt":"2022-03-10T19:23:18","guid":{"rendered":"https:\/\/karavansay.com\/?post_type=product&#038;p=2864"},"modified":"2026-04-15T20:50:28","modified_gmt":"2026-04-15T20:50:28","slug":"harina-de-avena","status":"publish","type":"product","link":"https:\/\/karavansay.com\/en\/producto\/harina-de-avena\/","title":{"rendered":"Harina de Avena x 454 g"},"content":{"rendered":"<p>Harina de textura suave y f\u00e1cil de mezclar, ideal para hornear panes, bizcochos o preparar desayunos. Es una opci\u00f3n nutritiva y vers\u00e1til que conserva la energ\u00eda natural de la avena, dise\u00f1ada para adaptarse a todo tipo de recetas caseras con un resultado profesional y sin aditivos.<\/p>\n","protected":false},"excerpt":{"rendered":"<p>La <b data-path-to-node=\"1\" data-index-in-node=\"3\">Harina de avena Karavansay<\/b> se elabora a partir de granos cuidadosamente molidos para conservar sus propiedades y facilitar su uso en diversas preparaciones. Es una alternativa funcional que permite reemplazar harinas tradicionales en recetas dulces o saladas, aportando una textura suave y un sabor natural. Gracias a su proceso de producci\u00f3n, garantiza un perfil limpio, siendo ideal para quienes buscan ingredientes vers\u00e1tiles que se adapten a una alimentaci\u00f3n equilibrada sin necesidad de componentes artificiales.<\/p>\n","protected":false},"featured_media":15316,"comment_status":"open","ping_status":"closed","template":"","meta":{"_acf_changed":false,"content-type":"","inline_featured_image":false,"neve_meta_sidebar":"","neve_meta_container":"","neve_meta_enable_content_width":"off","neve_meta_content_width":100,"neve_meta_title_alignment":"","neve_meta_author_avatar":"","neve_post_elements_order":"","neve_meta_disable_header":"","neve_meta_disable_footer":"","neve_meta_disable_title":""},"product_brand":[],"product_cat":[19],"product_tag":[],"class_list":{"0":"post-2864","1":"product","2":"type-product","3":"status-publish","4":"has-post-thumbnail","6":"product_cat-harinas-y-hojuelas","8":"first","9":"instock","10":"taxable","11":"shipping-taxable","12":"purchasable","13":"product-type-simple"},"acf":[],"yoast_head":"<!-- This site is optimized with the Yoast SEO plugin v27.6 - https:\/\/yoast.com\/product\/yoast-seo-wordpress\/ -->\n<title>Harina de Avena x 454 g - Karavansay \/ Natural and Healthy Foods<\/title>\n<meta name=\"description\" content=\"Harina-de-avena-sin-gluten. Elaborada con avena certificada, rica en fibra, vitaminas y minerales. Ideal para horneados y recetas funcionales.\" \/>\n<meta name=\"robots\" content=\"index, follow, max-snippet:-1, max-image-preview:large, max-video-preview:-1\" \/>\n<link rel=\"canonical\" href=\"https:\/\/karavansay.com\/en\/producto\/harina-de-avena\/\" \/>\n<meta property=\"og:locale\" content=\"en_US\" \/>\n<meta property=\"og:type\" content=\"article\" \/>\n<meta property=\"og:title\" content=\"Harina de Avena x 454 g - Karavansay \/ Natural and Healthy Foods\" \/>\n<meta property=\"og:description\" content=\"Harina-de-avena-sin-gluten. Elaborada con avena certificada, rica en fibra, vitaminas y minerales. Ideal para horneados y recetas funcionales.\" \/>\n<meta property=\"og:url\" content=\"https:\/\/karavansay.com\/en\/producto\/harina-de-avena\/\" \/>\n<meta property=\"og:site_name\" content=\"Karavansay \/ Natural and Healthy Foods\" \/>\n<meta property=\"article:modified_time\" content=\"2026-04-15T20:50:28+00:00\" \/>\n<meta property=\"og:image\" content=\"https:\/\/karavansay.com\/wp-content\/uploads\/2022\/03\/Harina-de-avena-1.png\" \/>\n\t<meta property=\"og:image:width\" content=\"1000\" \/>\n\t<meta property=\"og:image:height\" content=\"1000\" \/>\n\t<meta property=\"og:image:type\" content=\"image\/png\" \/>\n<meta name=\"twitter:card\" content=\"summary_large_image\" \/>\n<meta name=\"twitter:label1\" content=\"Est. reading time\" \/>\n\t<meta name=\"twitter:data1\" content=\"1 minute\" \/>\n<script type=\"application\/ld+json\" class=\"yoast-schema-graph\">{\"@context\":\"https:\\\/\\\/schema.org\",\"@graph\":[{\"@type\":\"WebPage\",\"@id\":\"https:\\\/\\\/karavansay.com\\\/en\\\/producto\\\/harina-de-avena\\\/\",\"url\":\"https:\\\/\\\/karavansay.com\\\/en\\\/producto\\\/harina-de-avena\\\/\",\"name\":\"Harina de Avena x 454 g - Karavansay \\\/ Natural and Healthy Foods\",\"isPartOf\":{\"@id\":\"https:\\\/\\\/karavansay.com\\\/en\\\/#website\"},\"primaryImageOfPage\":{\"@id\":\"https:\\\/\\\/karavansay.com\\\/en\\\/producto\\\/harina-de-avena\\\/#primaryimage\"},\"image\":{\"@id\":\"https:\\\/\\\/karavansay.com\\\/en\\\/producto\\\/harina-de-avena\\\/#primaryimage\"},\"thumbnailUrl\":\"https:\\\/\\\/karavansay.com\\\/wp-content\\\/uploads\\\/2022\\\/03\\\/Harina-de-avena-1.png\",\"datePublished\":\"2022-03-10T19:23:18+00:00\",\"dateModified\":\"2026-04-15T20:50:28+00:00\",\"description\":\"Harina-de-avena-sin-gluten. Elaborada con avena certificada, rica en fibra, vitaminas y minerales. Ideal para horneados y recetas funcionales.\",\"breadcrumb\":{\"@id\":\"https:\\\/\\\/karavansay.com\\\/en\\\/producto\\\/harina-de-avena\\\/#breadcrumb\"},\"inLanguage\":\"en-US\",\"potentialAction\":[{\"@type\":\"ReadAction\",\"target\":[\"https:\\\/\\\/karavansay.com\\\/en\\\/producto\\\/harina-de-avena\\\/\"]}]},{\"@type\":\"ImageObject\",\"inLanguage\":\"en-US\",\"@id\":\"https:\\\/\\\/karavansay.com\\\/en\\\/producto\\\/harina-de-avena\\\/#primaryimage\",\"url\":\"https:\\\/\\\/karavansay.com\\\/wp-content\\\/uploads\\\/2022\\\/03\\\/Harina-de-avena-1.png\",\"contentUrl\":\"https:\\\/\\\/karavansay.com\\\/wp-content\\\/uploads\\\/2022\\\/03\\\/Harina-de-avena-1.png\",\"width\":1000,\"height\":1000},{\"@type\":\"BreadcrumbList\",\"@id\":\"https:\\\/\\\/karavansay.com\\\/en\\\/producto\\\/harina-de-avena\\\/#breadcrumb\",\"itemListElement\":[{\"@type\":\"ListItem\",\"position\":1,\"name\":\"Portada\",\"item\":\"https:\\\/\\\/karavansay.com\\\/en\\\/\"},{\"@type\":\"ListItem\",\"position\":2,\"name\":\"Tienda\",\"item\":\"https:\\\/\\\/karavansay.com\\\/tienda-karavansay\\\/\"},{\"@type\":\"ListItem\",\"position\":3,\"name\":\"Harina de Avena x 454 g\"}]},{\"@type\":\"WebSite\",\"@id\":\"https:\\\/\\\/karavansay.com\\\/en\\\/#website\",\"url\":\"https:\\\/\\\/karavansay.com\\\/en\\\/\",\"name\":\"Karavansay \\\/ Natural and Healthy Foods\",\"description\":\"Alimentos naturales y libres de gluten\",\"publisher\":{\"@id\":\"https:\\\/\\\/karavansay.com\\\/en\\\/#organization\"},\"potentialAction\":[{\"@type\":\"SearchAction\",\"target\":{\"@type\":\"EntryPoint\",\"urlTemplate\":\"https:\\\/\\\/karavansay.com\\\/en\\\/?s={search_term_string}\"},\"query-input\":{\"@type\":\"PropertyValueSpecification\",\"valueRequired\":true,\"valueName\":\"search_term_string\"}}],\"inLanguage\":\"en-US\"},{\"@type\":\"Organization\",\"@id\":\"https:\\\/\\\/karavansay.com\\\/en\\\/#organization\",\"name\":\"Karavansay\",\"url\":\"https:\\\/\\\/karavansay.com\\\/en\\\/\",\"logo\":{\"@type\":\"ImageObject\",\"inLanguage\":\"en-US\",\"@id\":\"https:\\\/\\\/karavansay.com\\\/en\\\/#\\\/schema\\\/logo\\\/image\\\/\",\"url\":\"https:\\\/\\\/karavansay.com\\\/wp-content\\\/uploads\\\/2022\\\/04\\\/logo.webp\",\"contentUrl\":\"https:\\\/\\\/karavansay.com\\\/wp-content\\\/uploads\\\/2022\\\/04\\\/logo.webp\",\"width\":342,\"height\":342,\"caption\":\"Karavansay\"},\"image\":{\"@id\":\"https:\\\/\\\/karavansay.com\\\/en\\\/#\\\/schema\\\/logo\\\/image\\\/\"}}]}<\/script>\n<!-- \/ Yoast SEO plugin. -->","yoast_head_json":{"title":"Harina de Avena x 454 g - Karavansay \/ Natural and Healthy Foods","description":"Harina-de-avena-sin-gluten. Elaborada con avena certificada, rica en fibra, vitaminas y minerales. Ideal para horneados y recetas funcionales.","robots":{"index":"index","follow":"follow","max-snippet":"max-snippet:-1","max-image-preview":"max-image-preview:large","max-video-preview":"max-video-preview:-1"},"canonical":"https:\/\/karavansay.com\/en\/producto\/harina-de-avena\/","og_locale":"en_US","og_type":"article","og_title":"Harina de Avena x 454 g - Karavansay \/ Natural and Healthy Foods","og_description":"Harina-de-avena-sin-gluten. Elaborada con avena certificada, rica en fibra, vitaminas y minerales. Ideal para horneados y recetas funcionales.","og_url":"https:\/\/karavansay.com\/en\/producto\/harina-de-avena\/","og_site_name":"Karavansay \/ Natural and Healthy Foods","article_modified_time":"2026-04-15T20:50:28+00:00","og_image":[{"width":1000,"height":1000,"url":"https:\/\/karavansay.com\/wp-content\/uploads\/2022\/03\/Harina-de-avena-1.png","type":"image\/png"}],"twitter_card":"summary_large_image","twitter_misc":{"Est. reading time":"1 minute"},"schema":{"@context":"https:\/\/schema.org","@graph":[{"@type":"WebPage","@id":"https:\/\/karavansay.com\/en\/producto\/harina-de-avena\/","url":"https:\/\/karavansay.com\/en\/producto\/harina-de-avena\/","name":"Harina de Avena x 454 g - Karavansay \/ Natural and Healthy Foods","isPartOf":{"@id":"https:\/\/karavansay.com\/en\/#website"},"primaryImageOfPage":{"@id":"https:\/\/karavansay.com\/en\/producto\/harina-de-avena\/#primaryimage"},"image":{"@id":"https:\/\/karavansay.com\/en\/producto\/harina-de-avena\/#primaryimage"},"thumbnailUrl":"https:\/\/karavansay.com\/wp-content\/uploads\/2022\/03\/Harina-de-avena-1.png","datePublished":"2022-03-10T19:23:18+00:00","dateModified":"2026-04-15T20:50:28+00:00","description":"Harina-de-avena-sin-gluten. Elaborada con avena certificada, rica en fibra, vitaminas y minerales. Ideal para horneados y recetas funcionales.","breadcrumb":{"@id":"https:\/\/karavansay.com\/en\/producto\/harina-de-avena\/#breadcrumb"},"inLanguage":"en-US","potentialAction":[{"@type":"ReadAction","target":["https:\/\/karavansay.com\/en\/producto\/harina-de-avena\/"]}]},{"@type":"ImageObject","inLanguage":"en-US","@id":"https:\/\/karavansay.com\/en\/producto\/harina-de-avena\/#primaryimage","url":"https:\/\/karavansay.com\/wp-content\/uploads\/2022\/03\/Harina-de-avena-1.png","contentUrl":"https:\/\/karavansay.com\/wp-content\/uploads\/2022\/03\/Harina-de-avena-1.png","width":1000,"height":1000},{"@type":"BreadcrumbList","@id":"https:\/\/karavansay.com\/en\/producto\/harina-de-avena\/#breadcrumb","itemListElement":[{"@type":"ListItem","position":1,"name":"Portada","item":"https:\/\/karavansay.com\/en\/"},{"@type":"ListItem","position":2,"name":"Tienda","item":"https:\/\/karavansay.com\/tienda-karavansay\/"},{"@type":"ListItem","position":3,"name":"Harina de Avena x 454 g"}]},{"@type":"WebSite","@id":"https:\/\/karavansay.com\/en\/#website","url":"https:\/\/karavansay.com\/en\/","name":"Karavansay \/ Natural and Healthy Foods","description":"Alimentos naturales y libres de gluten","publisher":{"@id":"https:\/\/karavansay.com\/en\/#organization"},"potentialAction":[{"@type":"SearchAction","target":{"@type":"EntryPoint","urlTemplate":"https:\/\/karavansay.com\/en\/?s={search_term_string}"},"query-input":{"@type":"PropertyValueSpecification","valueRequired":true,"valueName":"search_term_string"}}],"inLanguage":"en-US"},{"@type":"Organization","@id":"https:\/\/karavansay.com\/en\/#organization","name":"Karavansay","url":"https:\/\/karavansay.com\/en\/","logo":{"@type":"ImageObject","inLanguage":"en-US","@id":"https:\/\/karavansay.com\/en\/#\/schema\/logo\/image\/","url":"https:\/\/karavansay.com\/wp-content\/uploads\/2022\/04\/logo.webp","contentUrl":"https:\/\/karavansay.com\/wp-content\/uploads\/2022\/04\/logo.webp","width":342,"height":342,"caption":"Karavansay"},"image":{"@id":"https:\/\/karavansay.com\/en\/#\/schema\/logo\/image\/"}}]}},"_links":{"self":[{"href":"https:\/\/karavansay.com\/en\/wp-json\/wp\/v2\/product\/2864","targetHints":{"allow":["GET"]}}],"collection":[{"href":"https:\/\/karavansay.com\/en\/wp-json\/wp\/v2\/product"}],"about":[{"href":"https:\/\/karavansay.com\/en\/wp-json\/wp\/v2\/types\/product"}],"replies":[{"embeddable":true,"href":"https:\/\/karavansay.com\/en\/wp-json\/wp\/v2\/comments?post=2864"}],"wp:featuredmedia":[{"embeddable":true,"href":"https:\/\/karavansay.com\/en\/wp-json\/wp\/v2\/media\/15316"}],"wp:attachment":[{"href":"https:\/\/karavansay.com\/en\/wp-json\/wp\/v2\/media?parent=2864"}],"wp:term":[{"taxonomy":"product_brand","embeddable":true,"href":"https:\/\/karavansay.com\/en\/wp-json\/wp\/v2\/product_brand?post=2864"},{"taxonomy":"product_cat","embeddable":true,"href":"https:\/\/karavansay.com\/en\/wp-json\/wp\/v2\/product_cat?post=2864"},{"taxonomy":"product_tag","embeddable":true,"href":"https:\/\/karavansay.com\/en\/wp-json\/wp\/v2\/product_tag?post=2864"}],"curies":[{"name":"wp","href":"https:\/\/api.w.org\/{rel}","templated":true}]}}