{"id":1563,"date":"2021-09-16T20:17:29","date_gmt":"2021-09-16T20:17:29","guid":{"rendered":"https:\/\/karavansay.com\/?post_type=product&#038;p=1563"},"modified":"2026-04-08T19:33:18","modified_gmt":"2026-04-08T19:33:18","slug":"linaza-en-semilla-x-250g","status":"publish","type":"product","link":"https:\/\/karavansay.com\/en\/producto\/linaza-en-semilla-x-250g\/","title":{"rendered":"Linaza en Semilla Doy Pack x 250G"},"content":{"rendered":"<p>Semillas naturales que ofrecen una textura \u00fanica y una gran versatilidad para enriquecer tus platos. Ideales para aportar saciedad y mejorar la consistencia de mezclas caseras, son el aliado perfecto para panes, batidos y reposter\u00eda vegetal. Un producto puro, libre de aditivos, dise\u00f1ado para integrarse de forma sencilla en cualquier estilo de vida activo y consciente.<\/p>\n","protected":false},"excerpt":{"rendered":"<p>Las <b data-path-to-node=\"3\" data-index-in-node=\"4\">Semillas de linaza Karavansay<\/b> son un complemento funcional de origen vegetal, valorado por su versatilidad y su aporte natural a la alimentaci\u00f3n diaria. Pueden utilizarse enteras, molidas o hidratadas, adapt\u00e1ndose f\u00e1cilmente a preparaciones tanto dulces como saladas. Al entrar en contacto con l\u00edquidos, estas semillas tienen la capacidad de formar un gel natural que act\u00faa como un excelente espesante o aglutinante en recetas de reposter\u00eda, convirti\u00e9ndose en un ingrediente indispensable para quienes buscan opciones pr\u00e1cticas y naturales en su cocina.<\/p>\n","protected":false},"featured_media":14869,"comment_status":"open","ping_status":"closed","template":"","meta":{"_acf_changed":false,"content-type":"","inline_featured_image":false,"neve_meta_sidebar":"","neve_meta_container":"","neve_meta_enable_content_width":"off","neve_meta_content_width":100,"neve_meta_title_alignment":"","neve_meta_author_avatar":"","neve_post_elements_order":"","neve_meta_disable_header":"","neve_meta_disable_footer":"","neve_meta_disable_title":""},"product_brand":[],"product_cat":[18],"product_tag":[],"class_list":{"0":"post-1563","1":"product","2":"type-product","3":"status-publish","4":"has-post-thumbnail","6":"product_cat-granos-y-semillas","8":"first","9":"instock","10":"taxable","11":"shipping-taxable","12":"purchasable","13":"product-type-simple"},"acf":[],"yoast_head":"<!-- This site is optimized with the Yoast SEO plugin v27.6 - https:\/\/yoast.com\/product\/yoast-seo-wordpress\/ -->\n<title>Linaza en Semilla Doy Pack x 250G - Karavansay \/ Natural and Healthy Foods<\/title>\n<meta name=\"description\" content=\"Semilla-de-linaza Karavansay, rica en fibra, omega 3 y prote\u00edna vegetal. 100% natural, sin gluten. Ideal para batidos y postres.\" \/>\n<meta name=\"robots\" content=\"index, follow, max-snippet:-1, max-image-preview:large, max-video-preview:-1\" \/>\n<link rel=\"canonical\" href=\"https:\/\/karavansay.com\/en\/producto\/linaza-en-semilla-x-250g\/\" \/>\n<meta property=\"og:locale\" content=\"en_US\" \/>\n<meta property=\"og:type\" content=\"article\" \/>\n<meta property=\"og:title\" content=\"Linaza en Semilla Doy Pack x 250G - Karavansay \/ Natural and Healthy Foods\" \/>\n<meta property=\"og:description\" content=\"Semilla-de-linaza Karavansay, rica en fibra, omega 3 y prote\u00edna vegetal. 100% natural, sin gluten. Ideal para batidos y postres.\" \/>\n<meta property=\"og:url\" content=\"https:\/\/karavansay.com\/en\/producto\/linaza-en-semilla-x-250g\/\" \/>\n<meta property=\"og:site_name\" content=\"Karavansay \/ Natural and Healthy Foods\" \/>\n<meta property=\"article:modified_time\" content=\"2026-04-08T19:33:18+00:00\" \/>\n<meta property=\"og:image\" content=\"https:\/\/karavansay.com\/wp-content\/uploads\/2021\/09\/Linaza-semilla-dp-2-1.jpg\" \/>\n\t<meta property=\"og:image:width\" content=\"1000\" \/>\n\t<meta property=\"og:image:height\" content=\"1000\" \/>\n\t<meta property=\"og:image:type\" content=\"image\/jpeg\" \/>\n<meta name=\"twitter:card\" content=\"summary_large_image\" \/>\n<meta name=\"twitter:label1\" content=\"Est. reading time\" \/>\n\t<meta name=\"twitter:data1\" content=\"1 minute\" \/>\n<script type=\"application\/ld+json\" class=\"yoast-schema-graph\">{\"@context\":\"https:\\\/\\\/schema.org\",\"@graph\":[{\"@type\":\"WebPage\",\"@id\":\"https:\\\/\\\/karavansay.com\\\/en\\\/producto\\\/linaza-en-semilla-x-250g\\\/\",\"url\":\"https:\\\/\\\/karavansay.com\\\/en\\\/producto\\\/linaza-en-semilla-x-250g\\\/\",\"name\":\"Linaza en Semilla Doy Pack x 250G - Karavansay \\\/ Natural and Healthy Foods\",\"isPartOf\":{\"@id\":\"https:\\\/\\\/karavansay.com\\\/en\\\/#website\"},\"primaryImageOfPage\":{\"@id\":\"https:\\\/\\\/karavansay.com\\\/en\\\/producto\\\/linaza-en-semilla-x-250g\\\/#primaryimage\"},\"image\":{\"@id\":\"https:\\\/\\\/karavansay.com\\\/en\\\/producto\\\/linaza-en-semilla-x-250g\\\/#primaryimage\"},\"thumbnailUrl\":\"https:\\\/\\\/karavansay.com\\\/wp-content\\\/uploads\\\/2021\\\/09\\\/Linaza-semilla-dp-2-1.jpg\",\"datePublished\":\"2021-09-16T20:17:29+00:00\",\"dateModified\":\"2026-04-08T19:33:18+00:00\",\"description\":\"Semilla-de-linaza Karavansay, rica en fibra, omega 3 y prote\u00edna vegetal. 100% natural, sin gluten. Ideal para batidos y postres.\",\"breadcrumb\":{\"@id\":\"https:\\\/\\\/karavansay.com\\\/en\\\/producto\\\/linaza-en-semilla-x-250g\\\/#breadcrumb\"},\"inLanguage\":\"en-US\",\"potentialAction\":[{\"@type\":\"ReadAction\",\"target\":[\"https:\\\/\\\/karavansay.com\\\/en\\\/producto\\\/linaza-en-semilla-x-250g\\\/\"]}]},{\"@type\":\"ImageObject\",\"inLanguage\":\"en-US\",\"@id\":\"https:\\\/\\\/karavansay.com\\\/en\\\/producto\\\/linaza-en-semilla-x-250g\\\/#primaryimage\",\"url\":\"https:\\\/\\\/karavansay.com\\\/wp-content\\\/uploads\\\/2021\\\/09\\\/Linaza-semilla-dp-2-1.jpg\",\"contentUrl\":\"https:\\\/\\\/karavansay.com\\\/wp-content\\\/uploads\\\/2021\\\/09\\\/Linaza-semilla-dp-2-1.jpg\",\"width\":1000,\"height\":1000},{\"@type\":\"BreadcrumbList\",\"@id\":\"https:\\\/\\\/karavansay.com\\\/en\\\/producto\\\/linaza-en-semilla-x-250g\\\/#breadcrumb\",\"itemListElement\":[{\"@type\":\"ListItem\",\"position\":1,\"name\":\"Portada\",\"item\":\"https:\\\/\\\/karavansay.com\\\/en\\\/\"},{\"@type\":\"ListItem\",\"position\":2,\"name\":\"Tienda\",\"item\":\"https:\\\/\\\/karavansay.com\\\/tienda-karavansay\\\/\"},{\"@type\":\"ListItem\",\"position\":3,\"name\":\"Linaza en Semilla Doy Pack x 250G\"}]},{\"@type\":\"WebSite\",\"@id\":\"https:\\\/\\\/karavansay.com\\\/en\\\/#website\",\"url\":\"https:\\\/\\\/karavansay.com\\\/en\\\/\",\"name\":\"Karavansay \\\/ Natural and Healthy Foods\",\"description\":\"Alimentos naturales y libres de gluten\",\"publisher\":{\"@id\":\"https:\\\/\\\/karavansay.com\\\/en\\\/#organization\"},\"potentialAction\":[{\"@type\":\"SearchAction\",\"target\":{\"@type\":\"EntryPoint\",\"urlTemplate\":\"https:\\\/\\\/karavansay.com\\\/en\\\/?s={search_term_string}\"},\"query-input\":{\"@type\":\"PropertyValueSpecification\",\"valueRequired\":true,\"valueName\":\"search_term_string\"}}],\"inLanguage\":\"en-US\"},{\"@type\":\"Organization\",\"@id\":\"https:\\\/\\\/karavansay.com\\\/en\\\/#organization\",\"name\":\"Karavansay\",\"url\":\"https:\\\/\\\/karavansay.com\\\/en\\\/\",\"logo\":{\"@type\":\"ImageObject\",\"inLanguage\":\"en-US\",\"@id\":\"https:\\\/\\\/karavansay.com\\\/en\\\/#\\\/schema\\\/logo\\\/image\\\/\",\"url\":\"https:\\\/\\\/karavansay.com\\\/wp-content\\\/uploads\\\/2022\\\/04\\\/logo.webp\",\"contentUrl\":\"https:\\\/\\\/karavansay.com\\\/wp-content\\\/uploads\\\/2022\\\/04\\\/logo.webp\",\"width\":342,\"height\":342,\"caption\":\"Karavansay\"},\"image\":{\"@id\":\"https:\\\/\\\/karavansay.com\\\/en\\\/#\\\/schema\\\/logo\\\/image\\\/\"}}]}<\/script>\n<!-- \/ Yoast SEO plugin. -->","yoast_head_json":{"title":"Linaza en Semilla Doy Pack x 250G - Karavansay \/ Natural and Healthy Foods","description":"Semilla-de-linaza Karavansay, rica en fibra, omega 3 y prote\u00edna vegetal. 100% natural, sin gluten. Ideal para batidos y postres.","robots":{"index":"index","follow":"follow","max-snippet":"max-snippet:-1","max-image-preview":"max-image-preview:large","max-video-preview":"max-video-preview:-1"},"canonical":"https:\/\/karavansay.com\/en\/producto\/linaza-en-semilla-x-250g\/","og_locale":"en_US","og_type":"article","og_title":"Linaza en Semilla Doy Pack x 250G - Karavansay \/ Natural and Healthy Foods","og_description":"Semilla-de-linaza Karavansay, rica en fibra, omega 3 y prote\u00edna vegetal. 100% natural, sin gluten. Ideal para batidos y postres.","og_url":"https:\/\/karavansay.com\/en\/producto\/linaza-en-semilla-x-250g\/","og_site_name":"Karavansay \/ Natural and Healthy Foods","article_modified_time":"2026-04-08T19:33:18+00:00","og_image":[{"width":1000,"height":1000,"url":"https:\/\/karavansay.com\/wp-content\/uploads\/2021\/09\/Linaza-semilla-dp-2-1.jpg","type":"image\/jpeg"}],"twitter_card":"summary_large_image","twitter_misc":{"Est. reading time":"1 minute"},"schema":{"@context":"https:\/\/schema.org","@graph":[{"@type":"WebPage","@id":"https:\/\/karavansay.com\/en\/producto\/linaza-en-semilla-x-250g\/","url":"https:\/\/karavansay.com\/en\/producto\/linaza-en-semilla-x-250g\/","name":"Linaza en Semilla Doy Pack x 250G - Karavansay \/ Natural and Healthy Foods","isPartOf":{"@id":"https:\/\/karavansay.com\/en\/#website"},"primaryImageOfPage":{"@id":"https:\/\/karavansay.com\/en\/producto\/linaza-en-semilla-x-250g\/#primaryimage"},"image":{"@id":"https:\/\/karavansay.com\/en\/producto\/linaza-en-semilla-x-250g\/#primaryimage"},"thumbnailUrl":"https:\/\/karavansay.com\/wp-content\/uploads\/2021\/09\/Linaza-semilla-dp-2-1.jpg","datePublished":"2021-09-16T20:17:29+00:00","dateModified":"2026-04-08T19:33:18+00:00","description":"Semilla-de-linaza Karavansay, rica en fibra, omega 3 y prote\u00edna vegetal. 100% natural, sin gluten. Ideal para batidos y postres.","breadcrumb":{"@id":"https:\/\/karavansay.com\/en\/producto\/linaza-en-semilla-x-250g\/#breadcrumb"},"inLanguage":"en-US","potentialAction":[{"@type":"ReadAction","target":["https:\/\/karavansay.com\/en\/producto\/linaza-en-semilla-x-250g\/"]}]},{"@type":"ImageObject","inLanguage":"en-US","@id":"https:\/\/karavansay.com\/en\/producto\/linaza-en-semilla-x-250g\/#primaryimage","url":"https:\/\/karavansay.com\/wp-content\/uploads\/2021\/09\/Linaza-semilla-dp-2-1.jpg","contentUrl":"https:\/\/karavansay.com\/wp-content\/uploads\/2021\/09\/Linaza-semilla-dp-2-1.jpg","width":1000,"height":1000},{"@type":"BreadcrumbList","@id":"https:\/\/karavansay.com\/en\/producto\/linaza-en-semilla-x-250g\/#breadcrumb","itemListElement":[{"@type":"ListItem","position":1,"name":"Portada","item":"https:\/\/karavansay.com\/en\/"},{"@type":"ListItem","position":2,"name":"Tienda","item":"https:\/\/karavansay.com\/tienda-karavansay\/"},{"@type":"ListItem","position":3,"name":"Linaza en Semilla Doy Pack x 250G"}]},{"@type":"WebSite","@id":"https:\/\/karavansay.com\/en\/#website","url":"https:\/\/karavansay.com\/en\/","name":"Karavansay \/ Natural and Healthy Foods","description":"Alimentos naturales y libres de gluten","publisher":{"@id":"https:\/\/karavansay.com\/en\/#organization"},"potentialAction":[{"@type":"SearchAction","target":{"@type":"EntryPoint","urlTemplate":"https:\/\/karavansay.com\/en\/?s={search_term_string}"},"query-input":{"@type":"PropertyValueSpecification","valueRequired":true,"valueName":"search_term_string"}}],"inLanguage":"en-US"},{"@type":"Organization","@id":"https:\/\/karavansay.com\/en\/#organization","name":"Karavansay","url":"https:\/\/karavansay.com\/en\/","logo":{"@type":"ImageObject","inLanguage":"en-US","@id":"https:\/\/karavansay.com\/en\/#\/schema\/logo\/image\/","url":"https:\/\/karavansay.com\/wp-content\/uploads\/2022\/04\/logo.webp","contentUrl":"https:\/\/karavansay.com\/wp-content\/uploads\/2022\/04\/logo.webp","width":342,"height":342,"caption":"Karavansay"},"image":{"@id":"https:\/\/karavansay.com\/en\/#\/schema\/logo\/image\/"}}]}},"_links":{"self":[{"href":"https:\/\/karavansay.com\/en\/wp-json\/wp\/v2\/product\/1563","targetHints":{"allow":["GET"]}}],"collection":[{"href":"https:\/\/karavansay.com\/en\/wp-json\/wp\/v2\/product"}],"about":[{"href":"https:\/\/karavansay.com\/en\/wp-json\/wp\/v2\/types\/product"}],"replies":[{"embeddable":true,"href":"https:\/\/karavansay.com\/en\/wp-json\/wp\/v2\/comments?post=1563"}],"wp:featuredmedia":[{"embeddable":true,"href":"https:\/\/karavansay.com\/en\/wp-json\/wp\/v2\/media\/14869"}],"wp:attachment":[{"href":"https:\/\/karavansay.com\/en\/wp-json\/wp\/v2\/media?parent=1563"}],"wp:term":[{"taxonomy":"product_brand","embeddable":true,"href":"https:\/\/karavansay.com\/en\/wp-json\/wp\/v2\/product_brand?post=1563"},{"taxonomy":"product_cat","embeddable":true,"href":"https:\/\/karavansay.com\/en\/wp-json\/wp\/v2\/product_cat?post=1563"},{"taxonomy":"product_tag","embeddable":true,"href":"https:\/\/karavansay.com\/en\/wp-json\/wp\/v2\/product_tag?post=1563"}],"curies":[{"name":"wp","href":"https:\/\/api.w.org\/{rel}","templated":true}]}}