{"id":15397,"date":"2026-04-30T12:26:22","date_gmt":"2026-04-30T12:26:22","guid":{"rendered":"https:\/\/karavansay.com\/?post_type=product&#038;p=15397"},"modified":"2026-05-08T18:53:49","modified_gmt":"2026-05-08T18:53:49","slug":"karavan-pop-manzana-canela-docena-x300g","status":"publish","type":"product","link":"https:\/\/karavansay.com\/en\/producto\/karavan-pop-manzana-canela-docena-x300g\/","title":{"rendered":"Karavan POP Manzana Canela \u2013 Docena x300g"},"content":{"rendered":"<p data-start=\"413\" data-end=\"582\">Los <strong>Karavan POP manzana canela<\/strong> (docena) es un snack pr\u00e1ctico de ma\u00edz y lenteja, f\u00e1cil de disfrutar en cualquier momento. Tienen una textura ligera, crocante y aireada. No es frito. Se elabora mediante extrusi\u00f3n, lo que permite lograr una textura crujiente sin usar aceites refinados. Adem\u00e1s, se prepara con aceite de oliva. Su sabor combina el dulzor de la manzana con el toque arom\u00e1tico de la canela, logrando un perfil equilibrado y agradable para consumir durante el d\u00eda.<\/p>\n<p data-start=\"893\" data-end=\"967\">Su composici\u00f3n es simple. Est\u00e1 libre de tartrazina y glutamato monos\u00f3dico. Gracias a su formato pr\u00e1ctico, se puede llevar f\u00e1cilmente en el bolso, la cartera o el malet\u00edn. Es ideal para loncheras, pausas en la oficina o actividades fuera de casa. Si buscas una opci\u00f3n ligera y vers\u00e1til.<\/p>\n<p data-start=\"911\" data-end=\"1024\"><a href=\"https:\/\/karavansay.com\/producto\/karavan-pop-sabor-manzana-canela-x-100g\/\">Puedes explorar otra presentaci\u00f3n de Karavan POP manzana canela seg\u00fan tu preferencia.<\/a><\/p>\n","protected":false},"excerpt":{"rendered":"<p data-start=\"120\" data-end=\"295\">Los <strong>Karavan POP manzana canela<\/strong> (docena) son un snack manzana canela saludable hecho con ma\u00edz y lenteja. Tienen una textura crocante y ligera. Se disfrutan en cualquier momento del d\u00eda.<\/p>\n<p data-start=\"297\" data-end=\"417\">No son fritos. Se elaboran mediante extrusi\u00f3n. Se preparan con aceite de oliva y no contienen ingredientes artificiales. Est\u00e1n libres de tartrazina y glutamato monos\u00f3dico. Son f\u00e1ciles de llevar y consumir.<\/p>\n","protected":false},"featured_media":15425,"comment_status":"open","ping_status":"closed","template":"","meta":{"_acf_changed":false,"content-type":"","inline_featured_image":false,"neve_meta_sidebar":"","neve_meta_container":"","neve_meta_enable_content_width":"off","neve_meta_content_width":100,"neve_meta_title_alignment":"","neve_meta_author_avatar":"","neve_post_elements_order":"","neve_meta_disable_header":"","neve_meta_disable_footer":"","neve_meta_disable_title":""},"product_brand":[],"product_cat":[17],"product_tag":[],"class_list":{"0":"post-15397","1":"product","2":"type-product","3":"status-publish","4":"has-post-thumbnail","6":"product_cat-snacks","8":"first","9":"instock","10":"taxable","11":"shipping-taxable","12":"purchasable","13":"product-type-simple"},"acf":[],"yoast_head":"<!-- This site is optimized with the Yoast SEO plugin v27.6 - https:\/\/yoast.com\/product\/yoast-seo-wordpress\/ -->\n<title>Karavan POP Manzana Canela \u2013 Docena x300g - Karavansay \/ Natural and Healthy Foods<\/title>\n<meta name=\"description\" content=\"Snack manzana canela de ma\u00edz y lenteja crocante y ligero. Karavan POP, preparado con aceite de oliva, ideal para cualquier momento.\" \/>\n<meta name=\"robots\" content=\"index, follow, max-snippet:-1, max-image-preview:large, max-video-preview:-1\" \/>\n<link rel=\"canonical\" href=\"https:\/\/karavansay.com\/en\/producto\/karavan-pop-manzana-canela-docena-x300g\/\" \/>\n<meta property=\"og:locale\" content=\"en_US\" \/>\n<meta property=\"og:type\" content=\"article\" \/>\n<meta property=\"og:title\" content=\"Karavan POP Manzana Canela \u2013 Docena x300g - Karavansay \/ Natural and Healthy Foods\" \/>\n<meta property=\"og:description\" content=\"Snack manzana canela de ma\u00edz y lenteja crocante y ligero. Karavan POP, preparado con aceite de oliva, ideal para cualquier momento.\" \/>\n<meta property=\"og:url\" content=\"https:\/\/karavansay.com\/en\/producto\/karavan-pop-manzana-canela-docena-x300g\/\" \/>\n<meta property=\"og:site_name\" content=\"Karavansay \/ Natural and Healthy Foods\" \/>\n<meta property=\"article:modified_time\" content=\"2026-05-08T18:53:49+00:00\" \/>\n<meta property=\"og:image\" content=\"https:\/\/karavansay.com\/wp-content\/uploads\/2026\/04\/karavan-pop-manzana-canela-30g-empaque-frontal.jpg\" \/>\n\t<meta property=\"og:image:width\" content=\"2000\" \/>\n\t<meta property=\"og:image:height\" content=\"2000\" \/>\n\t<meta property=\"og:image:type\" content=\"image\/jpeg\" \/>\n<meta name=\"twitter:card\" content=\"summary_large_image\" \/>\n<meta name=\"twitter:label1\" content=\"Est. reading time\" \/>\n\t<meta name=\"twitter:data1\" content=\"1 minute\" \/>\n<script type=\"application\/ld+json\" class=\"yoast-schema-graph\">{\"@context\":\"https:\\\/\\\/schema.org\",\"@graph\":[{\"@type\":\"WebPage\",\"@id\":\"https:\\\/\\\/karavansay.com\\\/en\\\/producto\\\/karavan-pop-manzana-canela-docena-x300g\\\/\",\"url\":\"https:\\\/\\\/karavansay.com\\\/en\\\/producto\\\/karavan-pop-manzana-canela-docena-x300g\\\/\",\"name\":\"Karavan POP Manzana Canela \u2013 Docena x300g - Karavansay \\\/ Natural and Healthy Foods\",\"isPartOf\":{\"@id\":\"https:\\\/\\\/karavansay.com\\\/en\\\/#website\"},\"primaryImageOfPage\":{\"@id\":\"https:\\\/\\\/karavansay.com\\\/en\\\/producto\\\/karavan-pop-manzana-canela-docena-x300g\\\/#primaryimage\"},\"image\":{\"@id\":\"https:\\\/\\\/karavansay.com\\\/en\\\/producto\\\/karavan-pop-manzana-canela-docena-x300g\\\/#primaryimage\"},\"thumbnailUrl\":\"https:\\\/\\\/karavansay.com\\\/wp-content\\\/uploads\\\/2026\\\/04\\\/karavan-pop-manzana-canela-30g-empaque-frontal.jpg\",\"datePublished\":\"2026-04-30T12:26:22+00:00\",\"dateModified\":\"2026-05-08T18:53:49+00:00\",\"description\":\"Snack manzana canela de ma\u00edz y lenteja crocante y ligero. Karavan POP, preparado con aceite de oliva, ideal para cualquier momento.\",\"breadcrumb\":{\"@id\":\"https:\\\/\\\/karavansay.com\\\/en\\\/producto\\\/karavan-pop-manzana-canela-docena-x300g\\\/#breadcrumb\"},\"inLanguage\":\"en-US\",\"potentialAction\":[{\"@type\":\"ReadAction\",\"target\":[\"https:\\\/\\\/karavansay.com\\\/en\\\/producto\\\/karavan-pop-manzana-canela-docena-x300g\\\/\"]}]},{\"@type\":\"ImageObject\",\"inLanguage\":\"en-US\",\"@id\":\"https:\\\/\\\/karavansay.com\\\/en\\\/producto\\\/karavan-pop-manzana-canela-docena-x300g\\\/#primaryimage\",\"url\":\"https:\\\/\\\/karavansay.com\\\/wp-content\\\/uploads\\\/2026\\\/04\\\/karavan-pop-manzana-canela-30g-empaque-frontal.jpg\",\"contentUrl\":\"https:\\\/\\\/karavansay.com\\\/wp-content\\\/uploads\\\/2026\\\/04\\\/karavan-pop-manzana-canela-30g-empaque-frontal.jpg\",\"width\":2000,\"height\":2000,\"caption\":\"Bolsa de snacks Karavan Pop sabor manzana canela de 30 g, empaque rosado\"},{\"@type\":\"BreadcrumbList\",\"@id\":\"https:\\\/\\\/karavansay.com\\\/en\\\/producto\\\/karavan-pop-manzana-canela-docena-x300g\\\/#breadcrumb\",\"itemListElement\":[{\"@type\":\"ListItem\",\"position\":1,\"name\":\"Portada\",\"item\":\"https:\\\/\\\/karavansay.com\\\/en\\\/\"},{\"@type\":\"ListItem\",\"position\":2,\"name\":\"Tienda\",\"item\":\"https:\\\/\\\/karavansay.com\\\/tienda-karavansay\\\/\"},{\"@type\":\"ListItem\",\"position\":3,\"name\":\"Karavan POP Manzana Canela \u2013 Docena x300g\"}]},{\"@type\":\"WebSite\",\"@id\":\"https:\\\/\\\/karavansay.com\\\/en\\\/#website\",\"url\":\"https:\\\/\\\/karavansay.com\\\/en\\\/\",\"name\":\"Karavansay \\\/ Natural and Healthy Foods\",\"description\":\"Alimentos naturales y libres de gluten\",\"publisher\":{\"@id\":\"https:\\\/\\\/karavansay.com\\\/en\\\/#organization\"},\"potentialAction\":[{\"@type\":\"SearchAction\",\"target\":{\"@type\":\"EntryPoint\",\"urlTemplate\":\"https:\\\/\\\/karavansay.com\\\/en\\\/?s={search_term_string}\"},\"query-input\":{\"@type\":\"PropertyValueSpecification\",\"valueRequired\":true,\"valueName\":\"search_term_string\"}}],\"inLanguage\":\"en-US\"},{\"@type\":\"Organization\",\"@id\":\"https:\\\/\\\/karavansay.com\\\/en\\\/#organization\",\"name\":\"Karavansay\",\"url\":\"https:\\\/\\\/karavansay.com\\\/en\\\/\",\"logo\":{\"@type\":\"ImageObject\",\"inLanguage\":\"en-US\",\"@id\":\"https:\\\/\\\/karavansay.com\\\/en\\\/#\\\/schema\\\/logo\\\/image\\\/\",\"url\":\"https:\\\/\\\/karavansay.com\\\/wp-content\\\/uploads\\\/2022\\\/04\\\/logo.webp\",\"contentUrl\":\"https:\\\/\\\/karavansay.com\\\/wp-content\\\/uploads\\\/2022\\\/04\\\/logo.webp\",\"width\":342,\"height\":342,\"caption\":\"Karavansay\"},\"image\":{\"@id\":\"https:\\\/\\\/karavansay.com\\\/en\\\/#\\\/schema\\\/logo\\\/image\\\/\"}}]}<\/script>\n<!-- \/ Yoast SEO plugin. -->","yoast_head_json":{"title":"Karavan POP Manzana Canela \u2013 Docena x300g - Karavansay \/ Natural and Healthy Foods","description":"Snack manzana canela de ma\u00edz y lenteja crocante y ligero. Karavan POP, preparado con aceite de oliva, ideal para cualquier momento.","robots":{"index":"index","follow":"follow","max-snippet":"max-snippet:-1","max-image-preview":"max-image-preview:large","max-video-preview":"max-video-preview:-1"},"canonical":"https:\/\/karavansay.com\/en\/producto\/karavan-pop-manzana-canela-docena-x300g\/","og_locale":"en_US","og_type":"article","og_title":"Karavan POP Manzana Canela \u2013 Docena x300g - Karavansay \/ Natural and Healthy Foods","og_description":"Snack manzana canela de ma\u00edz y lenteja crocante y ligero. Karavan POP, preparado con aceite de oliva, ideal para cualquier momento.","og_url":"https:\/\/karavansay.com\/en\/producto\/karavan-pop-manzana-canela-docena-x300g\/","og_site_name":"Karavansay \/ Natural and Healthy Foods","article_modified_time":"2026-05-08T18:53:49+00:00","og_image":[{"width":2000,"height":2000,"url":"https:\/\/karavansay.com\/wp-content\/uploads\/2026\/04\/karavan-pop-manzana-canela-30g-empaque-frontal.jpg","type":"image\/jpeg"}],"twitter_card":"summary_large_image","twitter_misc":{"Est. reading time":"1 minute"},"schema":{"@context":"https:\/\/schema.org","@graph":[{"@type":"WebPage","@id":"https:\/\/karavansay.com\/en\/producto\/karavan-pop-manzana-canela-docena-x300g\/","url":"https:\/\/karavansay.com\/en\/producto\/karavan-pop-manzana-canela-docena-x300g\/","name":"Karavan POP Manzana Canela \u2013 Docena x300g - Karavansay \/ Natural and Healthy Foods","isPartOf":{"@id":"https:\/\/karavansay.com\/en\/#website"},"primaryImageOfPage":{"@id":"https:\/\/karavansay.com\/en\/producto\/karavan-pop-manzana-canela-docena-x300g\/#primaryimage"},"image":{"@id":"https:\/\/karavansay.com\/en\/producto\/karavan-pop-manzana-canela-docena-x300g\/#primaryimage"},"thumbnailUrl":"https:\/\/karavansay.com\/wp-content\/uploads\/2026\/04\/karavan-pop-manzana-canela-30g-empaque-frontal.jpg","datePublished":"2026-04-30T12:26:22+00:00","dateModified":"2026-05-08T18:53:49+00:00","description":"Snack manzana canela de ma\u00edz y lenteja crocante y ligero. Karavan POP, preparado con aceite de oliva, ideal para cualquier momento.","breadcrumb":{"@id":"https:\/\/karavansay.com\/en\/producto\/karavan-pop-manzana-canela-docena-x300g\/#breadcrumb"},"inLanguage":"en-US","potentialAction":[{"@type":"ReadAction","target":["https:\/\/karavansay.com\/en\/producto\/karavan-pop-manzana-canela-docena-x300g\/"]}]},{"@type":"ImageObject","inLanguage":"en-US","@id":"https:\/\/karavansay.com\/en\/producto\/karavan-pop-manzana-canela-docena-x300g\/#primaryimage","url":"https:\/\/karavansay.com\/wp-content\/uploads\/2026\/04\/karavan-pop-manzana-canela-30g-empaque-frontal.jpg","contentUrl":"https:\/\/karavansay.com\/wp-content\/uploads\/2026\/04\/karavan-pop-manzana-canela-30g-empaque-frontal.jpg","width":2000,"height":2000,"caption":"Bolsa de snacks Karavan Pop sabor manzana canela de 30 g, empaque rosado"},{"@type":"BreadcrumbList","@id":"https:\/\/karavansay.com\/en\/producto\/karavan-pop-manzana-canela-docena-x300g\/#breadcrumb","itemListElement":[{"@type":"ListItem","position":1,"name":"Portada","item":"https:\/\/karavansay.com\/en\/"},{"@type":"ListItem","position":2,"name":"Tienda","item":"https:\/\/karavansay.com\/tienda-karavansay\/"},{"@type":"ListItem","position":3,"name":"Karavan POP Manzana Canela \u2013 Docena x300g"}]},{"@type":"WebSite","@id":"https:\/\/karavansay.com\/en\/#website","url":"https:\/\/karavansay.com\/en\/","name":"Karavansay \/ Natural and Healthy Foods","description":"Alimentos naturales y libres de gluten","publisher":{"@id":"https:\/\/karavansay.com\/en\/#organization"},"potentialAction":[{"@type":"SearchAction","target":{"@type":"EntryPoint","urlTemplate":"https:\/\/karavansay.com\/en\/?s={search_term_string}"},"query-input":{"@type":"PropertyValueSpecification","valueRequired":true,"valueName":"search_term_string"}}],"inLanguage":"en-US"},{"@type":"Organization","@id":"https:\/\/karavansay.com\/en\/#organization","name":"Karavansay","url":"https:\/\/karavansay.com\/en\/","logo":{"@type":"ImageObject","inLanguage":"en-US","@id":"https:\/\/karavansay.com\/en\/#\/schema\/logo\/image\/","url":"https:\/\/karavansay.com\/wp-content\/uploads\/2022\/04\/logo.webp","contentUrl":"https:\/\/karavansay.com\/wp-content\/uploads\/2022\/04\/logo.webp","width":342,"height":342,"caption":"Karavansay"},"image":{"@id":"https:\/\/karavansay.com\/en\/#\/schema\/logo\/image\/"}}]}},"_links":{"self":[{"href":"https:\/\/karavansay.com\/en\/wp-json\/wp\/v2\/product\/15397","targetHints":{"allow":["GET"]}}],"collection":[{"href":"https:\/\/karavansay.com\/en\/wp-json\/wp\/v2\/product"}],"about":[{"href":"https:\/\/karavansay.com\/en\/wp-json\/wp\/v2\/types\/product"}],"replies":[{"embeddable":true,"href":"https:\/\/karavansay.com\/en\/wp-json\/wp\/v2\/comments?post=15397"}],"wp:featuredmedia":[{"embeddable":true,"href":"https:\/\/karavansay.com\/en\/wp-json\/wp\/v2\/media\/15425"}],"wp:attachment":[{"href":"https:\/\/karavansay.com\/en\/wp-json\/wp\/v2\/media?parent=15397"}],"wp:term":[{"taxonomy":"product_brand","embeddable":true,"href":"https:\/\/karavansay.com\/en\/wp-json\/wp\/v2\/product_brand?post=15397"},{"taxonomy":"product_cat","embeddable":true,"href":"https:\/\/karavansay.com\/en\/wp-json\/wp\/v2\/product_cat?post=15397"},{"taxonomy":"product_tag","embeddable":true,"href":"https:\/\/karavansay.com\/en\/wp-json\/wp\/v2\/product_tag?post=15397"}],"curies":[{"name":"wp","href":"https:\/\/api.w.org\/{rel}","templated":true}]}}