{"id":15392,"date":"2026-04-29T20:56:51","date_gmt":"2026-04-29T20:56:51","guid":{"rendered":"https:\/\/karavansay.com\/?post_type=product&#038;p=15392"},"modified":"2026-05-08T18:57:49","modified_gmt":"2026-05-08T18:57:49","slug":"karavan-pop-chile-limon-docena-x300g","status":"publish","type":"product","link":"https:\/\/karavansay.com\/en\/producto\/karavan-pop-chile-limon-docena-x300g\/","title":{"rendered":"Karavan POP Chile Lim\u00f3n \u2013 Docena x300g"},"content":{"rendered":"<p data-start=\"695\" data-end=\"855\">Lso <strong>Karavan POP Chile Lim\u00f3n<\/strong> (docena) es un snack crocante de ma\u00edz y lenteja. Su proceso de extrusi\u00f3n permite una textura ligera sin fritura.<\/p>\n<p>Est\u00e1 preparado con aceite de oliva, lo que aporta un sabor m\u00e1s suave y natural. El toque de chile y lim\u00f3n crea un perfil c\u00edtrico y ligeramente especiado. Su formato en docena facilita el consumo diario. Es ideal para loncheras, el trabajo o momentos de movimiento. No contiene conservantes, colorantes artificiales, tartrazina ni glutamato monos\u00f3dico. Esto lo convierte en una opci\u00f3n m\u00e1s limpia dentro de los snacks disponibles en el mercado.<\/p>\n<p><a href=\"https:\/\/karavansay.com\/productos\/snacks\/\">Descubre m\u00e1s snacks en nuestra tienda.<\/a><\/p>\n<p>&nbsp;<\/p>\n<p data-start=\"1303\" data-end=\"1389\">\n","protected":false},"excerpt":{"rendered":"<p data-start=\"443\" data-end=\"602\"><strong>Karavan POP Chile Lim\u00f3n<\/strong> es un snack crocante elaborado con ma\u00edz y lenteja. Su proceso de extrusi\u00f3n permite obtener una textura ligera sin necesidad de fritura.<\/p>\n<p data-start=\"604\" data-end=\"757\">Est\u00e1 preparado con aceite de oliva, lo que aporta un sabor m\u00e1s suave y natural. El toque de chile y lim\u00f3n crea un perfil c\u00edtrico y ligeramente especiado.<\/p>\n","protected":false},"featured_media":15427,"comment_status":"open","ping_status":"closed","template":"","meta":{"_acf_changed":false,"content-type":"","inline_featured_image":false,"neve_meta_sidebar":"","neve_meta_container":"","neve_meta_enable_content_width":"off","neve_meta_content_width":100,"neve_meta_title_alignment":"","neve_meta_author_avatar":"","neve_post_elements_order":"","neve_meta_disable_header":"","neve_meta_disable_footer":"","neve_meta_disable_title":""},"product_brand":[],"product_cat":[17],"product_tag":[],"class_list":{"0":"post-15392","1":"product","2":"type-product","3":"status-publish","4":"has-post-thumbnail","6":"product_cat-snacks","8":"first","9":"instock","10":"taxable","11":"shipping-taxable","12":"purchasable","13":"product-type-simple"},"acf":[],"yoast_head":"<!-- This site is optimized with the Yoast SEO plugin v27.6 - https:\/\/yoast.com\/product\/yoast-seo-wordpress\/ -->\n<title>Karavan POP Chile Lim\u00f3n \u2013 Docena x300g - Karavansay \/ Natural and Healthy Foods<\/title>\n<meta name=\"description\" content=\"Disfruta un snack manzana canela crocante y ligero. Karavan POP con ma\u00edz y lenteja, preparado con aceite de oliva. Ideal para cualquier momento.\" \/>\n<meta name=\"robots\" content=\"index, follow, max-snippet:-1, max-image-preview:large, max-video-preview:-1\" \/>\n<link rel=\"canonical\" href=\"https:\/\/karavansay.com\/en\/producto\/karavan-pop-chile-limon-docena-x300g\/\" \/>\n<meta property=\"og:locale\" content=\"en_US\" \/>\n<meta property=\"og:type\" content=\"article\" \/>\n<meta property=\"og:title\" content=\"Karavan POP Chile Lim\u00f3n \u2013 Docena x300g - Karavansay \/ Natural and Healthy Foods\" \/>\n<meta property=\"og:description\" content=\"Disfruta un snack manzana canela crocante y ligero. Karavan POP con ma\u00edz y lenteja, preparado con aceite de oliva. Ideal para cualquier momento.\" \/>\n<meta property=\"og:url\" content=\"https:\/\/karavansay.com\/en\/producto\/karavan-pop-chile-limon-docena-x300g\/\" \/>\n<meta property=\"og:site_name\" content=\"Karavansay \/ Natural and Healthy Foods\" \/>\n<meta property=\"article:modified_time\" content=\"2026-05-08T18:57:49+00:00\" \/>\n<meta property=\"og:image\" content=\"https:\/\/karavansay.com\/wp-content\/uploads\/2026\/04\/karavan-pop-chile-limon-30g-empaque-frontal.jpg\" \/>\n\t<meta property=\"og:image:width\" content=\"2000\" \/>\n\t<meta property=\"og:image:height\" content=\"2000\" \/>\n\t<meta property=\"og:image:type\" content=\"image\/jpeg\" \/>\n<meta name=\"twitter:card\" content=\"summary_large_image\" \/>\n<meta name=\"twitter:label1\" content=\"Est. reading time\" \/>\n\t<meta name=\"twitter:data1\" content=\"1 minute\" \/>\n<script type=\"application\/ld+json\" class=\"yoast-schema-graph\">{\"@context\":\"https:\\\/\\\/schema.org\",\"@graph\":[{\"@type\":\"WebPage\",\"@id\":\"https:\\\/\\\/karavansay.com\\\/en\\\/producto\\\/karavan-pop-chile-limon-docena-x300g\\\/\",\"url\":\"https:\\\/\\\/karavansay.com\\\/en\\\/producto\\\/karavan-pop-chile-limon-docena-x300g\\\/\",\"name\":\"Karavan POP Chile Lim\u00f3n \u2013 Docena x300g - Karavansay \\\/ Natural and Healthy Foods\",\"isPartOf\":{\"@id\":\"https:\\\/\\\/karavansay.com\\\/en\\\/#website\"},\"primaryImageOfPage\":{\"@id\":\"https:\\\/\\\/karavansay.com\\\/en\\\/producto\\\/karavan-pop-chile-limon-docena-x300g\\\/#primaryimage\"},\"image\":{\"@id\":\"https:\\\/\\\/karavansay.com\\\/en\\\/producto\\\/karavan-pop-chile-limon-docena-x300g\\\/#primaryimage\"},\"thumbnailUrl\":\"https:\\\/\\\/karavansay.com\\\/wp-content\\\/uploads\\\/2026\\\/04\\\/karavan-pop-chile-limon-30g-empaque-frontal.jpg\",\"datePublished\":\"2026-04-29T20:56:51+00:00\",\"dateModified\":\"2026-05-08T18:57:49+00:00\",\"description\":\"Disfruta un snack manzana canela crocante y ligero. Karavan POP con ma\u00edz y lenteja, preparado con aceite de oliva. Ideal para cualquier momento.\",\"breadcrumb\":{\"@id\":\"https:\\\/\\\/karavansay.com\\\/en\\\/producto\\\/karavan-pop-chile-limon-docena-x300g\\\/#breadcrumb\"},\"inLanguage\":\"en-US\",\"potentialAction\":[{\"@type\":\"ReadAction\",\"target\":[\"https:\\\/\\\/karavansay.com\\\/en\\\/producto\\\/karavan-pop-chile-limon-docena-x300g\\\/\"]}]},{\"@type\":\"ImageObject\",\"inLanguage\":\"en-US\",\"@id\":\"https:\\\/\\\/karavansay.com\\\/en\\\/producto\\\/karavan-pop-chile-limon-docena-x300g\\\/#primaryimage\",\"url\":\"https:\\\/\\\/karavansay.com\\\/wp-content\\\/uploads\\\/2026\\\/04\\\/karavan-pop-chile-limon-30g-empaque-frontal.jpg\",\"contentUrl\":\"https:\\\/\\\/karavansay.com\\\/wp-content\\\/uploads\\\/2026\\\/04\\\/karavan-pop-chile-limon-30g-empaque-frontal.jpg\",\"width\":2000,\"height\":2000,\"caption\":\"Bolsa de snacks Karavan Pop sabor chile lim\u00f3n de 30 g, empaque verde frontal\"},{\"@type\":\"BreadcrumbList\",\"@id\":\"https:\\\/\\\/karavansay.com\\\/en\\\/producto\\\/karavan-pop-chile-limon-docena-x300g\\\/#breadcrumb\",\"itemListElement\":[{\"@type\":\"ListItem\",\"position\":1,\"name\":\"Portada\",\"item\":\"https:\\\/\\\/karavansay.com\\\/en\\\/\"},{\"@type\":\"ListItem\",\"position\":2,\"name\":\"Tienda\",\"item\":\"https:\\\/\\\/karavansay.com\\\/tienda-karavansay\\\/\"},{\"@type\":\"ListItem\",\"position\":3,\"name\":\"Chile Lim\u00f3n\"}]},{\"@type\":\"WebSite\",\"@id\":\"https:\\\/\\\/karavansay.com\\\/en\\\/#website\",\"url\":\"https:\\\/\\\/karavansay.com\\\/en\\\/\",\"name\":\"Karavansay \\\/ Natural and Healthy Foods\",\"description\":\"Alimentos naturales y libres de gluten\",\"publisher\":{\"@id\":\"https:\\\/\\\/karavansay.com\\\/en\\\/#organization\"},\"potentialAction\":[{\"@type\":\"SearchAction\",\"target\":{\"@type\":\"EntryPoint\",\"urlTemplate\":\"https:\\\/\\\/karavansay.com\\\/en\\\/?s={search_term_string}\"},\"query-input\":{\"@type\":\"PropertyValueSpecification\",\"valueRequired\":true,\"valueName\":\"search_term_string\"}}],\"inLanguage\":\"en-US\"},{\"@type\":\"Organization\",\"@id\":\"https:\\\/\\\/karavansay.com\\\/en\\\/#organization\",\"name\":\"Karavansay\",\"url\":\"https:\\\/\\\/karavansay.com\\\/en\\\/\",\"logo\":{\"@type\":\"ImageObject\",\"inLanguage\":\"en-US\",\"@id\":\"https:\\\/\\\/karavansay.com\\\/en\\\/#\\\/schema\\\/logo\\\/image\\\/\",\"url\":\"https:\\\/\\\/karavansay.com\\\/wp-content\\\/uploads\\\/2022\\\/04\\\/logo.webp\",\"contentUrl\":\"https:\\\/\\\/karavansay.com\\\/wp-content\\\/uploads\\\/2022\\\/04\\\/logo.webp\",\"width\":342,\"height\":342,\"caption\":\"Karavansay\"},\"image\":{\"@id\":\"https:\\\/\\\/karavansay.com\\\/en\\\/#\\\/schema\\\/logo\\\/image\\\/\"}}]}<\/script>\n<!-- \/ Yoast SEO plugin. -->","yoast_head_json":{"title":"Karavan POP Chile Lim\u00f3n \u2013 Docena x300g - Karavansay \/ Natural and Healthy Foods","description":"Disfruta un snack manzana canela crocante y ligero. Karavan POP con ma\u00edz y lenteja, preparado con aceite de oliva. Ideal para cualquier momento.","robots":{"index":"index","follow":"follow","max-snippet":"max-snippet:-1","max-image-preview":"max-image-preview:large","max-video-preview":"max-video-preview:-1"},"canonical":"https:\/\/karavansay.com\/en\/producto\/karavan-pop-chile-limon-docena-x300g\/","og_locale":"en_US","og_type":"article","og_title":"Karavan POP Chile Lim\u00f3n \u2013 Docena x300g - Karavansay \/ Natural and Healthy Foods","og_description":"Disfruta un snack manzana canela crocante y ligero. Karavan POP con ma\u00edz y lenteja, preparado con aceite de oliva. Ideal para cualquier momento.","og_url":"https:\/\/karavansay.com\/en\/producto\/karavan-pop-chile-limon-docena-x300g\/","og_site_name":"Karavansay \/ Natural and Healthy Foods","article_modified_time":"2026-05-08T18:57:49+00:00","og_image":[{"width":2000,"height":2000,"url":"https:\/\/karavansay.com\/wp-content\/uploads\/2026\/04\/karavan-pop-chile-limon-30g-empaque-frontal.jpg","type":"image\/jpeg"}],"twitter_card":"summary_large_image","twitter_misc":{"Est. reading time":"1 minute"},"schema":{"@context":"https:\/\/schema.org","@graph":[{"@type":"WebPage","@id":"https:\/\/karavansay.com\/en\/producto\/karavan-pop-chile-limon-docena-x300g\/","url":"https:\/\/karavansay.com\/en\/producto\/karavan-pop-chile-limon-docena-x300g\/","name":"Karavan POP Chile Lim\u00f3n \u2013 Docena x300g - Karavansay \/ Natural and Healthy Foods","isPartOf":{"@id":"https:\/\/karavansay.com\/en\/#website"},"primaryImageOfPage":{"@id":"https:\/\/karavansay.com\/en\/producto\/karavan-pop-chile-limon-docena-x300g\/#primaryimage"},"image":{"@id":"https:\/\/karavansay.com\/en\/producto\/karavan-pop-chile-limon-docena-x300g\/#primaryimage"},"thumbnailUrl":"https:\/\/karavansay.com\/wp-content\/uploads\/2026\/04\/karavan-pop-chile-limon-30g-empaque-frontal.jpg","datePublished":"2026-04-29T20:56:51+00:00","dateModified":"2026-05-08T18:57:49+00:00","description":"Disfruta un snack manzana canela crocante y ligero. Karavan POP con ma\u00edz y lenteja, preparado con aceite de oliva. Ideal para cualquier momento.","breadcrumb":{"@id":"https:\/\/karavansay.com\/en\/producto\/karavan-pop-chile-limon-docena-x300g\/#breadcrumb"},"inLanguage":"en-US","potentialAction":[{"@type":"ReadAction","target":["https:\/\/karavansay.com\/en\/producto\/karavan-pop-chile-limon-docena-x300g\/"]}]},{"@type":"ImageObject","inLanguage":"en-US","@id":"https:\/\/karavansay.com\/en\/producto\/karavan-pop-chile-limon-docena-x300g\/#primaryimage","url":"https:\/\/karavansay.com\/wp-content\/uploads\/2026\/04\/karavan-pop-chile-limon-30g-empaque-frontal.jpg","contentUrl":"https:\/\/karavansay.com\/wp-content\/uploads\/2026\/04\/karavan-pop-chile-limon-30g-empaque-frontal.jpg","width":2000,"height":2000,"caption":"Bolsa de snacks Karavan Pop sabor chile lim\u00f3n de 30 g, empaque verde frontal"},{"@type":"BreadcrumbList","@id":"https:\/\/karavansay.com\/en\/producto\/karavan-pop-chile-limon-docena-x300g\/#breadcrumb","itemListElement":[{"@type":"ListItem","position":1,"name":"Portada","item":"https:\/\/karavansay.com\/en\/"},{"@type":"ListItem","position":2,"name":"Tienda","item":"https:\/\/karavansay.com\/tienda-karavansay\/"},{"@type":"ListItem","position":3,"name":"Chile Lim\u00f3n"}]},{"@type":"WebSite","@id":"https:\/\/karavansay.com\/en\/#website","url":"https:\/\/karavansay.com\/en\/","name":"Karavansay \/ Natural and Healthy Foods","description":"Alimentos naturales y libres de gluten","publisher":{"@id":"https:\/\/karavansay.com\/en\/#organization"},"potentialAction":[{"@type":"SearchAction","target":{"@type":"EntryPoint","urlTemplate":"https:\/\/karavansay.com\/en\/?s={search_term_string}"},"query-input":{"@type":"PropertyValueSpecification","valueRequired":true,"valueName":"search_term_string"}}],"inLanguage":"en-US"},{"@type":"Organization","@id":"https:\/\/karavansay.com\/en\/#organization","name":"Karavansay","url":"https:\/\/karavansay.com\/en\/","logo":{"@type":"ImageObject","inLanguage":"en-US","@id":"https:\/\/karavansay.com\/en\/#\/schema\/logo\/image\/","url":"https:\/\/karavansay.com\/wp-content\/uploads\/2022\/04\/logo.webp","contentUrl":"https:\/\/karavansay.com\/wp-content\/uploads\/2022\/04\/logo.webp","width":342,"height":342,"caption":"Karavansay"},"image":{"@id":"https:\/\/karavansay.com\/en\/#\/schema\/logo\/image\/"}}]}},"_links":{"self":[{"href":"https:\/\/karavansay.com\/en\/wp-json\/wp\/v2\/product\/15392","targetHints":{"allow":["GET"]}}],"collection":[{"href":"https:\/\/karavansay.com\/en\/wp-json\/wp\/v2\/product"}],"about":[{"href":"https:\/\/karavansay.com\/en\/wp-json\/wp\/v2\/types\/product"}],"replies":[{"embeddable":true,"href":"https:\/\/karavansay.com\/en\/wp-json\/wp\/v2\/comments?post=15392"}],"wp:featuredmedia":[{"embeddable":true,"href":"https:\/\/karavansay.com\/en\/wp-json\/wp\/v2\/media\/15427"}],"wp:attachment":[{"href":"https:\/\/karavansay.com\/en\/wp-json\/wp\/v2\/media?parent=15392"}],"wp:term":[{"taxonomy":"product_brand","embeddable":true,"href":"https:\/\/karavansay.com\/en\/wp-json\/wp\/v2\/product_brand?post=15392"},{"taxonomy":"product_cat","embeddable":true,"href":"https:\/\/karavansay.com\/en\/wp-json\/wp\/v2\/product_cat?post=15392"},{"taxonomy":"product_tag","embeddable":true,"href":"https:\/\/karavansay.com\/en\/wp-json\/wp\/v2\/product_tag?post=15392"}],"curies":[{"name":"wp","href":"https:\/\/api.w.org\/{rel}","templated":true}]}}