{"id":13622,"date":"2025-09-15T21:02:40","date_gmt":"2025-09-15T21:02:40","guid":{"rendered":"https:\/\/karavansay.com\/?post_type=product&#038;p=13622"},"modified":"2026-04-13T17:32:04","modified_gmt":"2026-04-13T17:32:04","slug":"karavan-pop-sabor-chile-limon-x-100g","status":"publish","type":"product","link":"https:\/\/karavansay.com\/en\/producto\/karavan-pop-sabor-chile-limon-x-100g\/","title":{"rendered":"Karavan POP sabor chile lim\u00f3n x 100g"},"content":{"rendered":"<p>Estos snacks de ma\u00edz y lenteja con sabor chile lim\u00f3n representan una alternativa pr\u00e1ctica y vers\u00e1til para quienes buscan disfrutar de un bocado crujiente y bajo en grasas que ha sido preparado con aceite de oliva, logrando una textura aireada que gusta tanto a ni\u00f1os como a adultos por su perfil c\u00edtrico y ligeramente especiado. Gracias a su formato f\u00e1cil de llevar y a su elaboraci\u00f3n sin conservantes ni ingredientes artificiales, es el complemento perfecto para las loncheras, el trabajo o cualquier actividad en movimiento donde se prefiera un producto sencillo, natural y lleno de sabor.<\/p>\n","protected":false},"excerpt":{"rendered":"<p><b data-path-to-node=\"4\" data-index-in-node=\"0\">Los Karavan pop chile lim\u00f3n<\/b> de <b data-path-to-node=\"4\" data-index-in-node=\"31\">Karavansay<\/b> son una l\u00ednea de snacks crocantes elaborados a partir de una mezcla de ma\u00edz y lenteja que destacan por su ligereza y naturalidad, los cuales se preparan mediante un proceso de extrusi\u00f3n que permite obtener una textura crujiente sin necesidad de recurrir a la fritura ni al uso de aceites refinados. Al utilizar aceite de oliva en su preparaci\u00f3n y estar sazonados con el toque vibrante del chile y el lim\u00f3n, estos snacks ofrecen una experiencia de sabor \u00fanica y equilibrada que se siente mucho m\u00e1s ligera en el paladar, convirti\u00e9ndose en la opci\u00f3n ideal para compartir en cualquier momento del d\u00eda gracias a su empaque pr\u00e1ctico y a una composici\u00f3n limpia que prescinde de ingredientes como la tartrazina o el glutamato monos\u00f3dico para mantener la esencia real de sus ingredientes naturales.<\/p>\n","protected":false},"featured_media":14184,"comment_status":"open","ping_status":"closed","template":"","meta":{"_acf_changed":false,"content-type":"","inline_featured_image":false,"neve_meta_sidebar":"","neve_meta_container":"","neve_meta_enable_content_width":"off","neve_meta_content_width":100,"neve_meta_title_alignment":"","neve_meta_author_avatar":"","neve_post_elements_order":"","neve_meta_disable_header":"","neve_meta_disable_footer":"","neve_meta_disable_title":""},"product_brand":[],"product_cat":[17],"product_tag":[],"class_list":{"0":"post-13622","1":"product","2":"type-product","3":"status-publish","4":"has-post-thumbnail","6":"product_cat-snacks","8":"first","9":"instock","10":"taxable","11":"shipping-taxable","12":"purchasable","13":"product-type-simple"},"acf":[],"yoast_head":"<!-- This site is optimized with the Yoast SEO plugin v27.4 - https:\/\/yoast.com\/product\/yoast-seo-wordpress\/ -->\n<title>Karavan POP sabor chile lim\u00f3n x 100g - Karavansay \/ Natural and Healthy Foods<\/title>\n<meta name=\"description\" content=\"Snacks de ma\u00edz y lenteja. Crocantes, sin fre\u00edr, con aceite de oliva. Libres de gluten, sin aditivos ni sellos de advertencia. Sabor chile limon.\" \/>\n<meta name=\"robots\" content=\"index, follow, max-snippet:-1, max-image-preview:large, max-video-preview:-1\" \/>\n<link rel=\"canonical\" href=\"https:\/\/karavansay.com\/en\/producto\/karavan-pop-sabor-chile-limon-x-100g\/\" \/>\n<meta property=\"og:locale\" content=\"en_US\" \/>\n<meta property=\"og:type\" content=\"article\" \/>\n<meta property=\"og:title\" content=\"Karavan POP sabor chile lim\u00f3n x 100g - Karavansay \/ Natural and Healthy Foods\" \/>\n<meta property=\"og:description\" content=\"Snacks de ma\u00edz y lenteja. Crocantes, sin fre\u00edr, con aceite de oliva. Libres de gluten, sin aditivos ni sellos de advertencia. Sabor chile limon.\" \/>\n<meta property=\"og:url\" content=\"https:\/\/karavansay.com\/en\/producto\/karavan-pop-sabor-chile-limon-x-100g\/\" \/>\n<meta property=\"og:site_name\" content=\"Karavansay \/ Natural and Healthy Foods\" \/>\n<meta property=\"article:modified_time\" content=\"2026-04-13T17:32:04+00:00\" \/>\n<meta property=\"og:image\" content=\"https:\/\/karavansay.com\/wp-content\/uploads\/2025\/09\/Karavan-POP-Limon.png\" \/>\n\t<meta property=\"og:image:width\" content=\"1000\" \/>\n\t<meta property=\"og:image:height\" content=\"1000\" \/>\n\t<meta property=\"og:image:type\" content=\"image\/png\" \/>\n<meta name=\"twitter:card\" content=\"summary_large_image\" \/>\n<meta name=\"twitter:label1\" content=\"Est. reading time\" \/>\n\t<meta name=\"twitter:data1\" content=\"1 minute\" \/>\n<script type=\"application\/ld+json\" class=\"yoast-schema-graph\">{\"@context\":\"https:\\\/\\\/schema.org\",\"@graph\":[{\"@type\":\"WebPage\",\"@id\":\"https:\\\/\\\/karavansay.com\\\/en\\\/producto\\\/karavan-pop-sabor-chile-limon-x-100g\\\/\",\"url\":\"https:\\\/\\\/karavansay.com\\\/en\\\/producto\\\/karavan-pop-sabor-chile-limon-x-100g\\\/\",\"name\":\"Karavan POP sabor chile lim\u00f3n x 100g - Karavansay \\\/ Natural and Healthy Foods\",\"isPartOf\":{\"@id\":\"https:\\\/\\\/karavansay.com\\\/en\\\/#website\"},\"primaryImageOfPage\":{\"@id\":\"https:\\\/\\\/karavansay.com\\\/en\\\/producto\\\/karavan-pop-sabor-chile-limon-x-100g\\\/#primaryimage\"},\"image\":{\"@id\":\"https:\\\/\\\/karavansay.com\\\/en\\\/producto\\\/karavan-pop-sabor-chile-limon-x-100g\\\/#primaryimage\"},\"thumbnailUrl\":\"https:\\\/\\\/karavansay.com\\\/wp-content\\\/uploads\\\/2025\\\/09\\\/Karavan-POP-Limon.png\",\"datePublished\":\"2025-09-15T21:02:40+00:00\",\"dateModified\":\"2026-04-13T17:32:04+00:00\",\"description\":\"Snacks de ma\u00edz y lenteja. Crocantes, sin fre\u00edr, con aceite de oliva. Libres de gluten, sin aditivos ni sellos de advertencia. Sabor chile limon.\",\"breadcrumb\":{\"@id\":\"https:\\\/\\\/karavansay.com\\\/en\\\/producto\\\/karavan-pop-sabor-chile-limon-x-100g\\\/#breadcrumb\"},\"inLanguage\":\"en-US\",\"potentialAction\":[{\"@type\":\"ReadAction\",\"target\":[\"https:\\\/\\\/karavansay.com\\\/en\\\/producto\\\/karavan-pop-sabor-chile-limon-x-100g\\\/\"]}]},{\"@type\":\"ImageObject\",\"inLanguage\":\"en-US\",\"@id\":\"https:\\\/\\\/karavansay.com\\\/en\\\/producto\\\/karavan-pop-sabor-chile-limon-x-100g\\\/#primaryimage\",\"url\":\"https:\\\/\\\/karavansay.com\\\/wp-content\\\/uploads\\\/2025\\\/09\\\/Karavan-POP-Limon.png\",\"contentUrl\":\"https:\\\/\\\/karavansay.com\\\/wp-content\\\/uploads\\\/2025\\\/09\\\/Karavan-POP-Limon.png\",\"width\":1000,\"height\":1000},{\"@type\":\"BreadcrumbList\",\"@id\":\"https:\\\/\\\/karavansay.com\\\/en\\\/producto\\\/karavan-pop-sabor-chile-limon-x-100g\\\/#breadcrumb\",\"itemListElement\":[{\"@type\":\"ListItem\",\"position\":1,\"name\":\"Portada\",\"item\":\"https:\\\/\\\/karavansay.com\\\/en\\\/\"},{\"@type\":\"ListItem\",\"position\":2,\"name\":\"Tienda\",\"item\":\"https:\\\/\\\/karavansay.com\\\/tienda-karavansay\\\/\"},{\"@type\":\"ListItem\",\"position\":3,\"name\":\"Karavan POP sabor chile lim\u00f3n x 100g\"}]},{\"@type\":\"WebSite\",\"@id\":\"https:\\\/\\\/karavansay.com\\\/en\\\/#website\",\"url\":\"https:\\\/\\\/karavansay.com\\\/en\\\/\",\"name\":\"Karavansay \\\/ Natural and Healthy Foods\",\"description\":\"Alimentos naturales y libres de gluten\",\"publisher\":{\"@id\":\"https:\\\/\\\/karavansay.com\\\/en\\\/#organization\"},\"potentialAction\":[{\"@type\":\"SearchAction\",\"target\":{\"@type\":\"EntryPoint\",\"urlTemplate\":\"https:\\\/\\\/karavansay.com\\\/en\\\/?s={search_term_string}\"},\"query-input\":{\"@type\":\"PropertyValueSpecification\",\"valueRequired\":true,\"valueName\":\"search_term_string\"}}],\"inLanguage\":\"en-US\"},{\"@type\":\"Organization\",\"@id\":\"https:\\\/\\\/karavansay.com\\\/en\\\/#organization\",\"name\":\"Karavansay\",\"url\":\"https:\\\/\\\/karavansay.com\\\/en\\\/\",\"logo\":{\"@type\":\"ImageObject\",\"inLanguage\":\"en-US\",\"@id\":\"https:\\\/\\\/karavansay.com\\\/en\\\/#\\\/schema\\\/logo\\\/image\\\/\",\"url\":\"https:\\\/\\\/karavansay.com\\\/wp-content\\\/uploads\\\/2022\\\/04\\\/logo.webp\",\"contentUrl\":\"https:\\\/\\\/karavansay.com\\\/wp-content\\\/uploads\\\/2022\\\/04\\\/logo.webp\",\"width\":342,\"height\":342,\"caption\":\"Karavansay\"},\"image\":{\"@id\":\"https:\\\/\\\/karavansay.com\\\/en\\\/#\\\/schema\\\/logo\\\/image\\\/\"}}]}<\/script>\n<!-- \/ Yoast SEO plugin. -->","yoast_head_json":{"title":"Karavan POP sabor chile lim\u00f3n x 100g - Karavansay \/ Natural and Healthy Foods","description":"Snacks de ma\u00edz y lenteja. Crocantes, sin fre\u00edr, con aceite de oliva. Libres de gluten, sin aditivos ni sellos de advertencia. Sabor chile limon.","robots":{"index":"index","follow":"follow","max-snippet":"max-snippet:-1","max-image-preview":"max-image-preview:large","max-video-preview":"max-video-preview:-1"},"canonical":"https:\/\/karavansay.com\/en\/producto\/karavan-pop-sabor-chile-limon-x-100g\/","og_locale":"en_US","og_type":"article","og_title":"Karavan POP sabor chile lim\u00f3n x 100g - Karavansay \/ Natural and Healthy Foods","og_description":"Snacks de ma\u00edz y lenteja. Crocantes, sin fre\u00edr, con aceite de oliva. Libres de gluten, sin aditivos ni sellos de advertencia. Sabor chile limon.","og_url":"https:\/\/karavansay.com\/en\/producto\/karavan-pop-sabor-chile-limon-x-100g\/","og_site_name":"Karavansay \/ Natural and Healthy Foods","article_modified_time":"2026-04-13T17:32:04+00:00","og_image":[{"width":1000,"height":1000,"url":"https:\/\/karavansay.com\/wp-content\/uploads\/2025\/09\/Karavan-POP-Limon.png","type":"image\/png"}],"twitter_card":"summary_large_image","twitter_misc":{"Est. reading time":"1 minute"},"schema":{"@context":"https:\/\/schema.org","@graph":[{"@type":"WebPage","@id":"https:\/\/karavansay.com\/en\/producto\/karavan-pop-sabor-chile-limon-x-100g\/","url":"https:\/\/karavansay.com\/en\/producto\/karavan-pop-sabor-chile-limon-x-100g\/","name":"Karavan POP sabor chile lim\u00f3n x 100g - Karavansay \/ Natural and Healthy Foods","isPartOf":{"@id":"https:\/\/karavansay.com\/en\/#website"},"primaryImageOfPage":{"@id":"https:\/\/karavansay.com\/en\/producto\/karavan-pop-sabor-chile-limon-x-100g\/#primaryimage"},"image":{"@id":"https:\/\/karavansay.com\/en\/producto\/karavan-pop-sabor-chile-limon-x-100g\/#primaryimage"},"thumbnailUrl":"https:\/\/karavansay.com\/wp-content\/uploads\/2025\/09\/Karavan-POP-Limon.png","datePublished":"2025-09-15T21:02:40+00:00","dateModified":"2026-04-13T17:32:04+00:00","description":"Snacks de ma\u00edz y lenteja. Crocantes, sin fre\u00edr, con aceite de oliva. Libres de gluten, sin aditivos ni sellos de advertencia. Sabor chile limon.","breadcrumb":{"@id":"https:\/\/karavansay.com\/en\/producto\/karavan-pop-sabor-chile-limon-x-100g\/#breadcrumb"},"inLanguage":"en-US","potentialAction":[{"@type":"ReadAction","target":["https:\/\/karavansay.com\/en\/producto\/karavan-pop-sabor-chile-limon-x-100g\/"]}]},{"@type":"ImageObject","inLanguage":"en-US","@id":"https:\/\/karavansay.com\/en\/producto\/karavan-pop-sabor-chile-limon-x-100g\/#primaryimage","url":"https:\/\/karavansay.com\/wp-content\/uploads\/2025\/09\/Karavan-POP-Limon.png","contentUrl":"https:\/\/karavansay.com\/wp-content\/uploads\/2025\/09\/Karavan-POP-Limon.png","width":1000,"height":1000},{"@type":"BreadcrumbList","@id":"https:\/\/karavansay.com\/en\/producto\/karavan-pop-sabor-chile-limon-x-100g\/#breadcrumb","itemListElement":[{"@type":"ListItem","position":1,"name":"Portada","item":"https:\/\/karavansay.com\/en\/"},{"@type":"ListItem","position":2,"name":"Tienda","item":"https:\/\/karavansay.com\/tienda-karavansay\/"},{"@type":"ListItem","position":3,"name":"Karavan POP sabor chile lim\u00f3n x 100g"}]},{"@type":"WebSite","@id":"https:\/\/karavansay.com\/en\/#website","url":"https:\/\/karavansay.com\/en\/","name":"Karavansay \/ Natural and Healthy Foods","description":"Alimentos naturales y libres de gluten","publisher":{"@id":"https:\/\/karavansay.com\/en\/#organization"},"potentialAction":[{"@type":"SearchAction","target":{"@type":"EntryPoint","urlTemplate":"https:\/\/karavansay.com\/en\/?s={search_term_string}"},"query-input":{"@type":"PropertyValueSpecification","valueRequired":true,"valueName":"search_term_string"}}],"inLanguage":"en-US"},{"@type":"Organization","@id":"https:\/\/karavansay.com\/en\/#organization","name":"Karavansay","url":"https:\/\/karavansay.com\/en\/","logo":{"@type":"ImageObject","inLanguage":"en-US","@id":"https:\/\/karavansay.com\/en\/#\/schema\/logo\/image\/","url":"https:\/\/karavansay.com\/wp-content\/uploads\/2022\/04\/logo.webp","contentUrl":"https:\/\/karavansay.com\/wp-content\/uploads\/2022\/04\/logo.webp","width":342,"height":342,"caption":"Karavansay"},"image":{"@id":"https:\/\/karavansay.com\/en\/#\/schema\/logo\/image\/"}}]}},"_links":{"self":[{"href":"https:\/\/karavansay.com\/en\/wp-json\/wp\/v2\/product\/13622","targetHints":{"allow":["GET"]}}],"collection":[{"href":"https:\/\/karavansay.com\/en\/wp-json\/wp\/v2\/product"}],"about":[{"href":"https:\/\/karavansay.com\/en\/wp-json\/wp\/v2\/types\/product"}],"replies":[{"embeddable":true,"href":"https:\/\/karavansay.com\/en\/wp-json\/wp\/v2\/comments?post=13622"}],"wp:featuredmedia":[{"embeddable":true,"href":"https:\/\/karavansay.com\/en\/wp-json\/wp\/v2\/media\/14184"}],"wp:attachment":[{"href":"https:\/\/karavansay.com\/en\/wp-json\/wp\/v2\/media?parent=13622"}],"wp:term":[{"taxonomy":"product_brand","embeddable":true,"href":"https:\/\/karavansay.com\/en\/wp-json\/wp\/v2\/product_brand?post=13622"},{"taxonomy":"product_cat","embeddable":true,"href":"https:\/\/karavansay.com\/en\/wp-json\/wp\/v2\/product_cat?post=13622"},{"taxonomy":"product_tag","embeddable":true,"href":"https:\/\/karavansay.com\/en\/wp-json\/wp\/v2\/product_tag?post=13622"}],"curies":[{"name":"wp","href":"https:\/\/api.w.org\/{rel}","templated":true}]}}